

{"id":76687,"date":"2025-06-17T12:39:39","date_gmt":"2025-06-17T10:39:39","guid":{"rendered":"https:\/\/www.mpfiltri.com\/product\/produkt\/"},"modified":"2026-04-01T16:23:28","modified_gmt":"2026-04-01T14:23:28","slug":"lva-lvu","status":"publish","type":"product","link":"https:\/\/www.mpfiltri.com\/de\/produkt\/lva-lvu\/","title":{"rendered":"LVA &#8211; LVU"},"content":{"rendered":"<p>Die <strong>Baureihen LVA und LVU<\/strong> sind <strong>optische F\u00fcllstandsanzeigen<\/strong> in vertikaler Form zur \u00dcberwachung des F\u00fcllstands im Tank. Die Fl\u00fcssigkeit gelangt durch die untere Anschlussverschraubung in die F\u00fcllstandsanzeige und ist durch das transparente Fenster gut sichtbar. LVA und LVU werden direkt an der Tankseite angebracht. Allgemeine Anwendungsbereiche sind mobile Maschinen und Industrieanlagen.<\/p>\n<p><strong>LVA:<\/strong> Eine wei\u00dfe Hintergrundplatte, eine orangefarbene Linie f\u00fcr den Mindeststand und eine blaue Linie f\u00fcr den H\u00f6chststand erm\u00f6glichen eine einfache \u00dcberwachung des F\u00fcllstands. Die LVA sind in drei Baugr\u00f6\u00dfen mit einer L\u00e4nge bis zu 254 mm erh\u00e4ltlich.<\/p>\n<p>\u2022 Betriebsdruck max. 1 bar bei +80 \u00b0C<\/p>\n<p>\u2022 Temperatur: -25 \u00b0C bis +80 \u00b0C<\/p>\n<p>\u2022 Mehrere Au\u00dfengewindeanschl\u00fcsse, mit oder ohne Muttern<\/p>\n<p>\u2022 Drei verschiedene Gr\u00f6\u00dfen, passend f\u00fcr jede Tankgr\u00f6\u00dfe<\/p>\n<p>\u2022 Thermometer zur \u00dcberpr\u00fcfung der Temperatur der Fl\u00fcssigkeit<\/p>\n<p><strong>LVU:<\/strong> Eine Hintergrundplatte, ein roter Schwimmer sowie die einstellbaren Mindest- und H\u00f6chststandanzeiger erm\u00f6glichen eine einfache \u00dcberpr\u00fcfung des F\u00fcllstands. Sie sind in verschiedenen Lochabst\u00e4nden und einer L\u00e4nge von bis zu 2000 mm erh\u00e4ltlich.<\/p>\n<p>\u2022 G 3\/8\u201d-Au\u00dfengewindeanschl\u00fcsse<\/p>\n<p>\u2022 Temperatur: -25 \u00b0C bis +70 \u00b0C<\/p>\n<p>\u2022 Auf Anfrage einstellbare Gr\u00f6\u00dfe<\/p>\n<p>\u2022 Ablassventil zum Ablassen des \u00d6ls f\u00fcr Wartungsarbeiten<\/p>\n<p>\u2022 Glasscheibe und \u201eU\u201d-Schutz f\u00fcr den Einsatz unter schweren Bedingungen<\/p>\n","protected":false},"excerpt":{"rendered":"<p>Die Baureihen LVA und LVU sind optische F\u00fcllstandsanzeigen in vertikaler Form zur \u00dcberwachung des F\u00fcllstands im Tank. Die Fl\u00fcssigkeit gelangt durch die untere Anschlussverschraubung in die F\u00fcllstandsanzeige und ist durch das transparente Fenster gut sichtbar. LVA und LVU werden direkt an der Tankseite angebracht. Allgemeine Anwendungsbereiche sind mobile Maschinen und Industrieanlagen. LVA: Eine wei\u00dfe Hintergrundplatte, [&hellip;]<\/p>\n","protected":false},"featured_media":0,"comment_status":"open","ping_status":"closed","template":"","meta":{"_acf_changed":false,"_gspb_post_css":"","inline_featured_image":false,"_genesis_hide_title":false,"_genesis_hide_breadcrumbs":false,"_genesis_hide_singular_image":false,"_genesis_hide_footer_widgets":false,"_genesis_custom_body_class":"","_genesis_custom_post_class":"","_genesis_layout":"","_links_to":"","_links_to_target":""},"product-structure":[62],"product_brand":[],"product_cat":[13189,13126,13161,13196],"product_tag":[],"class_list":{"0":"post-76687","1":"product","2":"type-product","3":"status-publish","5":"product-structure-series","6":"product_cat-anwendungen","7":"product_cat-baumaschinen","8":"product_cat-land-und-forstmaschinen","9":"product_cat-mobile-anwendungen","10":"entry","12":"first","13":"instock","14":"shipping-taxable","15":"product-type-simple"},"acf":[],"yoast_head":"<!-- This site is optimized with the Yoast SEO plugin v27.2 - https:\/\/yoast.com\/product\/yoast-seo-wordpress\/ -->\n<title>LVA - LVU - MP Filtri<\/title>\n<meta name=\"robots\" content=\"index, follow, max-snippet:-1, max-image-preview:large, max-video-preview:-1\" \/>\n<link rel=\"canonical\" href=\"https:\/\/www.mpfiltri.com\/de\/produkt\/lva-lvu\/\" \/>\n<meta property=\"og:locale\" content=\"de_DE\" \/>\n<meta property=\"og:type\" content=\"article\" \/>\n<meta property=\"og:title\" content=\"LVA - LVU - MP Filtri\" \/>\n<meta property=\"og:description\" content=\"Die Baureihen LVA und LVU sind optische F\u00fcllstandsanzeigen in vertikaler Form zur \u00dcberwachung des F\u00fcllstands im Tank. Die Fl\u00fcssigkeit gelangt durch die untere Anschlussverschraubung in die F\u00fcllstandsanzeige und ist durch das transparente Fenster gut sichtbar. LVA und LVU werden direkt an der Tankseite angebracht. Allgemeine Anwendungsbereiche sind mobile Maschinen und Industrieanlagen. LVA: Eine wei\u00dfe Hintergrundplatte, [&hellip;]\" \/>\n<meta property=\"og:url\" content=\"https:\/\/www.mpfiltri.com\/de\/produkt\/lva-lvu\/\" \/>\n<meta property=\"og:site_name\" content=\"MP Filtri\" \/>\n<meta property=\"article:publisher\" content=\"https:\/\/www.facebook.com\/MPFiltriITA\" \/>\n<meta property=\"article:modified_time\" content=\"2026-04-01T14:23:28+00:00\" \/>\n<meta name=\"twitter:card\" content=\"summary_large_image\" \/>\n<meta name=\"twitter:label1\" content=\"Gesch\u00e4tzte Lesezeit\" \/>\n\t<meta name=\"twitter:data1\" content=\"1\u00a0Minute\" \/>\n<script type=\"application\/ld+json\" class=\"yoast-schema-graph\">{\"@context\":\"https:\/\/schema.org\",\"@graph\":[{\"@type\":\"WebPage\",\"@id\":\"https:\/\/www.mpfiltri.com\/de\/produkt\/lva-lvu\/\",\"url\":\"https:\/\/www.mpfiltri.com\/de\/produkt\/lva-lvu\/\",\"name\":\"LVA - LVU - MP Filtri\",\"isPartOf\":{\"@id\":\"https:\/\/www.mpfiltri.com\/de\/#website\"},\"datePublished\":\"2025-06-17T10:39:39+00:00\",\"dateModified\":\"2026-04-01T14:23:28+00:00\",\"breadcrumb\":{\"@id\":\"https:\/\/www.mpfiltri.com\/de\/produkt\/lva-lvu\/#breadcrumb\"},\"inLanguage\":\"de\",\"potentialAction\":[{\"@type\":\"ReadAction\",\"target\":[\"https:\/\/www.mpfiltri.com\/de\/produkt\/lva-lvu\/\"]}]},{\"@type\":\"BreadcrumbList\",\"@id\":\"https:\/\/www.mpfiltri.com\/de\/produkt\/lva-lvu\/#breadcrumb\",\"itemListElement\":[{\"@type\":\"ListItem\",\"position\":1,\"name\":\"Home\",\"item\":\"https:\/\/www.mpfiltri.com\/de\/\"},{\"@type\":\"ListItem\",\"position\":2,\"name\":\"Produkte\",\"item\":\"https:\/\/www.mpfiltri.com\/de\/shop\/\"},{\"@type\":\"ListItem\",\"position\":3,\"name\":\"LVA &#8211; LVU\"}]},{\"@type\":\"WebSite\",\"@id\":\"https:\/\/www.mpfiltri.com\/de\/#website\",\"url\":\"https:\/\/www.mpfiltri.com\/de\/\",\"name\":\"MP Filtri\",\"description\":\"\",\"publisher\":{\"@id\":\"https:\/\/www.mpfiltri.com\/de\/#organization\"},\"potentialAction\":[{\"@type\":\"SearchAction\",\"target\":{\"@type\":\"EntryPoint\",\"urlTemplate\":\"https:\/\/www.mpfiltri.com\/de\/?s={search_term_string}\"},\"query-input\":{\"@type\":\"PropertyValueSpecification\",\"valueRequired\":true,\"valueName\":\"search_term_string\"}}],\"inLanguage\":\"de\"},{\"@type\":\"Organization\",\"@id\":\"https:\/\/www.mpfiltri.com\/de\/#organization\",\"name\":\"MP Filtri\",\"url\":\"https:\/\/www.mpfiltri.com\/de\/\",\"logo\":{\"@type\":\"ImageObject\",\"inLanguage\":\"de\",\"@id\":\"https:\/\/www.mpfiltri.com\/de\/#\/schema\/logo\/image\/\",\"url\":\"\",\"contentUrl\":\"\",\"caption\":\"MP Filtri\"},\"image\":{\"@id\":\"https:\/\/www.mpfiltri.com\/de\/#\/schema\/logo\/image\/\"},\"sameAs\":[\"https:\/\/www.facebook.com\/MPFiltriITA\",\"https:\/\/www.instagram.com\/mpfiltri\/\",\"https:\/\/www.youtube.com\/channel\/UCCzNMySYc1c4M-2B4v0K_QA?view_as=subscriber\",\"https:\/\/www.linkedin.com\/company\/mp-filtri-spa\/\"]}]}<\/script>\n<!-- \/ Yoast SEO plugin. -->","yoast_head_json":{"title":"LVA - LVU - MP Filtri","robots":{"index":"index","follow":"follow","max-snippet":"max-snippet:-1","max-image-preview":"max-image-preview:large","max-video-preview":"max-video-preview:-1"},"canonical":"https:\/\/www.mpfiltri.com\/de\/produkt\/lva-lvu\/","og_locale":"de_DE","og_type":"article","og_title":"LVA - LVU - MP Filtri","og_description":"Die Baureihen LVA und LVU sind optische F\u00fcllstandsanzeigen in vertikaler Form zur \u00dcberwachung des F\u00fcllstands im Tank. Die Fl\u00fcssigkeit gelangt durch die untere Anschlussverschraubung in die F\u00fcllstandsanzeige und ist durch das transparente Fenster gut sichtbar. LVA und LVU werden direkt an der Tankseite angebracht. Allgemeine Anwendungsbereiche sind mobile Maschinen und Industrieanlagen. LVA: Eine wei\u00dfe Hintergrundplatte, [&hellip;]","og_url":"https:\/\/www.mpfiltri.com\/de\/produkt\/lva-lvu\/","og_site_name":"MP Filtri","article_publisher":"https:\/\/www.facebook.com\/MPFiltriITA","article_modified_time":"2026-04-01T14:23:28+00:00","twitter_card":"summary_large_image","twitter_misc":{"Gesch\u00e4tzte Lesezeit":"1\u00a0Minute"},"schema":{"@context":"https:\/\/schema.org","@graph":[{"@type":"WebPage","@id":"https:\/\/www.mpfiltri.com\/de\/produkt\/lva-lvu\/","url":"https:\/\/www.mpfiltri.com\/de\/produkt\/lva-lvu\/","name":"LVA - LVU - MP Filtri","isPartOf":{"@id":"https:\/\/www.mpfiltri.com\/de\/#website"},"datePublished":"2025-06-17T10:39:39+00:00","dateModified":"2026-04-01T14:23:28+00:00","breadcrumb":{"@id":"https:\/\/www.mpfiltri.com\/de\/produkt\/lva-lvu\/#breadcrumb"},"inLanguage":"de","potentialAction":[{"@type":"ReadAction","target":["https:\/\/www.mpfiltri.com\/de\/produkt\/lva-lvu\/"]}]},{"@type":"BreadcrumbList","@id":"https:\/\/www.mpfiltri.com\/de\/produkt\/lva-lvu\/#breadcrumb","itemListElement":[{"@type":"ListItem","position":1,"name":"Home","item":"https:\/\/www.mpfiltri.com\/de\/"},{"@type":"ListItem","position":2,"name":"Produkte","item":"https:\/\/www.mpfiltri.com\/de\/shop\/"},{"@type":"ListItem","position":3,"name":"LVA &#8211; LVU"}]},{"@type":"WebSite","@id":"https:\/\/www.mpfiltri.com\/de\/#website","url":"https:\/\/www.mpfiltri.com\/de\/","name":"MP Filtri","description":"","publisher":{"@id":"https:\/\/www.mpfiltri.com\/de\/#organization"},"potentialAction":[{"@type":"SearchAction","target":{"@type":"EntryPoint","urlTemplate":"https:\/\/www.mpfiltri.com\/de\/?s={search_term_string}"},"query-input":{"@type":"PropertyValueSpecification","valueRequired":true,"valueName":"search_term_string"}}],"inLanguage":"de"},{"@type":"Organization","@id":"https:\/\/www.mpfiltri.com\/de\/#organization","name":"MP Filtri","url":"https:\/\/www.mpfiltri.com\/de\/","logo":{"@type":"ImageObject","inLanguage":"de","@id":"https:\/\/www.mpfiltri.com\/de\/#\/schema\/logo\/image\/","url":"","contentUrl":"","caption":"MP Filtri"},"image":{"@id":"https:\/\/www.mpfiltri.com\/de\/#\/schema\/logo\/image\/"},"sameAs":["https:\/\/www.facebook.com\/MPFiltriITA","https:\/\/www.instagram.com\/mpfiltri\/","https:\/\/www.youtube.com\/channel\/UCCzNMySYc1c4M-2B4v0K_QA?view_as=subscriber","https:\/\/www.linkedin.com\/company\/mp-filtri-spa\/"]}]}},"_links":{"self":[{"href":"https:\/\/www.mpfiltri.com\/de\/wp-json\/wp\/v2\/product\/76687","targetHints":{"allow":["GET"]}}],"collection":[{"href":"https:\/\/www.mpfiltri.com\/de\/wp-json\/wp\/v2\/product"}],"about":[{"href":"https:\/\/www.mpfiltri.com\/de\/wp-json\/wp\/v2\/types\/product"}],"replies":[{"embeddable":true,"href":"https:\/\/www.mpfiltri.com\/de\/wp-json\/wp\/v2\/comments?post=76687"}],"wp:attachment":[{"href":"https:\/\/www.mpfiltri.com\/de\/wp-json\/wp\/v2\/media?parent=76687"}],"wp:term":[{"taxonomy":"product-structure","embeddable":true,"href":"https:\/\/www.mpfiltri.com\/de\/wp-json\/wp\/v2\/product-structure?post=76687"},{"taxonomy":"product_brand","embeddable":true,"href":"https:\/\/www.mpfiltri.com\/de\/wp-json\/wp\/v2\/product_brand?post=76687"},{"taxonomy":"product_cat","embeddable":true,"href":"https:\/\/www.mpfiltri.com\/de\/wp-json\/wp\/v2\/product_cat?post=76687"},{"taxonomy":"product_tag","embeddable":true,"href":"https:\/\/www.mpfiltri.com\/de\/wp-json\/wp\/v2\/product_tag?post=76687"}],"curies":[{"name":"wp","href":"https:\/\/api.w.org\/{rel}","templated":true}]}}