

{"id":76684,"date":"2025-10-20T12:56:29","date_gmt":"2025-10-20T10:56:29","guid":{"rendered":"https:\/\/www.mpfiltri.com\/product\/produkt\/"},"modified":"2026-04-01T16:45:53","modified_gmt":"2026-04-01T14:45:53","slug":"differenzdruckanzeigen","status":"publish","type":"product","link":"https:\/\/www.mpfiltri.com\/de\/produkt\/differenzdruckanzeigen\/","title":{"rendered":"DIFFERENZDRUCKANZEIGEN"},"content":{"rendered":"<p><strong>Anzeigeprinzip der Verschmutzung<\/strong><\/p>\n<p>Die Verschmutzungsanzeige ist mit dem Einlass und der Auslass-Seite des Filters verbunden. Angezeigt wird der Differenzdruck aus Einlassdruck und Auslassdruck.<\/p>\n<p>Differenzdruckanzeigen sind mit dem Buchstaben \u201eD\u201d gekennzeichnet.<\/p>\n<p><strong>Baureihen<\/strong><\/p>\n<p>\u2022 Wartungsanzeigen Typ DV: optisch-mechanisch<\/p>\n<p>\u2022 Wartungsanzeige Typ DE: elektrisch mit Wechselschalter<\/p>\n<p>\u2022 Wartungsanzeige Typ DLE: optisch-elektrisch mit LED-Anzeige oder optisch-mechanisch\/elektrisch<\/p>\n<p>\u2022 Wartungsanzeige Typ DTA: elektronisch, Druckmessumformer<\/p>\n<p><strong>Differenzdruckanzeigen optisch-mechanisch: DVA\/DVM<\/strong><\/p>\n<p>Die Verschmutzung des Filterelementes wird mittels eines roten Ringes bzw. Stifts bei Erreichen des Differenzdrucks angezeigt. Dieser Anzeigentyp ist sowohl mit automatischer (DVA) als auch mit manueller R\u00fcckstellung (DVM) erh\u00e4ltlich.<\/p>\n<p><strong>DVA:<\/strong> Farbiger Ring mit automatischer R\u00fcckstellung<\/p>\n<p><strong>DVM:<\/strong> Farbiger Stift mit manueller R\u00fcckstellung<\/p>\n<p>\u2022 Anschlussgewinde: R1\/2&#8243; gem\u00e4\u00df EN 10226<\/p>\n<p>\u2022 Betriebsdruck max.: 420 bar<\/p>\n<p>\u2022 Pr\u00fcfdruck: 630 bar<\/p>\n<p>\u2022 Berstdruck: 1260 bar<\/p>\n<p>\u2022 Betriebstemperatur: -25 \u00b0C bis +110 \u00b0C<\/p>\n<p>\u2022 DVA &#8211; Schl\u00fcsselweite: S\/W 28; DVM &#8211; Schl\u00fcsselweite: S\/W 30<\/p>\n<p>\u2022 Anzugsdrehmoment: max. 65 Nm<\/p>\n<p>\u2022 Geeignet f\u00fcr: Mineral\u00f6le, synthetische Fl\u00fcssigkeiten HFA, HFB, HFC gem\u00e4\u00df ISO 2943<\/p>\n<p>\u2022 Schutzart nach IP-Klassen: IP65 gem\u00e4\u00df EN 60529<\/p>\n<p><strong>Differenzdruckanzeigen elektrisch: DEA\/DEM<\/strong><\/p>\n<p>Bei der DE-Baureihe handelt es sich um eine Differenzdruckanzeige mit Wechselschalterfunktion. Der Grundk\u00f6rper der DEA-Baureihe findet auch in der DLA-Baureihe mit optisch-elektrischer Anzeige Verwendung. Die DEM-Baureihe verf\u00fcgt optional \u00fcber einen internen Thermoschalter, so dass der Schaltausgang erst bei Betriebstemperatur des Fluide gesetzt werden kann.<\/p>\n<p><strong>DEA:<\/strong> Wechselschalter mit vierpoligem Anschluss-Stecker<\/p>\n<p>\u2022 Anschlussgewinde: R1\/2&#8243; gem\u00e4\u00df EN 10226<\/p>\n<p>\u2022 Betriebsdruck max.: 420 bar<\/p>\n<p>\u2022 Pr\u00fcfdruck: 630 bar<\/p>\n<p>\u2022 Berstdruck: 1260 bar<\/p>\n<p>\u2022 Betriebstemperatur: -25 \u00b0C bis +110 \u00b0C<\/p>\n<p>\u2022 Schl\u00fcsselweite: S\/W 30<\/p>\n<p>\u2022 Anzugsdrehmoment: max. 65 Nm<\/p>\n<p>\u2022 Geeignet f\u00fcr: Mineral\u00f6le, synthetische Fl\u00fcssigkeiten HFA, HFB, HFC gem\u00e4\u00df ISO 2943<\/p>\n<p>\u2022 Schutzart nach IP-Klassen: IP66 gem\u00e4\u00df EN 60529; IP69K gem\u00e4\u00df ISO 20653<\/p>\n<p><strong>DEM:<\/strong> Schalter, Schlie\u00dfkontakt mit verschiedenen Anschl\u00fcssen f\u00fcr Mobilelektrik; Option Kaltstartunterdr\u00fcckung<\/p>\n<p>\u2022 Betriebsdruck max.: 40 bar<\/p>\n<p>\u2022 Pr\u00fcfdruck: 630 bar<\/p>\n<p>\u2022 Berstdruck: 1260 bar<\/p>\n<p>\u2022 Betriebstemperatur: -25 \u00b0C bis +110 \u00b0C<\/p>\n<p>\u2022 Geeignet f\u00fcr: Mineral\u00f6le, synthetische Fl\u00fcssigkeiten HFA, HFB, HFC gem\u00e4\u00df ISO 2943<\/p>\n<p>\u2022 Schutzart nach IP-Klassen: IP66 gem\u00e4\u00df EN 60529<\/p>\n<p>\u2022 Temperaturbypass: Kaltstartunterdr\u00fcckung bis 30 \u00b0C<\/p>\n<p><strong>Differenzdruckanzeigen optisch-elektrisch: DLA<\/strong><\/p>\n<p>Die DLA-Baureihe, ausgestattet mit dem Grundk\u00f6rper der DEA-Baureihe, ist eine optisch-elektrische Verschmutzungsanzeige, die den Zustand des Filterelements mittels einer LED-Leuchte im Anschluss-Stecker anzeigt.<\/p>\n<p><strong>DLA: <\/strong>Wechselschalter mit LED-Anzeige im Anschluss-Stecker<\/p>\n<p>\u2022 Anschlussgewinde: R1\/2&#8243; gem\u00e4\u00df EN 10226<\/p>\n<p>\u2022 Betriebsdruck max.: 420 bar<\/p>\n<p>\u2022 Pr\u00fcfdruck: 630 bar<\/p>\n<p>\u2022 Berstdruck: 1260 bar<\/p>\n<p>\u2022 Betriebstemperatur: -25 \u00b0C bis +110 \u00b0C<\/p>\n<p>\u2022 Schl\u00fcsselweite: S\/W 30<\/p>\n<p>\u2022 Anzugsdrehmoment: max. 65 Nm<\/p>\n<p>\u2022 Geeignet f\u00fcr: Mineral\u00f6le, synthetische Fl\u00fcssigkeiten HFA, HFB, HFC gem\u00e4\u00df ISO 2943<\/p>\n<p>\u2022 Schutzart nach IP-Klassen: IP66 gem\u00e4\u00df EN 60529, IP69K gem\u00e4\u00df ISO 20653<\/p>\n<p>\u2022 Elektrischer Anschluss: DLA*51, DLA*52: Vierpoliger Ventilsteckverbinder; DLA*71: Rundstecker M12<\/p>\n<p><strong>Differenzdruckanzeigen optisch-mechanisch \/ elektrisch: DLE*A \/ DLE*F<\/strong><\/p>\n<p>Die DLE-Baureihe ist wie die DLA-Baureihe eine optisch-elektrische Verschmutzungsanzeige. Die optische Anzeige wird mechanisch \u00fcber ein Rot-\/Gr\u00fcnfeld angezeigt, das bei Erreichen des Differenzdrucks zus\u00e4tzlich zur Schaltfunktion den jeweiligen Zustand signalisiert.<\/p>\n<p><strong>DLE*A:<\/strong> Wechselschalter mit optisch-mechanischer Anzeige, zus\u00e4tzlich mit Hochleistungsschaltkontakt<\/p>\n<p>\u2022 Anschlussgewinde: R1\/2&#8243; gem\u00e4\u00df EN 10226<\/p>\n<p>\u2022 Betriebsdruck max.: 420 bar<\/p>\n<p>\u2022 Pr\u00fcfdruck: 630 bar<\/p>\n<p>\u2022 Berstdruck: 1260 bar<\/p>\n<p>\u2022 Betriebstemperatur: -25 \u00b0C bis +110 \u00b0C<\/p>\n<p>\u2022 Schl\u00fcsselweite: S\/W 32<\/p>\n<p>\u2022 Anzugsdrehmoment: max. 95 Nm<\/p>\n<p>\u2022 Geeignet f\u00fcr: Mineral\u00f6le, synthetische Fl\u00fcssigkeiten HFA, HFB, HFC gem\u00e4\u00df ISO 2943<\/p>\n<p>\u2022 Schutzart nach IP-Klassen: IP65 gem\u00e4\u00df EN 60529<\/p>\n<p>\u2022 Elektrischer Anschluss: Vierpoliger Ventilsteckverbinder<\/p>\n<p><strong>DLE*F:<\/strong> Wechselschalter mit optisch-mechanischer Anzeige und Kaltstartunterdr\u00fcckung<\/p>\n<p>\u2022 Anschlussgewinde: R1\/2&#8243; gem\u00e4\u00df EN 10226<\/p>\n<p>\u2022 Betriebsdruck max.: 420 bar<\/p>\n<p>\u2022 Pr\u00fcfdruck: 630 bar<\/p>\n<p>\u2022 Berstdruck: 1260 bar<\/p>\n<p>\u2022 Betriebstemperatur: -25 \u00b0C bis +110 \u00b0C<\/p>\n<p>\u2022 Schl\u00fcsselweite: S\/W 32<\/p>\n<p>\u2022 Anzugsdrehmoment: max. 95 Nm<\/p>\n<p>\u2022 Geeignet f\u00fcr: Mineral\u00f6le, synthetische Fl\u00fcssigkeiten HFA, HFB, HFC gem\u00e4\u00df ISO 2943<\/p>\n<p>\u2022 Schutzart nach IP-Klassen: IP65 gem\u00e4\u00df EN 60529<\/p>\n<p>\u2022 Elektrischer Anschluss: Vierpoliger Ventilsteckverbinder<\/p>\n<p>Temperaturbypass: Kaltstartunterdr\u00fcckung bis 30 \u00b0C<\/p>\n<p><strong>Differenzdruckanzeigen analog-elektronisch: DTA 70<\/strong><\/p>\n<p>Der DTA ist ein analog-elektronischer Druckmessumformer, lieferbar f\u00fcr mehrere Messbereiche passend zur Bauart des Filters. Statt eines einzelnen Schaltpunkts wird ein 4-20mA Analogsignal bis zum Erreichen des zul\u00e4ssigen Differenzdrucks des verschmutzten Elements erzeugt. Zus\u00e4tzlich verf\u00fcgt der DTA \u00fcber zwei Schaltpunkte, die bei Erreichen von 75 % und 100 % des Anzeigebereichs ansprechen<\/p>\n<p><strong>DTA 70:<\/strong> Analog-elektronischer Druckmessumformer 4-20mA mit zwei zus\u00e4tzlichen Schaltpunkten<\/p>\n<p>\u2022 Anschlussgewinde: R1\/2&#8243; gem\u00e4\u00df EN 10226<\/p>\n<p>\u2022 Betriebsdruck max.: 420 bar<\/p>\n<p>\u2022 Pr\u00fcfdruck: 630 bar<\/p>\n<p>\u2022 Berstdruck: 1260 bar<\/p>\n<p>\u2022 Betriebstemperatur: -25 \u00b0C bis +110 \u00b0C<\/p>\n<p>\u2022 Schl\u00fcsselweite: S\/W 30<\/p>\n<p>\u2022 Anzugsdrehmoment: max. 50 Nm<\/p>\n<p>\u2022 Geeignet f\u00fcr: Mineral\u00f6le, synthetische Fl\u00fcssigkeiten HFA, HFB, HFC gem\u00e4\u00df ISO 2943<\/p>\n<p>\u2022 Schutzart nach IP-Klassen: IP67 gem\u00e4\u00df EN 60529<\/p>\n<p>\u2022 Elektrischer Anschluss: Rundstecker M12<\/p>\n<p>\u2022 Temperaturbypass: 30 \u00b0C (Signalunterdr\u00fcckung bis +30 \u00b0C)<\/p>\n","protected":false},"excerpt":{"rendered":"<p>Anzeigeprinzip der Verschmutzung Die Verschmutzungsanzeige ist mit dem Einlass und der Auslass-Seite des Filters verbunden. Angezeigt wird der Differenzdruck aus Einlassdruck und Auslassdruck. Differenzdruckanzeigen sind mit dem Buchstaben \u201eD\u201d gekennzeichnet. Baureihen \u2022 Wartungsanzeigen Typ DV: optisch-mechanisch \u2022 Wartungsanzeige Typ DE: elektrisch mit Wechselschalter \u2022 Wartungsanzeige Typ DLE: optisch-elektrisch mit LED-Anzeige oder optisch-mechanisch\/elektrisch \u2022 Wartungsanzeige Typ [&hellip;]<\/p>\n","protected":false},"featured_media":0,"comment_status":"open","ping_status":"closed","template":"","meta":{"_acf_changed":false,"_gspb_post_css":"","inline_featured_image":false,"_genesis_hide_title":false,"_genesis_hide_breadcrumbs":false,"_genesis_hide_singular_image":false,"_genesis_hide_footer_widgets":false,"_genesis_custom_body_class":"","_genesis_custom_post_class":"","_genesis_layout":"","_links_to":"","_links_to_target":""},"product-structure":[62],"product_brand":[],"product_cat":[],"product_tag":[],"class_list":{"0":"post-76684","1":"product","2":"type-product","3":"status-publish","5":"product-structure-series","6":"entry","8":"first","9":"instock","10":"shipping-taxable","11":"product-type-simple"},"acf":[],"yoast_head":"<!-- This site is optimized with the Yoast SEO plugin v27.2 - https:\/\/yoast.com\/product\/yoast-seo-wordpress\/ -->\n<title>DIFFERENZDRUCKANZEIGEN - MP Filtri<\/title>\n<meta name=\"robots\" content=\"index, follow, max-snippet:-1, max-image-preview:large, max-video-preview:-1\" \/>\n<link rel=\"canonical\" href=\"https:\/\/www.mpfiltri.com\/de\/produkt\/differenzdruckanzeigen\/\" \/>\n<meta property=\"og:locale\" content=\"de_DE\" \/>\n<meta property=\"og:type\" content=\"article\" \/>\n<meta property=\"og:title\" content=\"DIFFERENZDRUCKANZEIGEN - MP Filtri\" \/>\n<meta property=\"og:description\" content=\"Anzeigeprinzip der Verschmutzung Die Verschmutzungsanzeige ist mit dem Einlass und der Auslass-Seite des Filters verbunden. Angezeigt wird der Differenzdruck aus Einlassdruck und Auslassdruck. Differenzdruckanzeigen sind mit dem Buchstaben \u201eD\u201d gekennzeichnet. Baureihen \u2022 Wartungsanzeigen Typ DV: optisch-mechanisch \u2022 Wartungsanzeige Typ DE: elektrisch mit Wechselschalter \u2022 Wartungsanzeige Typ DLE: optisch-elektrisch mit LED-Anzeige oder optisch-mechanisch\/elektrisch \u2022 Wartungsanzeige Typ [&hellip;]\" \/>\n<meta property=\"og:url\" content=\"https:\/\/www.mpfiltri.com\/de\/produkt\/differenzdruckanzeigen\/\" \/>\n<meta property=\"og:site_name\" content=\"MP Filtri\" \/>\n<meta property=\"article:publisher\" content=\"https:\/\/www.facebook.com\/MPFiltriITA\" \/>\n<meta property=\"article:modified_time\" content=\"2026-04-01T14:45:53+00:00\" \/>\n<meta name=\"twitter:card\" content=\"summary_large_image\" \/>\n<meta name=\"twitter:label1\" content=\"Gesch\u00e4tzte Lesezeit\" \/>\n\t<meta name=\"twitter:data1\" content=\"3\u00a0Minuten\" \/>\n<script type=\"application\/ld+json\" class=\"yoast-schema-graph\">{\"@context\":\"https:\/\/schema.org\",\"@graph\":[{\"@type\":\"WebPage\",\"@id\":\"https:\/\/www.mpfiltri.com\/de\/produkt\/differenzdruckanzeigen\/\",\"url\":\"https:\/\/www.mpfiltri.com\/de\/produkt\/differenzdruckanzeigen\/\",\"name\":\"DIFFERENZDRUCKANZEIGEN - MP Filtri\",\"isPartOf\":{\"@id\":\"https:\/\/www.mpfiltri.com\/de\/#website\"},\"datePublished\":\"2025-10-20T10:56:29+00:00\",\"dateModified\":\"2026-04-01T14:45:53+00:00\",\"breadcrumb\":{\"@id\":\"https:\/\/www.mpfiltri.com\/de\/produkt\/differenzdruckanzeigen\/#breadcrumb\"},\"inLanguage\":\"de\",\"potentialAction\":[{\"@type\":\"ReadAction\",\"target\":[\"https:\/\/www.mpfiltri.com\/de\/produkt\/differenzdruckanzeigen\/\"]}]},{\"@type\":\"BreadcrumbList\",\"@id\":\"https:\/\/www.mpfiltri.com\/de\/produkt\/differenzdruckanzeigen\/#breadcrumb\",\"itemListElement\":[{\"@type\":\"ListItem\",\"position\":1,\"name\":\"Home\",\"item\":\"https:\/\/www.mpfiltri.com\/de\/\"},{\"@type\":\"ListItem\",\"position\":2,\"name\":\"Produkte\",\"item\":\"https:\/\/www.mpfiltri.com\/de\/shop\/\"},{\"@type\":\"ListItem\",\"position\":3,\"name\":\"DIFFERENZDRUCKANZEIGEN\"}]},{\"@type\":\"WebSite\",\"@id\":\"https:\/\/www.mpfiltri.com\/de\/#website\",\"url\":\"https:\/\/www.mpfiltri.com\/de\/\",\"name\":\"MP Filtri\",\"description\":\"\",\"publisher\":{\"@id\":\"https:\/\/www.mpfiltri.com\/de\/#organization\"},\"potentialAction\":[{\"@type\":\"SearchAction\",\"target\":{\"@type\":\"EntryPoint\",\"urlTemplate\":\"https:\/\/www.mpfiltri.com\/de\/?s={search_term_string}\"},\"query-input\":{\"@type\":\"PropertyValueSpecification\",\"valueRequired\":true,\"valueName\":\"search_term_string\"}}],\"inLanguage\":\"de\"},{\"@type\":\"Organization\",\"@id\":\"https:\/\/www.mpfiltri.com\/de\/#organization\",\"name\":\"MP Filtri\",\"url\":\"https:\/\/www.mpfiltri.com\/de\/\",\"logo\":{\"@type\":\"ImageObject\",\"inLanguage\":\"de\",\"@id\":\"https:\/\/www.mpfiltri.com\/de\/#\/schema\/logo\/image\/\",\"url\":\"\",\"contentUrl\":\"\",\"caption\":\"MP Filtri\"},\"image\":{\"@id\":\"https:\/\/www.mpfiltri.com\/de\/#\/schema\/logo\/image\/\"},\"sameAs\":[\"https:\/\/www.facebook.com\/MPFiltriITA\",\"https:\/\/www.instagram.com\/mpfiltri\/\",\"https:\/\/www.youtube.com\/channel\/UCCzNMySYc1c4M-2B4v0K_QA?view_as=subscriber\",\"https:\/\/www.linkedin.com\/company\/mp-filtri-spa\/\"]}]}<\/script>\n<!-- \/ Yoast SEO plugin. -->","yoast_head_json":{"title":"DIFFERENZDRUCKANZEIGEN - MP Filtri","robots":{"index":"index","follow":"follow","max-snippet":"max-snippet:-1","max-image-preview":"max-image-preview:large","max-video-preview":"max-video-preview:-1"},"canonical":"https:\/\/www.mpfiltri.com\/de\/produkt\/differenzdruckanzeigen\/","og_locale":"de_DE","og_type":"article","og_title":"DIFFERENZDRUCKANZEIGEN - MP Filtri","og_description":"Anzeigeprinzip der Verschmutzung Die Verschmutzungsanzeige ist mit dem Einlass und der Auslass-Seite des Filters verbunden. Angezeigt wird der Differenzdruck aus Einlassdruck und Auslassdruck. Differenzdruckanzeigen sind mit dem Buchstaben \u201eD\u201d gekennzeichnet. Baureihen \u2022 Wartungsanzeigen Typ DV: optisch-mechanisch \u2022 Wartungsanzeige Typ DE: elektrisch mit Wechselschalter \u2022 Wartungsanzeige Typ DLE: optisch-elektrisch mit LED-Anzeige oder optisch-mechanisch\/elektrisch \u2022 Wartungsanzeige Typ [&hellip;]","og_url":"https:\/\/www.mpfiltri.com\/de\/produkt\/differenzdruckanzeigen\/","og_site_name":"MP Filtri","article_publisher":"https:\/\/www.facebook.com\/MPFiltriITA","article_modified_time":"2026-04-01T14:45:53+00:00","twitter_card":"summary_large_image","twitter_misc":{"Gesch\u00e4tzte Lesezeit":"3\u00a0Minuten"},"schema":{"@context":"https:\/\/schema.org","@graph":[{"@type":"WebPage","@id":"https:\/\/www.mpfiltri.com\/de\/produkt\/differenzdruckanzeigen\/","url":"https:\/\/www.mpfiltri.com\/de\/produkt\/differenzdruckanzeigen\/","name":"DIFFERENZDRUCKANZEIGEN - MP Filtri","isPartOf":{"@id":"https:\/\/www.mpfiltri.com\/de\/#website"},"datePublished":"2025-10-20T10:56:29+00:00","dateModified":"2026-04-01T14:45:53+00:00","breadcrumb":{"@id":"https:\/\/www.mpfiltri.com\/de\/produkt\/differenzdruckanzeigen\/#breadcrumb"},"inLanguage":"de","potentialAction":[{"@type":"ReadAction","target":["https:\/\/www.mpfiltri.com\/de\/produkt\/differenzdruckanzeigen\/"]}]},{"@type":"BreadcrumbList","@id":"https:\/\/www.mpfiltri.com\/de\/produkt\/differenzdruckanzeigen\/#breadcrumb","itemListElement":[{"@type":"ListItem","position":1,"name":"Home","item":"https:\/\/www.mpfiltri.com\/de\/"},{"@type":"ListItem","position":2,"name":"Produkte","item":"https:\/\/www.mpfiltri.com\/de\/shop\/"},{"@type":"ListItem","position":3,"name":"DIFFERENZDRUCKANZEIGEN"}]},{"@type":"WebSite","@id":"https:\/\/www.mpfiltri.com\/de\/#website","url":"https:\/\/www.mpfiltri.com\/de\/","name":"MP Filtri","description":"","publisher":{"@id":"https:\/\/www.mpfiltri.com\/de\/#organization"},"potentialAction":[{"@type":"SearchAction","target":{"@type":"EntryPoint","urlTemplate":"https:\/\/www.mpfiltri.com\/de\/?s={search_term_string}"},"query-input":{"@type":"PropertyValueSpecification","valueRequired":true,"valueName":"search_term_string"}}],"inLanguage":"de"},{"@type":"Organization","@id":"https:\/\/www.mpfiltri.com\/de\/#organization","name":"MP Filtri","url":"https:\/\/www.mpfiltri.com\/de\/","logo":{"@type":"ImageObject","inLanguage":"de","@id":"https:\/\/www.mpfiltri.com\/de\/#\/schema\/logo\/image\/","url":"","contentUrl":"","caption":"MP Filtri"},"image":{"@id":"https:\/\/www.mpfiltri.com\/de\/#\/schema\/logo\/image\/"},"sameAs":["https:\/\/www.facebook.com\/MPFiltriITA","https:\/\/www.instagram.com\/mpfiltri\/","https:\/\/www.youtube.com\/channel\/UCCzNMySYc1c4M-2B4v0K_QA?view_as=subscriber","https:\/\/www.linkedin.com\/company\/mp-filtri-spa\/"]}]}},"_links":{"self":[{"href":"https:\/\/www.mpfiltri.com\/de\/wp-json\/wp\/v2\/product\/76684","targetHints":{"allow":["GET"]}}],"collection":[{"href":"https:\/\/www.mpfiltri.com\/de\/wp-json\/wp\/v2\/product"}],"about":[{"href":"https:\/\/www.mpfiltri.com\/de\/wp-json\/wp\/v2\/types\/product"}],"replies":[{"embeddable":true,"href":"https:\/\/www.mpfiltri.com\/de\/wp-json\/wp\/v2\/comments?post=76684"}],"wp:attachment":[{"href":"https:\/\/www.mpfiltri.com\/de\/wp-json\/wp\/v2\/media?parent=76684"}],"wp:term":[{"taxonomy":"product-structure","embeddable":true,"href":"https:\/\/www.mpfiltri.com\/de\/wp-json\/wp\/v2\/product-structure?post=76684"},{"taxonomy":"product_brand","embeddable":true,"href":"https:\/\/www.mpfiltri.com\/de\/wp-json\/wp\/v2\/product_brand?post=76684"},{"taxonomy":"product_cat","embeddable":true,"href":"https:\/\/www.mpfiltri.com\/de\/wp-json\/wp\/v2\/product_cat?post=76684"},{"taxonomy":"product_tag","embeddable":true,"href":"https:\/\/www.mpfiltri.com\/de\/wp-json\/wp\/v2\/product_tag?post=76684"}],"curies":[{"name":"wp","href":"https:\/\/api.w.org\/{rel}","templated":true}]}}