

{"id":76675,"date":"2025-06-16T16:38:19","date_gmt":"2025-06-16T14:38:19","guid":{"rendered":"https:\/\/www.mpfiltri.com\/product\/produkt\/"},"modified":"2026-04-01T16:24:14","modified_gmt":"2026-04-01T14:24:14","slug":"ftu","status":"publish","type":"product","link":"https:\/\/www.mpfiltri.com\/de\/produkt\/ftu\/","title":{"rendered":"FTU"},"content":{"rendered":"<p>Fluid-Transfer-Einheit geeignet zum Bef\u00fcllen, Rezirkulieren \u2013 \u00fcber den Bordtank \u2013 und Entleeren von gefilterten Hydraulikfl\u00fcssigkeiten und Schmierstofftanks. Die FTU kann entweder als zus\u00e4tzliche Filtration in einem System mit hoher Kontaminationsrate verwendet werden oder als eigenst\u00e4ndiger Rezirkulations-Filtrationskreis, um Fl\u00fcssigkeit auf ein vorgegebenes Kontaminationsniveau zu reinigen \u2013 \u00fcberwacht durch das Bord-ICM \u2013 bevor die Fl\u00fcssigkeit in das System \u00fcbertragen wird.<\/p>\n<ul>\n<li>\n<p>\u2022Elektrisches Steuerger\u00e4t<\/p>\n<\/li>\n<li>\n<p>Anzeigen:<\/p>\n<\/li>\n<li>\n<p>LMP-Filter mit elektrischem Abschalt-Schalter<\/p>\n<\/li>\n<li>\n<p>Tankf\u00fcllstandsanzeige und elektrischer Abschalt-Schalter<\/p>\n<\/li>\n<li>\n<p>Nitril-Dichtungen<\/p>\n<\/li>\n<li>\n<p>Flexible Schl\u00e4uche, 2 Meter lang, f\u00fcr Ansaugung und Ausgang<\/p>\n<\/li>\n<li>\n<p>Schutz der Einlasspumpe:<\/p>\n<\/li>\n<li>\n<p>250 mm Ansaugfilter \u2013 Metallgewebe am Ansaugschlauch angebracht<\/p>\n<\/li>\n<li>\n<p>250 mm Ansaugfilter \u2013 Metallgewebe im Tank am Pumpensauganschluss angebracht<\/p>\n<\/li>\n<li>\n<p>Lieferfiltration:<\/p>\n<\/li>\n<li>\n<p>LMP-Filterserie<\/p>\n<\/li>\n<li>\n<p>Wasserabscheidender \u201eSpin-on\u201c-Filtertyp<\/p>\n<\/li>\n<li>\n<p>Standard \u201eSpin-on\u201c-Filtertyp<\/p>\n<\/li>\n<li>\n<p>Inline-Kontaminationsmonitor (ICM)<\/p>\n<\/li>\n<li>\n<p>Weitere Merkmale:<\/p>\n<\/li>\n<li>\n<p>Kompakte Bauweise<\/p>\n<\/li>\n<li>\n<p>Einfache Bedienung und Wartung<\/p>\n<\/li>\n<li>\n<p>Zuverl\u00e4ssig<\/p>\n<\/li>\n<li>\n<\/li>\n<\/ul>\n","protected":false},"excerpt":{"rendered":"<p>Fluid-Transfer-Einheit geeignet zum Bef\u00fcllen, Rezirkulieren \u2013 \u00fcber den Bordtank \u2013 und Entleeren von gefilterten Hydraulikfl\u00fcssigkeiten und Schmierstofftanks. Die FTU kann entweder als zus\u00e4tzliche Filtration in einem System mit hoher Kontaminationsrate verwendet werden oder als eigenst\u00e4ndiger Rezirkulations-Filtrationskreis, um Fl\u00fcssigkeit auf ein vorgegebenes Kontaminationsniveau zu reinigen \u2013 \u00fcberwacht durch das Bord-ICM \u2013 bevor die Fl\u00fcssigkeit in das [&hellip;]<\/p>\n","protected":false},"featured_media":0,"comment_status":"open","ping_status":"closed","template":"","meta":{"_acf_changed":false,"_gspb_post_css":"","inline_featured_image":false,"_genesis_hide_title":false,"_genesis_hide_breadcrumbs":false,"_genesis_hide_singular_image":false,"_genesis_hide_footer_widgets":false,"_genesis_custom_body_class":"","_genesis_custom_post_class":"","_genesis_layout":"","_links_to":"","_links_to_target":""},"product-structure":[62],"product_brand":[],"product_cat":[13189,13395,13217,13196,13388],"product_tag":[],"class_list":{"0":"post-76675","1":"product","2":"type-product","3":"status-publish","5":"product-structure-series","6":"product_cat-anwendungen","7":"product_cat-global","8":"product_cat-luftfahrt-und-marine","9":"product_cat-mobile-anwendungen","10":"product_cat-multimarket","11":"entry","13":"first","14":"instock","15":"shipping-taxable","16":"product-type-simple"},"acf":[],"yoast_head":"<!-- This site is optimized with the Yoast SEO plugin v27.2 - https:\/\/yoast.com\/product\/yoast-seo-wordpress\/ -->\n<title>FTU - MP Filtri<\/title>\n<meta name=\"robots\" content=\"index, follow, max-snippet:-1, max-image-preview:large, max-video-preview:-1\" \/>\n<link rel=\"canonical\" href=\"https:\/\/www.mpfiltri.com\/de\/produkt\/ftu\/\" \/>\n<meta property=\"og:locale\" content=\"de_DE\" \/>\n<meta property=\"og:type\" content=\"article\" \/>\n<meta property=\"og:title\" content=\"FTU - MP Filtri\" \/>\n<meta property=\"og:description\" content=\"Fluid-Transfer-Einheit geeignet zum Bef\u00fcllen, Rezirkulieren \u2013 \u00fcber den Bordtank \u2013 und Entleeren von gefilterten Hydraulikfl\u00fcssigkeiten und Schmierstofftanks. Die FTU kann entweder als zus\u00e4tzliche Filtration in einem System mit hoher Kontaminationsrate verwendet werden oder als eigenst\u00e4ndiger Rezirkulations-Filtrationskreis, um Fl\u00fcssigkeit auf ein vorgegebenes Kontaminationsniveau zu reinigen \u2013 \u00fcberwacht durch das Bord-ICM \u2013 bevor die Fl\u00fcssigkeit in das [&hellip;]\" \/>\n<meta property=\"og:url\" content=\"https:\/\/www.mpfiltri.com\/de\/produkt\/ftu\/\" \/>\n<meta property=\"og:site_name\" content=\"MP Filtri\" \/>\n<meta property=\"article:publisher\" content=\"https:\/\/www.facebook.com\/MPFiltriITA\" \/>\n<meta property=\"article:modified_time\" content=\"2026-04-01T14:24:14+00:00\" \/>\n<meta name=\"twitter:card\" content=\"summary_large_image\" \/>\n<meta name=\"twitter:label1\" content=\"Gesch\u00e4tzte Lesezeit\" \/>\n\t<meta name=\"twitter:data1\" content=\"1\u00a0Minute\" \/>\n<script type=\"application\/ld+json\" class=\"yoast-schema-graph\">{\"@context\":\"https:\/\/schema.org\",\"@graph\":[{\"@type\":\"WebPage\",\"@id\":\"https:\/\/www.mpfiltri.com\/de\/produkt\/ftu\/\",\"url\":\"https:\/\/www.mpfiltri.com\/de\/produkt\/ftu\/\",\"name\":\"FTU - MP Filtri\",\"isPartOf\":{\"@id\":\"https:\/\/www.mpfiltri.com\/de\/#website\"},\"datePublished\":\"2025-06-16T14:38:19+00:00\",\"dateModified\":\"2026-04-01T14:24:14+00:00\",\"breadcrumb\":{\"@id\":\"https:\/\/www.mpfiltri.com\/de\/produkt\/ftu\/#breadcrumb\"},\"inLanguage\":\"de\",\"potentialAction\":[{\"@type\":\"ReadAction\",\"target\":[\"https:\/\/www.mpfiltri.com\/de\/produkt\/ftu\/\"]}]},{\"@type\":\"BreadcrumbList\",\"@id\":\"https:\/\/www.mpfiltri.com\/de\/produkt\/ftu\/#breadcrumb\",\"itemListElement\":[{\"@type\":\"ListItem\",\"position\":1,\"name\":\"Home\",\"item\":\"https:\/\/www.mpfiltri.com\/de\/\"},{\"@type\":\"ListItem\",\"position\":2,\"name\":\"Produkte\",\"item\":\"https:\/\/www.mpfiltri.com\/de\/shop\/\"},{\"@type\":\"ListItem\",\"position\":3,\"name\":\"FTU\"}]},{\"@type\":\"WebSite\",\"@id\":\"https:\/\/www.mpfiltri.com\/de\/#website\",\"url\":\"https:\/\/www.mpfiltri.com\/de\/\",\"name\":\"MP Filtri\",\"description\":\"\",\"publisher\":{\"@id\":\"https:\/\/www.mpfiltri.com\/de\/#organization\"},\"potentialAction\":[{\"@type\":\"SearchAction\",\"target\":{\"@type\":\"EntryPoint\",\"urlTemplate\":\"https:\/\/www.mpfiltri.com\/de\/?s={search_term_string}\"},\"query-input\":{\"@type\":\"PropertyValueSpecification\",\"valueRequired\":true,\"valueName\":\"search_term_string\"}}],\"inLanguage\":\"de\"},{\"@type\":\"Organization\",\"@id\":\"https:\/\/www.mpfiltri.com\/de\/#organization\",\"name\":\"MP Filtri\",\"url\":\"https:\/\/www.mpfiltri.com\/de\/\",\"logo\":{\"@type\":\"ImageObject\",\"inLanguage\":\"de\",\"@id\":\"https:\/\/www.mpfiltri.com\/de\/#\/schema\/logo\/image\/\",\"url\":\"\",\"contentUrl\":\"\",\"caption\":\"MP Filtri\"},\"image\":{\"@id\":\"https:\/\/www.mpfiltri.com\/de\/#\/schema\/logo\/image\/\"},\"sameAs\":[\"https:\/\/www.facebook.com\/MPFiltriITA\",\"https:\/\/www.instagram.com\/mpfiltri\/\",\"https:\/\/www.youtube.com\/channel\/UCCzNMySYc1c4M-2B4v0K_QA?view_as=subscriber\",\"https:\/\/www.linkedin.com\/company\/mp-filtri-spa\/\"]}]}<\/script>\n<!-- \/ Yoast SEO plugin. -->","yoast_head_json":{"title":"FTU - MP Filtri","robots":{"index":"index","follow":"follow","max-snippet":"max-snippet:-1","max-image-preview":"max-image-preview:large","max-video-preview":"max-video-preview:-1"},"canonical":"https:\/\/www.mpfiltri.com\/de\/produkt\/ftu\/","og_locale":"de_DE","og_type":"article","og_title":"FTU - MP Filtri","og_description":"Fluid-Transfer-Einheit geeignet zum Bef\u00fcllen, Rezirkulieren \u2013 \u00fcber den Bordtank \u2013 und Entleeren von gefilterten Hydraulikfl\u00fcssigkeiten und Schmierstofftanks. Die FTU kann entweder als zus\u00e4tzliche Filtration in einem System mit hoher Kontaminationsrate verwendet werden oder als eigenst\u00e4ndiger Rezirkulations-Filtrationskreis, um Fl\u00fcssigkeit auf ein vorgegebenes Kontaminationsniveau zu reinigen \u2013 \u00fcberwacht durch das Bord-ICM \u2013 bevor die Fl\u00fcssigkeit in das [&hellip;]","og_url":"https:\/\/www.mpfiltri.com\/de\/produkt\/ftu\/","og_site_name":"MP Filtri","article_publisher":"https:\/\/www.facebook.com\/MPFiltriITA","article_modified_time":"2026-04-01T14:24:14+00:00","twitter_card":"summary_large_image","twitter_misc":{"Gesch\u00e4tzte Lesezeit":"1\u00a0Minute"},"schema":{"@context":"https:\/\/schema.org","@graph":[{"@type":"WebPage","@id":"https:\/\/www.mpfiltri.com\/de\/produkt\/ftu\/","url":"https:\/\/www.mpfiltri.com\/de\/produkt\/ftu\/","name":"FTU - MP Filtri","isPartOf":{"@id":"https:\/\/www.mpfiltri.com\/de\/#website"},"datePublished":"2025-06-16T14:38:19+00:00","dateModified":"2026-04-01T14:24:14+00:00","breadcrumb":{"@id":"https:\/\/www.mpfiltri.com\/de\/produkt\/ftu\/#breadcrumb"},"inLanguage":"de","potentialAction":[{"@type":"ReadAction","target":["https:\/\/www.mpfiltri.com\/de\/produkt\/ftu\/"]}]},{"@type":"BreadcrumbList","@id":"https:\/\/www.mpfiltri.com\/de\/produkt\/ftu\/#breadcrumb","itemListElement":[{"@type":"ListItem","position":1,"name":"Home","item":"https:\/\/www.mpfiltri.com\/de\/"},{"@type":"ListItem","position":2,"name":"Produkte","item":"https:\/\/www.mpfiltri.com\/de\/shop\/"},{"@type":"ListItem","position":3,"name":"FTU"}]},{"@type":"WebSite","@id":"https:\/\/www.mpfiltri.com\/de\/#website","url":"https:\/\/www.mpfiltri.com\/de\/","name":"MP Filtri","description":"","publisher":{"@id":"https:\/\/www.mpfiltri.com\/de\/#organization"},"potentialAction":[{"@type":"SearchAction","target":{"@type":"EntryPoint","urlTemplate":"https:\/\/www.mpfiltri.com\/de\/?s={search_term_string}"},"query-input":{"@type":"PropertyValueSpecification","valueRequired":true,"valueName":"search_term_string"}}],"inLanguage":"de"},{"@type":"Organization","@id":"https:\/\/www.mpfiltri.com\/de\/#organization","name":"MP Filtri","url":"https:\/\/www.mpfiltri.com\/de\/","logo":{"@type":"ImageObject","inLanguage":"de","@id":"https:\/\/www.mpfiltri.com\/de\/#\/schema\/logo\/image\/","url":"","contentUrl":"","caption":"MP Filtri"},"image":{"@id":"https:\/\/www.mpfiltri.com\/de\/#\/schema\/logo\/image\/"},"sameAs":["https:\/\/www.facebook.com\/MPFiltriITA","https:\/\/www.instagram.com\/mpfiltri\/","https:\/\/www.youtube.com\/channel\/UCCzNMySYc1c4M-2B4v0K_QA?view_as=subscriber","https:\/\/www.linkedin.com\/company\/mp-filtri-spa\/"]}]}},"_links":{"self":[{"href":"https:\/\/www.mpfiltri.com\/de\/wp-json\/wp\/v2\/product\/76675","targetHints":{"allow":["GET"]}}],"collection":[{"href":"https:\/\/www.mpfiltri.com\/de\/wp-json\/wp\/v2\/product"}],"about":[{"href":"https:\/\/www.mpfiltri.com\/de\/wp-json\/wp\/v2\/types\/product"}],"replies":[{"embeddable":true,"href":"https:\/\/www.mpfiltri.com\/de\/wp-json\/wp\/v2\/comments?post=76675"}],"wp:attachment":[{"href":"https:\/\/www.mpfiltri.com\/de\/wp-json\/wp\/v2\/media?parent=76675"}],"wp:term":[{"taxonomy":"product-structure","embeddable":true,"href":"https:\/\/www.mpfiltri.com\/de\/wp-json\/wp\/v2\/product-structure?post=76675"},{"taxonomy":"product_brand","embeddable":true,"href":"https:\/\/www.mpfiltri.com\/de\/wp-json\/wp\/v2\/product_brand?post=76675"},{"taxonomy":"product_cat","embeddable":true,"href":"https:\/\/www.mpfiltri.com\/de\/wp-json\/wp\/v2\/product_cat?post=76675"},{"taxonomy":"product_tag","embeddable":true,"href":"https:\/\/www.mpfiltri.com\/de\/wp-json\/wp\/v2\/product_tag?post=76675"}],"curies":[{"name":"wp","href":"https:\/\/api.w.org\/{rel}","templated":true}]}}