

{"id":76657,"date":"2025-06-18T10:20:08","date_gmt":"2025-06-18T08:20:08","guid":{"rendered":"https:\/\/www.mpfiltri.com\/product\/produkt\/"},"modified":"2026-04-01T16:23:15","modified_gmt":"2026-04-01T14:23:15","slug":"schlauchleitungen","status":"publish","type":"product","link":"https:\/\/www.mpfiltri.com\/de\/produkt\/schlauchleitungen\/","title":{"rendered":"Schlauchleitungen"},"content":{"rendered":"<p>Neben funktionserweiterndem Zubeh\u00f6r f\u00fcr die hauseigenen CMP-Produkte f\u00fchrt MP Filtri ein ausgesuchtes Sortiment an Ersatzteilen und alternativen Ausf\u00fchrungen f\u00fcr bestimmte Produkte. Dieses trifft insbesondere auf das Angebot hydraulischer Leitungen und Schl\u00e4uche zu. Das Produktangebot orientiert sich vorrangig an den Inline-Sensoren mit Leitungsanschluss sowie den portablem Serviceger\u00e4ten.<\/p>\n<p>Fokusprodukte sind neben den mit einer Schnellkupplung versehenen <strong>R\u00fccklaufschl\u00e4uchen (L\u00e4nge: 2m)<\/strong> f\u00fcr portable Serviceger\u00e4te ein ausgesuchtes Programm an <strong>M16x2-Messchl\u00e4uchen<\/strong> f\u00fcr den Hochdruckbereich in unterschiedlichen L\u00e4ngen und Durchmessern. Letztere sind f\u00fcr unterschiedliche Fluide sowie in den L\u00e4ngen 600 mm und 1500 mm erh\u00e4ltlich.<\/p>\n<p>\u2022 Auf MP Filtri CMP-Produkte abgestimmtes Zubeh\u00f6r<\/p>\n<p>\u2022 Hohe Passgenauigkeit<\/p>\n<p>\u2022 Gepr\u00fcfte Qualit\u00e4t<\/p>\n<p>\u2022 Robust und langlebig<\/p>\n<p>Weitere Ausf\u00fchrungen auf Anfrage<\/p>\n","protected":false},"excerpt":{"rendered":"<p>Neben funktionserweiterndem Zubeh\u00f6r f\u00fcr die hauseigenen CMP-Produkte f\u00fchrt MP Filtri ein ausgesuchtes Sortiment an Ersatzteilen und alternativen Ausf\u00fchrungen f\u00fcr bestimmte Produkte. Dieses trifft insbesondere auf das Angebot hydraulischer Leitungen und Schl\u00e4uche zu. Das Produktangebot orientiert sich vorrangig an den Inline-Sensoren mit Leitungsanschluss sowie den portablem Serviceger\u00e4ten. Fokusprodukte sind neben den mit einer Schnellkupplung versehenen R\u00fccklaufschl\u00e4uchen [&hellip;]<\/p>\n","protected":false},"featured_media":0,"comment_status":"open","ping_status":"closed","template":"","meta":{"_acf_changed":false,"_gspb_post_css":"","inline_featured_image":false,"_genesis_hide_title":false,"_genesis_hide_breadcrumbs":false,"_genesis_hide_singular_image":false,"_genesis_hide_footer_widgets":false,"_genesis_custom_body_class":"","_genesis_custom_post_class":"","_genesis_layout":"","_links_to":"","_links_to_target":""},"product-structure":[62],"product_brand":[],"product_cat":[13189,13126,13210,13236,13250,13271,13203,13290,13224,13161,13217,13196,13278,13284,13243,13230,13264,13257],"product_tag":[],"class_list":{"0":"post-76657","1":"product","2":"type-product","3":"status-publish","5":"product-structure-series","6":"product_cat-anwendungen","7":"product_cat-baumaschinen","8":"product_cat-bergbau","9":"product_cat-chemie-oel-gas","10":"product_cat-energie","11":"product_cat-entsorgung-und-recycling","12":"product_cat-foerdertechnik","13":"product_cat-hydraulikanlagen","14":"product_cat-kommunaltechnik-und-nutzfahrzeuge","15":"product_cat-land-und-forstmaschinen","16":"product_cat-luftfahrt-und-marine","17":"product_cat-mobile-anwendungen","18":"product_cat-pressen-und-umformmaschinen","19":"product_cat-schmierungstechnik-und-spuelaggregate","20":"product_cat-stahlwerke-und-metallverarbeitung","21":"product_cat-stationaere-anwendungen","22":"product_cat-textil-holz-und-papier","23":"product_cat-verpackung-nahrungs-und-genussmittel","24":"entry","26":"first","27":"instock","28":"shipping-taxable","29":"product-type-simple"},"acf":[],"yoast_head":"<!-- This site is optimized with the Yoast SEO plugin v27.2 - https:\/\/yoast.com\/product\/yoast-seo-wordpress\/ -->\n<title>Schlauchleitungen - MP Filtri<\/title>\n<meta name=\"robots\" content=\"index, follow, max-snippet:-1, max-image-preview:large, max-video-preview:-1\" \/>\n<link rel=\"canonical\" href=\"https:\/\/www.mpfiltri.com\/de\/produkt\/schlauchleitungen\/\" \/>\n<meta property=\"og:locale\" content=\"de_DE\" \/>\n<meta property=\"og:type\" content=\"article\" \/>\n<meta property=\"og:title\" content=\"Schlauchleitungen - MP Filtri\" \/>\n<meta property=\"og:description\" content=\"Neben funktionserweiterndem Zubeh\u00f6r f\u00fcr die hauseigenen CMP-Produkte f\u00fchrt MP Filtri ein ausgesuchtes Sortiment an Ersatzteilen und alternativen Ausf\u00fchrungen f\u00fcr bestimmte Produkte. Dieses trifft insbesondere auf das Angebot hydraulischer Leitungen und Schl\u00e4uche zu. Das Produktangebot orientiert sich vorrangig an den Inline-Sensoren mit Leitungsanschluss sowie den portablem Serviceger\u00e4ten. Fokusprodukte sind neben den mit einer Schnellkupplung versehenen R\u00fccklaufschl\u00e4uchen [&hellip;]\" \/>\n<meta property=\"og:url\" content=\"https:\/\/www.mpfiltri.com\/de\/produkt\/schlauchleitungen\/\" \/>\n<meta property=\"og:site_name\" content=\"MP Filtri\" \/>\n<meta property=\"article:publisher\" content=\"https:\/\/www.facebook.com\/MPFiltriITA\" \/>\n<meta property=\"article:modified_time\" content=\"2026-04-01T14:23:15+00:00\" \/>\n<meta name=\"twitter:card\" content=\"summary_large_image\" \/>\n<meta name=\"twitter:label1\" content=\"Gesch\u00e4tzte Lesezeit\" \/>\n\t<meta name=\"twitter:data1\" content=\"1\u00a0Minute\" \/>\n<script type=\"application\/ld+json\" class=\"yoast-schema-graph\">{\"@context\":\"https:\/\/schema.org\",\"@graph\":[{\"@type\":\"WebPage\",\"@id\":\"https:\/\/www.mpfiltri.com\/de\/produkt\/schlauchleitungen\/\",\"url\":\"https:\/\/www.mpfiltri.com\/de\/produkt\/schlauchleitungen\/\",\"name\":\"Schlauchleitungen - MP Filtri\",\"isPartOf\":{\"@id\":\"https:\/\/www.mpfiltri.com\/de\/#website\"},\"datePublished\":\"2025-06-18T08:20:08+00:00\",\"dateModified\":\"2026-04-01T14:23:15+00:00\",\"breadcrumb\":{\"@id\":\"https:\/\/www.mpfiltri.com\/de\/produkt\/schlauchleitungen\/#breadcrumb\"},\"inLanguage\":\"de\",\"potentialAction\":[{\"@type\":\"ReadAction\",\"target\":[\"https:\/\/www.mpfiltri.com\/de\/produkt\/schlauchleitungen\/\"]}]},{\"@type\":\"BreadcrumbList\",\"@id\":\"https:\/\/www.mpfiltri.com\/de\/produkt\/schlauchleitungen\/#breadcrumb\",\"itemListElement\":[{\"@type\":\"ListItem\",\"position\":1,\"name\":\"Home\",\"item\":\"https:\/\/www.mpfiltri.com\/de\/\"},{\"@type\":\"ListItem\",\"position\":2,\"name\":\"Produkte\",\"item\":\"https:\/\/www.mpfiltri.com\/de\/shop\/\"},{\"@type\":\"ListItem\",\"position\":3,\"name\":\"Schlauchleitungen\"}]},{\"@type\":\"WebSite\",\"@id\":\"https:\/\/www.mpfiltri.com\/de\/#website\",\"url\":\"https:\/\/www.mpfiltri.com\/de\/\",\"name\":\"MP Filtri\",\"description\":\"\",\"publisher\":{\"@id\":\"https:\/\/www.mpfiltri.com\/de\/#organization\"},\"potentialAction\":[{\"@type\":\"SearchAction\",\"target\":{\"@type\":\"EntryPoint\",\"urlTemplate\":\"https:\/\/www.mpfiltri.com\/de\/?s={search_term_string}\"},\"query-input\":{\"@type\":\"PropertyValueSpecification\",\"valueRequired\":true,\"valueName\":\"search_term_string\"}}],\"inLanguage\":\"de\"},{\"@type\":\"Organization\",\"@id\":\"https:\/\/www.mpfiltri.com\/de\/#organization\",\"name\":\"MP Filtri\",\"url\":\"https:\/\/www.mpfiltri.com\/de\/\",\"logo\":{\"@type\":\"ImageObject\",\"inLanguage\":\"de\",\"@id\":\"https:\/\/www.mpfiltri.com\/de\/#\/schema\/logo\/image\/\",\"url\":\"\",\"contentUrl\":\"\",\"caption\":\"MP Filtri\"},\"image\":{\"@id\":\"https:\/\/www.mpfiltri.com\/de\/#\/schema\/logo\/image\/\"},\"sameAs\":[\"https:\/\/www.facebook.com\/MPFiltriITA\",\"https:\/\/www.instagram.com\/mpfiltri\/\",\"https:\/\/www.youtube.com\/channel\/UCCzNMySYc1c4M-2B4v0K_QA?view_as=subscriber\",\"https:\/\/www.linkedin.com\/company\/mp-filtri-spa\/\"]}]}<\/script>\n<!-- \/ Yoast SEO plugin. -->","yoast_head_json":{"title":"Schlauchleitungen - MP Filtri","robots":{"index":"index","follow":"follow","max-snippet":"max-snippet:-1","max-image-preview":"max-image-preview:large","max-video-preview":"max-video-preview:-1"},"canonical":"https:\/\/www.mpfiltri.com\/de\/produkt\/schlauchleitungen\/","og_locale":"de_DE","og_type":"article","og_title":"Schlauchleitungen - MP Filtri","og_description":"Neben funktionserweiterndem Zubeh\u00f6r f\u00fcr die hauseigenen CMP-Produkte f\u00fchrt MP Filtri ein ausgesuchtes Sortiment an Ersatzteilen und alternativen Ausf\u00fchrungen f\u00fcr bestimmte Produkte. Dieses trifft insbesondere auf das Angebot hydraulischer Leitungen und Schl\u00e4uche zu. Das Produktangebot orientiert sich vorrangig an den Inline-Sensoren mit Leitungsanschluss sowie den portablem Serviceger\u00e4ten. Fokusprodukte sind neben den mit einer Schnellkupplung versehenen R\u00fccklaufschl\u00e4uchen [&hellip;]","og_url":"https:\/\/www.mpfiltri.com\/de\/produkt\/schlauchleitungen\/","og_site_name":"MP Filtri","article_publisher":"https:\/\/www.facebook.com\/MPFiltriITA","article_modified_time":"2026-04-01T14:23:15+00:00","twitter_card":"summary_large_image","twitter_misc":{"Gesch\u00e4tzte Lesezeit":"1\u00a0Minute"},"schema":{"@context":"https:\/\/schema.org","@graph":[{"@type":"WebPage","@id":"https:\/\/www.mpfiltri.com\/de\/produkt\/schlauchleitungen\/","url":"https:\/\/www.mpfiltri.com\/de\/produkt\/schlauchleitungen\/","name":"Schlauchleitungen - MP Filtri","isPartOf":{"@id":"https:\/\/www.mpfiltri.com\/de\/#website"},"datePublished":"2025-06-18T08:20:08+00:00","dateModified":"2026-04-01T14:23:15+00:00","breadcrumb":{"@id":"https:\/\/www.mpfiltri.com\/de\/produkt\/schlauchleitungen\/#breadcrumb"},"inLanguage":"de","potentialAction":[{"@type":"ReadAction","target":["https:\/\/www.mpfiltri.com\/de\/produkt\/schlauchleitungen\/"]}]},{"@type":"BreadcrumbList","@id":"https:\/\/www.mpfiltri.com\/de\/produkt\/schlauchleitungen\/#breadcrumb","itemListElement":[{"@type":"ListItem","position":1,"name":"Home","item":"https:\/\/www.mpfiltri.com\/de\/"},{"@type":"ListItem","position":2,"name":"Produkte","item":"https:\/\/www.mpfiltri.com\/de\/shop\/"},{"@type":"ListItem","position":3,"name":"Schlauchleitungen"}]},{"@type":"WebSite","@id":"https:\/\/www.mpfiltri.com\/de\/#website","url":"https:\/\/www.mpfiltri.com\/de\/","name":"MP Filtri","description":"","publisher":{"@id":"https:\/\/www.mpfiltri.com\/de\/#organization"},"potentialAction":[{"@type":"SearchAction","target":{"@type":"EntryPoint","urlTemplate":"https:\/\/www.mpfiltri.com\/de\/?s={search_term_string}"},"query-input":{"@type":"PropertyValueSpecification","valueRequired":true,"valueName":"search_term_string"}}],"inLanguage":"de"},{"@type":"Organization","@id":"https:\/\/www.mpfiltri.com\/de\/#organization","name":"MP Filtri","url":"https:\/\/www.mpfiltri.com\/de\/","logo":{"@type":"ImageObject","inLanguage":"de","@id":"https:\/\/www.mpfiltri.com\/de\/#\/schema\/logo\/image\/","url":"","contentUrl":"","caption":"MP Filtri"},"image":{"@id":"https:\/\/www.mpfiltri.com\/de\/#\/schema\/logo\/image\/"},"sameAs":["https:\/\/www.facebook.com\/MPFiltriITA","https:\/\/www.instagram.com\/mpfiltri\/","https:\/\/www.youtube.com\/channel\/UCCzNMySYc1c4M-2B4v0K_QA?view_as=subscriber","https:\/\/www.linkedin.com\/company\/mp-filtri-spa\/"]}]}},"_links":{"self":[{"href":"https:\/\/www.mpfiltri.com\/de\/wp-json\/wp\/v2\/product\/76657","targetHints":{"allow":["GET"]}}],"collection":[{"href":"https:\/\/www.mpfiltri.com\/de\/wp-json\/wp\/v2\/product"}],"about":[{"href":"https:\/\/www.mpfiltri.com\/de\/wp-json\/wp\/v2\/types\/product"}],"replies":[{"embeddable":true,"href":"https:\/\/www.mpfiltri.com\/de\/wp-json\/wp\/v2\/comments?post=76657"}],"wp:attachment":[{"href":"https:\/\/www.mpfiltri.com\/de\/wp-json\/wp\/v2\/media?parent=76657"}],"wp:term":[{"taxonomy":"product-structure","embeddable":true,"href":"https:\/\/www.mpfiltri.com\/de\/wp-json\/wp\/v2\/product-structure?post=76657"},{"taxonomy":"product_brand","embeddable":true,"href":"https:\/\/www.mpfiltri.com\/de\/wp-json\/wp\/v2\/product_brand?post=76657"},{"taxonomy":"product_cat","embeddable":true,"href":"https:\/\/www.mpfiltri.com\/de\/wp-json\/wp\/v2\/product_cat?post=76657"},{"taxonomy":"product_tag","embeddable":true,"href":"https:\/\/www.mpfiltri.com\/de\/wp-json\/wp\/v2\/product_tag?post=76657"}],"curies":[{"name":"wp","href":"https:\/\/api.w.org\/{rel}","templated":true}]}}