

{"id":43208,"date":"2025-09-15T14:19:30","date_gmt":"2025-09-15T12:19:30","guid":{"rendered":"https:\/\/www.mpfiltri.com\/general-conditions-of-sale-and-warranty\/"},"modified":"2025-11-03T16:46:50","modified_gmt":"2025-11-03T15:46:50","slug":"allgemeine-geschaeftsbedingungen","status":"publish","type":"page","link":"https:\/\/www.mpfiltri.com\/de\/allgemeine-geschaeftsbedingungen\/","title":{"rendered":"Allgemeine Gesch\u00e4ftsbedingungen"},"content":{"rendered":"\n<div class=\"wp-block-stackable-columns stk-block-columns stk-block stk-820bb05 body-lines height-100\" data-block-id=\"820bb05\"><style>.stk-820bb05 {margin-top:0px !important;margin-right:0px !important;margin-bottom:0px !important;margin-left:0px !important;}.stk-820bb05-column{--stk-columns-spacing:0px !important;}<\/style><div class=\"stk-row stk-inner-blocks stk-block-content stk-content-align stk-820bb05-column\">\n<div class=\"wp-block-stackable-column stk-block-column stk-column stk-block stk-745f29b\" data-v=\"4\" data-block-id=\"745f29b\"><div class=\"stk-column-wrapper stk-block-column__content stk-container stk-745f29b-container stk--no-background stk--no-padding\"><div class=\"stk-block-content stk-inner-blocks stk-745f29b-inner-blocks\"><\/div><\/div><\/div>\n<\/div><\/div>\n\n\n\n<div class=\"wp-block-stackable-columns stk-block-columns stk-block stk-ed0a22b\" data-block-id=\"ed0a22b\"><style>.stk-ed0a22b {border-color:#E6E6E6 !important;border-right-width:1px !important;border-left-width:1px !important;margin-top:0px !important;margin-right:0px !important;margin-bottom:0px !important;margin-left:0px !important;}<\/style><div class=\"stk-row stk-inner-blocks stk-block-content stk-content-align stk-ed0a22b-column\">\n<div class=\"wp-block-stackable-column stk-block-column stk-column stk-block stk-595eec5\" data-v=\"4\" data-block-id=\"595eec5\"><style>.stk-595eec5-inner-blocks{align-items:flex-start !important;}.stk-595eec5 {border-style:solid !important;border-color:#E6E6E6 !important;border-right-width:1px !important;border-left-width:1px !important;padding-right:30px !important;padding-left:30px !important;}<\/style><div class=\"stk-column-wrapper stk-block-column__content stk-container stk-595eec5-container stk--no-background stk--no-padding\"><div class=\"has-text-align-left stk--column-flex stk-block-content stk-inner-blocks stk-595eec5-inner-blocks\">\n<h2 class=\"wp-block-heading\" id=\"allgemeine-geschaftsbedingungen\">Allgemeine Gesch\u00e4ftsbedingungen<\/h2>\n\n\n\n<p><strong>\u00a71 Geltung<\/strong><\/p>\n\n\n\n<p>[1] Die MP Filtri Germany GmbH vertreibt die Produkte der MP Filtri Firmengruppe sowie Produkte ausgew\u00e4hlter Dritter als Handelsunternehmen national und international. S\u00e4mtliche Lieferungen und Leistungen durch uns erfolgen ausschlie\u00dflich auf Grundlage dieser Allgemeinen Gesch\u00e4ftsbedingungen (AGB). Abweichungen von diesen AGB bed\u00fcrfen der ausdr\u00fccklichen schriftlichen Best\u00e4tigung durch uns. Diese AGB gelten bei dauerhaften oder wiederholten Vertragsbeziehungen und -abschl\u00fcssen auch dann, wenn nicht erneut ausdr\u00fccklich auf sie Bezug genommen wird.<\/p>\n\n\n\n<p>[2] AGB des K\u00e4ufers gelten nur, soweit wir ihnen ausdr\u00fccklich schriftlich zugestimmt haben. Insbesondere gilt ein Schweigen von uns nicht als Anerkennung oder Zustimmung zu derartigen Bedingungen des K\u00e4ufers.<\/p>\n\n\n\n<p><strong>\u00a72 Vertragsabschluss<\/strong><\/p>\n\n\n\n<p>[1] Angebote durch uns sind rechtlich unverbindlich und lediglich eine Aufforderung an den K\u00e4ufer, ein Angebot abzugeben. Der Vertrag kommt zustande durch die Bestellung des K\u00e4ufers (Angebot) und unserer Auftragsbest\u00e4tigung (Annahme). Der K\u00e4ufer ist an sein Angebot vier Wochen gebunden, beginnend mit dem Tag des Zugangs bei uns.<\/p>\n\n\n\n<p>[2] Weicht die Annahme von uns von der Bestellung des K\u00e4ufers ab, gilt dies als neues, rechtlich unverbindliches Angebot.<\/p>\n\n\n\n<p><strong>\u00a73 Preise<\/strong><\/p>\n\n\n\n<p>[1] Alle Preise sind freibleibend. Sie gelten, soweit nicht anders vereinbart, netto ab Werk ausschlie\u00dflich Verpackung.<\/p>\n\n\n\n<p>[2] Der Mindestauftragswert (Warenwert) betr\u00e4gt 100,00 \u20ac. Auftr\u00e4ge mit einem Warenwert unter 100,00 \u20ac werden mit einer Aufwendungspauschale von 10,00 \u20ac beaufschlagt.<\/p>\n\n\n\n<p><strong>\u00a74 Produktbeschaffenheit<\/strong><\/p>\n\n\n\n<p>[1] Soweit nicht anders schriftlich vereinbart, ergibt sich die Beschaffenheit der Ware ausschlie\u00dflich aus unseren Produktspezifikationen.<\/p>\n\n\n\n<p>[2] Beschaffenheits- und Haltbarkeitsangaben sowie sonstige Angaben sind nur dann Garantien im Sinne des \u00a7 443 BGB, wenn sie als solche ausdr\u00fccklich vereinbart und bezeichnet werden.<\/p>\n\n\n\n<p><strong>\u00a75 Erf\u00fcllungsort<\/strong><\/p>\n\n\n\n<p>[1] Wir sind zu Teillieferungen erm\u00e4chtigt.<\/p>\n\n\n\n<p>[2] Sofern nicht anderweitig schriftlich vereinbart, erfolgt die Lieferung nach Ma\u00dfgabe der im Einzelvertrag festgelegten INCOTERMS (2020) entsprechend den ICC-Regeln \u00fcber die Auslegung von Handelsklauseln. Sofern keine INCOTERMS oder sonstige Abreden vereinbart wurden, erfolgt die Lieferung EXW (Incoterms 2020).<\/p>\n\n\n\n<p>[3] Handlungs- und Erf\u00fcllungsort ist unser Gesch\u00e4ftssitz.<\/p>\n\n\n\n<p><strong>\u00a76 Zahlungsbedingungen<\/strong><\/p>\n\n\n\n<p>[1] Zahlungen sind innerhalb von 30 Tagen ohne Abzug an uns zu leisten.<\/p>\n\n\n\n<p>[2] Mangels anderweitiger Bestimmungen durch den K\u00e4ufer werden Zahlungen jeweils auf die \u00e4lteste noch offene Rechnung einschlie\u00dflich dazugeh\u00f6render Nebenforderungen verrechnet.<\/p>\n\n\n\n<p><strong>\u00a77 Rechte bei M\u00e4ngeln<\/strong><\/p>\n\n\n\n<p>[1] Der K\u00e4ufer hat die Ware unverz\u00fcglich nach Ablieferung gem\u00e4\u00df \u00a7 377 HGB zu untersuchen. Offensichtliche M\u00e4ngel sind unverz\u00fcglich, sp\u00e4testens jedoch 10 Kalendertage nach Ablieferung zu beanstanden. Verborgene M\u00e4ngel sind unverz\u00fcglich nach ihrer Entdeckung zu r\u00fcgen. Anderenfalls gilt die gelieferte Ware in Ansehung des Mangels als genehmigt.<\/p>\n\n\n\n<p>[2] Beanstandungen sind schriftlich unter Angabe der Bestell- und Rechnungsnummer zu erheben.<\/p>\n\n\n\n<p>[3] Dem K\u00e4ufer stehen M\u00e4ngelrechte im gesetzlichen Umfang zu, soweit in diesen Allgemeinen Gesch\u00e4ftsbedingungen &#8211; insbesondere in \u00a79 &#8211; nichts anderes vereinbart ist.<\/p>\n\n\n\n<p><strong>\u00a78 Haftung<\/strong><\/p>\n\n\n\n<p>[1] Wir haften unbeschr\u00e4nkt nach Ma\u00dfgabe des Gesetzes in F\u00e4llen des Vorsatzes oder der groben Fahrl\u00e4ssigkeit sowie bei Verletzung des Lebens, des K\u00f6rpers oder der Gesundheit.<\/p>\n\n\n\n<p>[2] Im \u00dcbrigen ist bei der Verletzung vertragswesentlicher Pflichten unsere Haftung der H\u00f6he nach beschr\u00e4nkt auf den vertragstypischen, vorhersehbaren Schaden. Wesentliche Vertragspflichten im Sinne dieses Absatzes sind solche, deren Erf\u00fcllung die ordnungsgem\u00e4\u00dfe Durchf\u00fchrung des Vertrages erst erm\u00f6glicht und auf deren Einhaltung der K\u00e4ufer regelm\u00e4\u00dfig vertrauen darf.<\/p>\n\n\n\n<p>[3] Im \u00dcbrigen ist unsere Haftung ausgeschlossen.<\/p>\n\n\n\n<p>[4] Die vorstehenden Abs\u00e4tze gelten auch f\u00fcr die Haftung unserer Organe und Erf\u00fcllungsgehilfen.<\/p>\n\n\n\n<p><strong>\u00a79 Force Majeure<\/strong><\/p>\n\n\n\n<p>[1] Bei Ereignissen und Umst\u00e4nden, deren Eintritt au\u00dferhalb unseres Einflussbereichs liegt (z.B. Naturereignisse, Krieg, Arbeitsk\u00e4mpfe, Rohstoff- und Energiemangel, Verkehrs- und Betriebsst\u00f6rungen, Feuer- und Explosionssch\u00e4den, \u00f6ffentlich-rechtliche Eingriffe), sind wir f\u00fcr die Dauer und im Umfang der St\u00f6rung von unseren vertraglichen Pflichten entbunden.<\/p>\n\n\n\n<p>[2] Wir sind insbesondere nicht verpflichtet, auf eigene Kosten und auf eigene Gefahr Ware bei Dritten zu beschaffen.<\/p>\n\n\n\n<p>[3] Falls Umst\u00e4nde nach Abs. 1 l\u00e4nger als drei Monate andauern sind wir berechtigt, vom Vertrag zur\u00fcckzutreten.<\/p>\n\n\n\n<p><strong>\u00a710 Eigentumsvorbehalt<\/strong><\/p>\n\n\n\n<p>[1] Der nachfolgend vereinbarte Eigentumsvorbehalt dient der Sicherung aller unserer jeweils bestehenden derzeitigen und k\u00fcnftigen Forderungen gegen den K\u00e4ufer aus der bestehenden Lieferbeziehung.<\/p>\n\n\n\n<p>[2] Die von uns gelieferte Ware bleibt bis zur vollst\u00e4ndigen Bezahlung aller gesicherten Forderungen unser Eigentum. Die Ware sowie die nach den nachfolgenden Bestimmungen an ihre Stelle tretende, vom Eigentumsvorbehalt erfasste Ware wird nachfolgend &#8220;Vorbehaltsware&#8221; genannt.<\/p>\n\n\n\n<p>[3] Der K\u00e4ufer ist berechtigt, die Vorbehaltsware im ordnungsgem\u00e4\u00dfen Gesch\u00e4ftsverkehr zu verarbeiten und zu ver\u00e4u\u00dfern. Verpf\u00e4ndungen und Sicherungs\u00fcbereignungen sind unzul\u00e4ssig.<\/p>\n\n\n\n<p>[4] Wird die Vorbehaltsware vom K\u00e4ufer verarbeitet, erfolgt die Verarbeitung im unserem Namen und unsere Rechnung als Hersteller. Wir erwerben unmittelbar das Eigentum oder \u2013 wenn die Verarbeitung aus Stoffen mehrerer Eigent\u00fcmer erfolgt oder der Wert der verarbeiteten Sache h\u00f6her ist als der Wert der Vorbehaltsware \u2013 das Miteigentum (Bruchteilseigentum) an der neu geschaffenen Sache im Verh\u00e4ltnis des Werts der Vorbehaltsware zum Wert der neu geschaffenen Sache. F\u00fcr den Fall, dass kein solcher Eigentumserwerb bei uns eintreten sollte, \u00fcbertr\u00e4gt der K\u00e4ufer bereits jetzt sein k\u00fcnftiges Eigentum oder \u2013 im o.g. Verh\u00e4ltnis \u2013 Miteigentum an der neu geschaffenen Sache zur Sicherheit an uns. Wird die Vorbehaltsware mit anderen Sachen zu einer einheitlichen Sache verbunden oder untrennbar vermischt und ist eine der anderen Sachen als Hauptsache anzusehen, \u00fcbertragen wir, soweit die Hauptsache uns geh\u00f6rt, dem K\u00e4ufer anteilig das Miteigentum an der einheitlichen Sache in dem in Satz 1 genannten Verh\u00e4ltnis.<\/p>\n\n\n\n<p>[5] Im Fall der Weiterver\u00e4u\u00dferung der Vorbehaltsware tritt der K\u00e4ufer bereits jetzt sicherungshalber die hieraus entstehende Forderung gegen den Erwerber \u2013 bei Miteigentum der Vorbehaltsware anteilig entsprechend dem Miteigentumsanteil \u2013 an uns ab. Gleiches gilt f\u00fcr sonstige Forderungen, die an die Stelle der Vorbehaltsware treten oder sonst hinsichtlich der Vorbehaltsware entstehen, wie z.B. Versicherungsanspr\u00fcche oder Anspr\u00fcche aus unerlaubter Handlung bei Verlust oder Zerst\u00f6rung. Wir erm\u00e4chtigen den K\u00e4ufer widerruflich, die an uns abgetretenen Forderungen im eigenen Namen einzuziehen. Wir werden diese Einzugserm\u00e4chtigung nur im Verwertungsfall widerrufen.[6] Greifen Dritte auf die Vorbehaltsware zu, insbesondere durch Pf\u00e4ndung, wird der K\u00e4ufer sie unverz\u00fcglich auf unser Eigentum hinweisen und uns unverz\u00fcglich hier\u00fcber informieren. Sofern der Dritte nicht in der Lage ist, uns die in diesem Zusammenhang entstehenden gerichtlichen oder au\u00dfergerichtlichen Kosten zu erstatten, haftet hierf\u00fcr der K\u00e4ufer.<\/p>\n\n\n\n<p>[7] Wir werden die Vorbehaltsware sowie die an ihre Stelle tretenden Sachen oder Forderungen freigeben, soweit ihr Wert die H\u00f6he der gesicherten Forderungen um mehr als 50% \u00fcbersteigt. Die Auswahl der danach freizugebenden Gegenst\u00e4nde liegt bei uns.<\/p>\n\n\n\n<p><strong>\u00a711 Gerichtsstand<\/strong><\/p>\n\n\n\n<p>[1] Die Rechtsbeziehungen zwischen uns und unseren Kunden unterliegen ausschlie\u00dflich dem Recht der Bundesrepublik Deutschland unter Ausschluss des \u00dcbereinkommens der Vereinten Nationen vom 11. April 1980 \u00fcber Vertr\u00e4ge \u00fcber den internationalen Warenkauf (CISG).<\/p>\n\n\n\n<p>[2] F\u00fcr alle Streitigkeiten aus oder im Zusammenhang mit diesem Vertrag, einschlie\u00dflich solcher \u00fcber seine G\u00fcltigkeit, gilt der ausschlie\u00dfliche Gerichtsstand Saarbr\u00fccken.<\/p>\n\n\n\n<div class=\"wp-block-buttons is-layout-flex wp-block-buttons-is-layout-flex\">\n<div class=\"wp-block-button\"><a class=\"wp-block-button__link wp-element-button\" href=\"https:\/\/www.mpfiltri.com\/wp-content\/uploads\/2025\/11\/AGB_MPFiltri_2025.pdf\" target=\"_blank\" rel=\"noreferrer noopener\">Download<\/a><\/div>\n<\/div>\n<\/div><\/div><\/div>\n<\/div><\/div>\n\n\n\n<div class=\"wp-block-stackable-columns stk-block-columns stk-block stk-b4389cd body-lines height-100\" data-block-id=\"b4389cd\"><style>.stk-b4389cd {margin-top:0px !important;margin-right:0px !important;margin-bottom:0px !important;margin-left:0px !important;}.stk-b4389cd-column{--stk-columns-spacing:0px !important;}<\/style><div class=\"stk-row stk-inner-blocks stk-block-content stk-content-align stk-b4389cd-column\">\n<div class=\"wp-block-stackable-column stk-block-column stk-column stk-block stk-1007f7e\" data-v=\"4\" data-block-id=\"1007f7e\"><div class=\"stk-column-wrapper stk-block-column__content stk-container stk-1007f7e-container stk--no-background stk--no-padding\"><div class=\"stk-block-content stk-inner-blocks stk-1007f7e-inner-blocks\"><\/div><\/div><\/div>\n<\/div><\/div>\n","protected":false},"excerpt":{"rendered":"<p>Allgemeine Gesch\u00e4ftsbedingungen \u00a71 Geltung [1] Die MP Filtri Germany GmbH vertreibt die Produkte der MP Filtri Firmengruppe sowie Produkte ausgew\u00e4hlter Dritter als Handelsunternehmen national und international. S\u00e4mtliche Lieferungen und Leistungen durch uns erfolgen ausschlie\u00dflich auf Grundlage dieser Allgemeinen Gesch\u00e4ftsbedingungen (AGB). Abweichungen von diesen AGB bed\u00fcrfen der ausdr\u00fccklichen schriftlichen Best\u00e4tigung durch uns. Diese AGB gelten bei [&hellip;]<\/p>\n","protected":false},"author":3,"featured_media":0,"parent":0,"menu_order":311,"comment_status":"closed","ping_status":"closed","template":"","meta":{"_acf_changed":false,"_gspb_post_css":"","inline_featured_image":false,"_genesis_hide_title":false,"_genesis_hide_breadcrumbs":false,"_genesis_hide_singular_image":false,"_genesis_hide_footer_widgets":false,"_genesis_custom_body_class":"","_genesis_custom_post_class":"","_genesis_layout":"","footnotes":"","_links_to":"","_links_to_target":""},"class_list":{"0":"post-43208","1":"page","2":"type-page","3":"status-publish","5":"entry"},"acf":[],"yoast_head":"<!-- This site is optimized with the Yoast SEO plugin v27.2 - https:\/\/yoast.com\/product\/yoast-seo-wordpress\/ -->\n<title>Allgemeine Gesch\u00e4ftsbedingungen - MP Filtri<\/title>\n<meta name=\"robots\" content=\"index, follow, max-snippet:-1, max-image-preview:large, max-video-preview:-1\" \/>\n<link rel=\"canonical\" href=\"https:\/\/www.mpfiltri.com\/de\/allgemeine-geschaeftsbedingungen\/\" \/>\n<meta property=\"og:locale\" content=\"de_DE\" \/>\n<meta property=\"og:type\" content=\"article\" \/>\n<meta property=\"og:title\" content=\"Allgemeine Gesch\u00e4ftsbedingungen - MP Filtri\" \/>\n<meta property=\"og:description\" content=\"Allgemeine Gesch\u00e4ftsbedingungen \u00a71 Geltung [1] Die MP Filtri Germany GmbH vertreibt die Produkte der MP Filtri Firmengruppe sowie Produkte ausgew\u00e4hlter Dritter als Handelsunternehmen national und international. S\u00e4mtliche Lieferungen und Leistungen durch uns erfolgen ausschlie\u00dflich auf Grundlage dieser Allgemeinen Gesch\u00e4ftsbedingungen (AGB). Abweichungen von diesen AGB bed\u00fcrfen der ausdr\u00fccklichen schriftlichen Best\u00e4tigung durch uns. Diese AGB gelten bei [&hellip;]\" \/>\n<meta property=\"og:url\" content=\"https:\/\/www.mpfiltri.com\/de\/allgemeine-geschaeftsbedingungen\/\" \/>\n<meta property=\"og:site_name\" content=\"MP Filtri\" \/>\n<meta property=\"article:publisher\" content=\"https:\/\/www.facebook.com\/MPFiltriITA\" \/>\n<meta property=\"article:modified_time\" content=\"2025-11-03T15:46:50+00:00\" \/>\n<meta name=\"twitter:card\" content=\"summary_large_image\" \/>\n<meta name=\"twitter:label1\" content=\"Gesch\u00e4tzte Lesezeit\" \/>\n\t<meta name=\"twitter:data1\" content=\"5\u00a0Minuten\" \/>\n<script type=\"application\/ld+json\" class=\"yoast-schema-graph\">{\"@context\":\"https:\/\/schema.org\",\"@graph\":[{\"@type\":\"WebPage\",\"@id\":\"https:\/\/www.mpfiltri.com\/de\/allgemeine-geschaeftsbedingungen\/\",\"url\":\"https:\/\/www.mpfiltri.com\/de\/allgemeine-geschaeftsbedingungen\/\",\"name\":\"Allgemeine Gesch\u00e4ftsbedingungen - MP Filtri\",\"isPartOf\":{\"@id\":\"https:\/\/www.mpfiltri.com\/de\/#website\"},\"datePublished\":\"2025-09-15T12:19:30+00:00\",\"dateModified\":\"2025-11-03T15:46:50+00:00\",\"breadcrumb\":{\"@id\":\"https:\/\/www.mpfiltri.com\/de\/allgemeine-geschaeftsbedingungen\/#breadcrumb\"},\"inLanguage\":\"de\",\"potentialAction\":[{\"@type\":\"ReadAction\",\"target\":[\"https:\/\/www.mpfiltri.com\/de\/allgemeine-geschaeftsbedingungen\/\"]}]},{\"@type\":\"BreadcrumbList\",\"@id\":\"https:\/\/www.mpfiltri.com\/de\/allgemeine-geschaeftsbedingungen\/#breadcrumb\",\"itemListElement\":[{\"@type\":\"ListItem\",\"position\":1,\"name\":\"Home\",\"item\":\"https:\/\/www.mpfiltri.com\/de\/\"},{\"@type\":\"ListItem\",\"position\":2,\"name\":\"Allgemeine Gesch\u00e4ftsbedingungen\"}]},{\"@type\":\"WebSite\",\"@id\":\"https:\/\/www.mpfiltri.com\/de\/#website\",\"url\":\"https:\/\/www.mpfiltri.com\/de\/\",\"name\":\"MP Filtri\",\"description\":\"\",\"publisher\":{\"@id\":\"https:\/\/www.mpfiltri.com\/de\/#organization\"},\"potentialAction\":[{\"@type\":\"SearchAction\",\"target\":{\"@type\":\"EntryPoint\",\"urlTemplate\":\"https:\/\/www.mpfiltri.com\/de\/?s={search_term_string}\"},\"query-input\":{\"@type\":\"PropertyValueSpecification\",\"valueRequired\":true,\"valueName\":\"search_term_string\"}}],\"inLanguage\":\"de\"},{\"@type\":\"Organization\",\"@id\":\"https:\/\/www.mpfiltri.com\/de\/#organization\",\"name\":\"MP Filtri\",\"url\":\"https:\/\/www.mpfiltri.com\/de\/\",\"logo\":{\"@type\":\"ImageObject\",\"inLanguage\":\"de\",\"@id\":\"https:\/\/www.mpfiltri.com\/de\/#\/schema\/logo\/image\/\",\"url\":\"\",\"contentUrl\":\"\",\"caption\":\"MP Filtri\"},\"image\":{\"@id\":\"https:\/\/www.mpfiltri.com\/de\/#\/schema\/logo\/image\/\"},\"sameAs\":[\"https:\/\/www.facebook.com\/MPFiltriITA\",\"https:\/\/www.instagram.com\/mpfiltri\/\",\"https:\/\/www.youtube.com\/channel\/UCCzNMySYc1c4M-2B4v0K_QA?view_as=subscriber\",\"https:\/\/www.linkedin.com\/company\/mp-filtri-spa\/\"]}]}<\/script>\n<!-- \/ Yoast SEO plugin. -->","yoast_head_json":{"title":"Allgemeine Gesch\u00e4ftsbedingungen - MP Filtri","robots":{"index":"index","follow":"follow","max-snippet":"max-snippet:-1","max-image-preview":"max-image-preview:large","max-video-preview":"max-video-preview:-1"},"canonical":"https:\/\/www.mpfiltri.com\/de\/allgemeine-geschaeftsbedingungen\/","og_locale":"de_DE","og_type":"article","og_title":"Allgemeine Gesch\u00e4ftsbedingungen - MP Filtri","og_description":"Allgemeine Gesch\u00e4ftsbedingungen \u00a71 Geltung [1] Die MP Filtri Germany GmbH vertreibt die Produkte der MP Filtri Firmengruppe sowie Produkte ausgew\u00e4hlter Dritter als Handelsunternehmen national und international. S\u00e4mtliche Lieferungen und Leistungen durch uns erfolgen ausschlie\u00dflich auf Grundlage dieser Allgemeinen Gesch\u00e4ftsbedingungen (AGB). Abweichungen von diesen AGB bed\u00fcrfen der ausdr\u00fccklichen schriftlichen Best\u00e4tigung durch uns. Diese AGB gelten bei [&hellip;]","og_url":"https:\/\/www.mpfiltri.com\/de\/allgemeine-geschaeftsbedingungen\/","og_site_name":"MP Filtri","article_publisher":"https:\/\/www.facebook.com\/MPFiltriITA","article_modified_time":"2025-11-03T15:46:50+00:00","twitter_card":"summary_large_image","twitter_misc":{"Gesch\u00e4tzte Lesezeit":"5\u00a0Minuten"},"schema":{"@context":"https:\/\/schema.org","@graph":[{"@type":"WebPage","@id":"https:\/\/www.mpfiltri.com\/de\/allgemeine-geschaeftsbedingungen\/","url":"https:\/\/www.mpfiltri.com\/de\/allgemeine-geschaeftsbedingungen\/","name":"Allgemeine Gesch\u00e4ftsbedingungen - MP Filtri","isPartOf":{"@id":"https:\/\/www.mpfiltri.com\/de\/#website"},"datePublished":"2025-09-15T12:19:30+00:00","dateModified":"2025-11-03T15:46:50+00:00","breadcrumb":{"@id":"https:\/\/www.mpfiltri.com\/de\/allgemeine-geschaeftsbedingungen\/#breadcrumb"},"inLanguage":"de","potentialAction":[{"@type":"ReadAction","target":["https:\/\/www.mpfiltri.com\/de\/allgemeine-geschaeftsbedingungen\/"]}]},{"@type":"BreadcrumbList","@id":"https:\/\/www.mpfiltri.com\/de\/allgemeine-geschaeftsbedingungen\/#breadcrumb","itemListElement":[{"@type":"ListItem","position":1,"name":"Home","item":"https:\/\/www.mpfiltri.com\/de\/"},{"@type":"ListItem","position":2,"name":"Allgemeine Gesch\u00e4ftsbedingungen"}]},{"@type":"WebSite","@id":"https:\/\/www.mpfiltri.com\/de\/#website","url":"https:\/\/www.mpfiltri.com\/de\/","name":"MP Filtri","description":"","publisher":{"@id":"https:\/\/www.mpfiltri.com\/de\/#organization"},"potentialAction":[{"@type":"SearchAction","target":{"@type":"EntryPoint","urlTemplate":"https:\/\/www.mpfiltri.com\/de\/?s={search_term_string}"},"query-input":{"@type":"PropertyValueSpecification","valueRequired":true,"valueName":"search_term_string"}}],"inLanguage":"de"},{"@type":"Organization","@id":"https:\/\/www.mpfiltri.com\/de\/#organization","name":"MP Filtri","url":"https:\/\/www.mpfiltri.com\/de\/","logo":{"@type":"ImageObject","inLanguage":"de","@id":"https:\/\/www.mpfiltri.com\/de\/#\/schema\/logo\/image\/","url":"","contentUrl":"","caption":"MP Filtri"},"image":{"@id":"https:\/\/www.mpfiltri.com\/de\/#\/schema\/logo\/image\/"},"sameAs":["https:\/\/www.facebook.com\/MPFiltriITA","https:\/\/www.instagram.com\/mpfiltri\/","https:\/\/www.youtube.com\/channel\/UCCzNMySYc1c4M-2B4v0K_QA?view_as=subscriber","https:\/\/www.linkedin.com\/company\/mp-filtri-spa\/"]}]}},"featured_image_src":null,"featured_image_src_square":null,"_links":{"self":[{"href":"https:\/\/www.mpfiltri.com\/de\/wp-json\/wp\/v2\/pages\/43208","targetHints":{"allow":["GET"]}}],"collection":[{"href":"https:\/\/www.mpfiltri.com\/de\/wp-json\/wp\/v2\/pages"}],"about":[{"href":"https:\/\/www.mpfiltri.com\/de\/wp-json\/wp\/v2\/types\/page"}],"author":[{"embeddable":true,"href":"https:\/\/www.mpfiltri.com\/de\/wp-json\/wp\/v2\/users\/3"}],"replies":[{"embeddable":true,"href":"https:\/\/www.mpfiltri.com\/de\/wp-json\/wp\/v2\/comments?post=43208"}],"version-history":[{"count":4,"href":"https:\/\/www.mpfiltri.com\/de\/wp-json\/wp\/v2\/pages\/43208\/revisions"}],"predecessor-version":[{"id":80980,"href":"https:\/\/www.mpfiltri.com\/de\/wp-json\/wp\/v2\/pages\/43208\/revisions\/80980"}],"wp:attachment":[{"href":"https:\/\/www.mpfiltri.com\/de\/wp-json\/wp\/v2\/media?parent=43208"}],"curies":[{"name":"wp","href":"https:\/\/api.w.org\/{rel}","templated":true}]}}