

{"id":34166,"date":"2025-06-26T18:30:46","date_gmt":"2025-06-26T16:30:46","guid":{"rendered":"https:\/\/www.mpfiltri.com\/unternehmen\/governance\/"},"modified":"2026-02-16T16:31:31","modified_gmt":"2026-02-16T15:31:31","slug":"governance","status":"publish","type":"page","link":"https:\/\/www.mpfiltri.com\/de\/unternehmen\/governance\/","title":{"rendered":"Governance"},"content":{"rendered":"\n<div class=\"wp-block-stackable-columns stk-block-columns stk-block stk-7104bff\" data-block-id=\"7104bff\"><style>.stk-7104bff {margin-top:0px !important;margin-right:0px !important;margin-bottom:0px !important;margin-left:0px !important;}.stk-7104bff-column{--stk-columns-spacing:0px !important;flex-wrap:wrap !important;--stk-flex-grow:0 !important;}<\/style><div class=\"stk-row stk-inner-blocks stk-block-content stk-content-align stk-7104bff-column\">\n<div class=\"wp-block-stackable-column stk-block-column stk-column stk-block stk-d637e12\" data-v=\"4\" data-block-id=\"d637e12\"><style>.stk-d637e12 {border-style:solid !important;border-color:#E6E6E6 !important;border-top-width:1px !important;border-right-width:1px !important;border-bottom-width:1px !important;border-left-width:1px !important;padding-top:60px !important;padding-right:30px !important;padding-bottom:60px !important;padding-left:30px !important;margin-top:0px !important;margin-right:0px !important;margin-bottom:0px !important;margin-left:0px !important;}@media screen and (min-width: 768px) and (max-width: 1023px){.stk-d637e12 {flex:var(--stk-flex-grow, 1) 1 calc(100% - var(--stk-column-gap, 0px) * 0 \/ 1 ) !important;}}<\/style><div class=\"stk-column-wrapper stk-block-column__content stk-container stk-d637e12-container stk--no-background stk--no-padding\"><div class=\"stk-block-content stk-inner-blocks stk-d637e12-inner-blocks\">\n<h2 class=\"wp-block-heading\" id=\"governance\">Governance<\/h2>\n\n\n\n<p>Die Corporate Governance von MP Filtri stellt das Management- und Kontrollsystem des Unternehmens dar, das darauf abzielt, nachhaltigen Wert f\u00fcr alle Beteiligten zu schaffen.<\/p>\n\n\n\n<p>Zur Erreichung dieses Ziels hat MP Filtri<\/p>\n\n\n\n<ul class=\"wp-block-list\">\n<li>einen Ethik-Kodex entwickelt, der die Verhaltensgrunds\u00e4tze des Unternehmens und seiner Interessensvertreter definiert.<\/li>\n<\/ul>\n\n\n\n<ul class=\"wp-block-list\">\n<li>ein Organisations- und Managementmodell, welches das Bewusstsein f\u00fcr Rechtsrisiken f\u00f6rdert und Verfahren zur Bewertung, Kontrolle und Pr\u00e4vention unter der Aufsicht eines \u00dcberwachungsorgans vorsieht.<\/li>\n<\/ul>\n\n\n\n<ul class=\"wp-block-list\">\n<li>eine Geschlechtergleichstellungspolitik, die die Unternehmensma\u00dfnahmen auf die F\u00f6rderung gleicher Chancen und die Umsetzung konkreter Ma\u00dfnahmen auf kultureller und organisatorischer Ebene ausrichtet.<\/li>\n<\/ul>\n\n\n\n<div class=\"wp-block-stackable-spacer stk-block-spacer stk--no-padding stk-block stk-d172f71\" data-block-id=\"d172f71\"><style>.stk-d172f71 {height:50px !important;}<\/style><\/div>\n\n\n\n<div id=\"file-downloadblock_78ae3aa5fd0fce1c690d834afbe6fa6f\" class=\"file-download\">\n            <div class=\"presentation-text\">Download<\/div>\n    \n    <div class=\"files\">\n                        <div class=\"single-file\">\n                    <a href=\"\" class=\"file-url\" data-file-type=\"\"\n                        aria-label=\"Ethik-Kodex, CORPORATE DOCS, , 0 KB. Datei herunterladen\"\n                        target=\"_blank\" rel=\"noopener noreferrer\">\n                        <div class=\"download-img\" aria-hidden=\"true\">\n                                                            <img decoding=\"async\" src=\"http:\/\/.jpg\" alt=\"\"\/>\n                                                    <\/div>\n                        <div class=\"file-info\">\n                            <p class=\"file-name\">Ethik-Kodex<\/p>\n                                                        <p class=\"file-subtitle\">CORPORATE DOCS<\/p>\n                                                            <div class=\"tech-info\">\n                                    <p class=\"file-type\"><\/p> |\n                                    <p class=\"file-size\">0 KB<\/p>\n                                <\/div>\n                                                    <\/div>\n                    <\/a>\n                <\/div>\n                <\/div>\n<\/div>\n<\/div><\/div><\/div>\n\n\n\n<div class=\"wp-block-stackable-column stk-block-column stk-column stk-block stk-550ac66\" data-v=\"4\" data-block-id=\"550ac66\"><style>.stk-550ac66 {border-style:solid !important;border-color:#E6E6E6 !important;border-top-width:0px !important;border-right-width:1px !important;border-bottom-width:1px !important;border-left-width:0px !important;margin-top:0px !important;margin-right:0px !important;margin-bottom:0px !important;margin-left:0px !important;}@media screen and (min-width: 768px) and (max-width: 1023px){.stk-550ac66 {flex:var(--stk-flex-grow, 1) 1 calc(100% - var(--stk-column-gap, 0px) * 0 \/ 1 ) !important;}}<\/style><div class=\"stk-column-wrapper stk-block-column__content stk-container stk-550ac66-container stk--no-background stk--no-padding\"><div class=\"stk-block-content stk-inner-blocks stk-550ac66-inner-blocks\">\n<div class=\"wp-block-stackable-image stk-block-image stk-block stk-3549b6c\" data-block-id=\"3549b6c\"><figure><span class=\"stk-img-wrapper stk-image--shape-stretch\"><img loading=\"lazy\" decoding=\"async\" class=\"stk-img wp-image-34148\" src=\"https:\/\/www.mpfiltri.com\/wp-content\/uploads\/2025\/06\/governance.jpg\" width=\"630\" height=\"382\" alt=\"Mission and vision's media\" srcset=\"https:\/\/www.mpfiltri.com\/wp-content\/uploads\/2025\/06\/governance.jpg 630w, https:\/\/www.mpfiltri.com\/wp-content\/uploads\/2025\/06\/governance-300x182.jpg 300w\" sizes=\"auto, (max-width: 630px) 100vw, 630px\" \/><\/span><\/figure><\/div>\n<\/div><\/div><\/div>\n<\/div><\/div>\n\n\n\n<div class=\"wp-block-stackable-columns stk-block-columns stk-block stk-820bb05 body-lines height-100\" data-block-id=\"820bb05\"><style>.stk-820bb05 {margin-top:0px !important;margin-right:0px !important;margin-bottom:0px !important;margin-left:0px !important;}.stk-820bb05-column{--stk-columns-spacing:0px !important;}<\/style><div class=\"stk-row stk-inner-blocks stk-block-content stk-content-align stk-820bb05-column\">\n<div class=\"wp-block-stackable-column stk-block-column stk-column stk-block stk-745f29b\" data-v=\"4\" data-block-id=\"745f29b\"><div class=\"stk-column-wrapper stk-block-column__content stk-container stk-745f29b-container stk--no-background stk--no-padding\"><div class=\"stk-block-content stk-inner-blocks stk-745f29b-inner-blocks\"><\/div><\/div><\/div>\n\n\n\n<div class=\"wp-block-stackable-column stk-block-column stk-column stk-block stk-0576f85\" data-v=\"4\" data-block-id=\"0576f85\"><div class=\"stk-column-wrapper stk-block-column__content stk-container stk-0576f85-container stk--no-background stk--no-padding\"><div class=\"stk-block-content stk-inner-blocks stk-0576f85-inner-blocks\"><\/div><\/div><\/div>\n<\/div><\/div>\n\n\n\n<div class=\"wp-block-stackable-columns stk-block-columns stk-block stk-ad9f05d\" data-block-id=\"ad9f05d\"><style>.stk-ad9f05d {margin-top:0px !important;margin-right:0px !important;margin-bottom:0px !important;margin-left:0px !important;}.stk-ad9f05d-column{--stk-columns-spacing:0px !important;flex-wrap:wrap !important;--stk-flex-grow:0 !important;}<\/style><div class=\"stk-row stk-inner-blocks stk-block-content stk-content-align stk-ad9f05d-column\">\n<div class=\"wp-block-stackable-column stk-block-column stk-column stk-block stk-886f349\" data-v=\"4\" data-block-id=\"886f349\"><style>.stk-886f349 {border-style:solid !important;border-color:#E6E6E6 !important;border-top-width:0px !important;border-right-width:1px !important;border-bottom-width:1px !important;border-left-width:0px !important;margin-top:0px !important;margin-right:0px !important;margin-bottom:0px !important;margin-left:0px !important;}@media screen and (min-width: 768px) and (max-width: 1023px){.stk-886f349 {flex:var(--stk-flex-grow, 1) 1 calc(100% - var(--stk-column-gap, 0px) * 0 \/ 1 ) !important;}}<\/style><div class=\"stk-column-wrapper stk-block-column__content stk-container stk-886f349-container stk--no-background stk--no-padding\"><div class=\"stk-block-content stk-inner-blocks stk-886f349-inner-blocks\">\n<div class=\"wp-block-stackable-image stk-block-image stk-block stk-52c2239\" data-block-id=\"52c2239\"><figure><span class=\"stk-img-wrapper stk-image--shape-stretch\"><img loading=\"lazy\" decoding=\"async\" class=\"stk-img wp-image-38886\" src=\"https:\/\/www.mpfiltri.com\/wp-content\/uploads\/2025\/10\/img-welfare.webp\" width=\"1000\" height=\"667\" alt=\"Mission and vision's media\" srcset=\"https:\/\/www.mpfiltri.com\/wp-content\/uploads\/2025\/10\/img-welfare.webp 1000w, https:\/\/www.mpfiltri.com\/wp-content\/uploads\/2025\/10\/img-welfare-300x200.webp 300w, https:\/\/www.mpfiltri.com\/wp-content\/uploads\/2025\/10\/img-welfare-768x512.webp 768w, https:\/\/www.mpfiltri.com\/wp-content\/uploads\/2025\/10\/img-welfare-600x400.webp 600w, https:\/\/www.mpfiltri.com\/wp-content\/uploads\/2025\/10\/img-welfare-655x437.webp 655w\" sizes=\"auto, (max-width: 1000px) 100vw, 1000px\" \/><\/span><\/figure><\/div>\n<\/div><\/div><\/div>\n\n\n\n<div class=\"wp-block-stackable-column stk-block-column stk-column stk-block stk-ca00399\" data-v=\"4\" data-block-id=\"ca00399\"><style>.stk-ca00399 {border-style:solid !important;border-color:#E6E6E6 !important;border-top-width:1px !important;border-right-width:1px !important;border-bottom-width:1px !important;border-left-width:1px !important;padding-top:60px !important;padding-right:30px !important;padding-bottom:60px !important;padding-left:30px !important;margin-top:0px !important;margin-right:0px !important;margin-bottom:0px !important;margin-left:0px !important;}@media screen and (min-width: 768px) and (max-width: 1023px){.stk-ca00399 {flex:var(--stk-flex-grow, 1) 1 calc(100% - var(--stk-column-gap, 0px) * 0 \/ 1 ) !important;}}<\/style><div class=\"stk-column-wrapper stk-block-column__content stk-container stk-ca00399-container stk--no-background stk--no-padding\"><div class=\"stk-block-content stk-inner-blocks stk-ca00399-inner-blocks\">\n<h2 class=\"wp-block-heading\" id=\"meldewesen\">Meldewesen<\/h2>\n\n\n\n<p>In \u00dcbereinstimmung mit der aktuellen Gesetzgebung bietet MP Filtri die M\u00f6glichkeit, jegliches rechtswidrige Verhalten, das Ihnen bekannt wird, zu melden, wobei Regeln zum Schutz der meldenden Personen eingef\u00fchrt werden. Daher steht eine spezielle Meldeplattform zur Verf\u00fcgung, die \u00fcber ein dediziertes Portal durch Klicken auf die Schaltfl\u00e4che &#8220;Meldewesen&#8221; zug\u00e4nglich ist:<\/p>\n\n\n\n<div class=\"gspb_button_wrapper gspb_button-id-gsbp-a30d769\" id=\"gspb_button-id-gsbp-a30d769\"><a class=\"wp-block-greenshift-blocks-buttonbox gspb-buttonbox wp-element-button\" href=\"https:\/\/mpfiltri.integrityline.com\/\" target=\"_blank\" rel=\"noopener\"><span class=\"gspb-buttonbox-textwrap\"><span class=\"gspb-buttonbox-text\"><span class=\"gspb-buttonbox-title\">Meldewesen<\/span><\/span><\/span><\/a><\/div>\n<\/div><\/div><\/div>\n<\/div><\/div>\n\n\n\n<div class=\"wp-block-stackable-columns stk-block-columns stk-block stk-f7a52c5 body-lines height-100\" data-block-id=\"f7a52c5\"><style>.stk-f7a52c5 {margin-top:0px !important;margin-right:0px !important;margin-bottom:0px !important;margin-left:0px !important;}.stk-f7a52c5-column{--stk-columns-spacing:0px !important;}<\/style><div class=\"stk-row stk-inner-blocks stk-block-content stk-content-align stk-f7a52c5-column\">\n<div class=\"wp-block-stackable-column stk-block-column stk-column stk-block stk-ea788f1\" data-v=\"4\" data-block-id=\"ea788f1\"><div class=\"stk-column-wrapper stk-block-column__content stk-container stk-ea788f1-container stk--no-background stk--no-padding\"><div class=\"stk-block-content stk-inner-blocks stk-ea788f1-inner-blocks\"><\/div><\/div><\/div>\n\n\n\n<div class=\"wp-block-stackable-column stk-block-column stk-column stk-block stk-4390e3e\" data-v=\"4\" data-block-id=\"4390e3e\"><div class=\"stk-column-wrapper stk-block-column__content stk-container stk-4390e3e-container stk--no-background stk--no-padding\"><div class=\"stk-block-content stk-inner-blocks stk-4390e3e-inner-blocks\"><\/div><\/div><\/div>\n<\/div><\/div>\n","protected":false},"excerpt":{"rendered":"<p>Governance Die Corporate Governance von MP Filtri stellt das Management- und Kontrollsystem des Unternehmens dar, das darauf abzielt, nachhaltigen Wert f\u00fcr alle Beteiligten zu schaffen. Zur Erreichung dieses Ziels hat MP Filtri Meldewesen In \u00dcbereinstimmung mit der aktuellen Gesetzgebung bietet MP Filtri die M\u00f6glichkeit, jegliches rechtswidrige Verhalten, das Ihnen bekannt wird, zu melden, wobei Regeln [&hellip;]<\/p>\n","protected":false},"author":7,"featured_media":0,"parent":13378,"menu_order":82,"comment_status":"closed","ping_status":"closed","template":"","meta":{"_acf_changed":false,"_gspb_post_css":"#gspb_button-id-gsbp-a30d769{display:flex;justify-content:flex-start}#gspb_button-id-gsbp-a30d769 .gspb-buttonbox-text{display:flex;flex-direction:column}#gspb_button-id-gsbp-a30d769>.gspb-buttonbox{box-sizing:border-box}","inline_featured_image":false,"_genesis_hide_title":false,"_genesis_hide_breadcrumbs":false,"_genesis_hide_singular_image":false,"_genesis_hide_footer_widgets":false,"_genesis_custom_body_class":"","_genesis_custom_post_class":"","_genesis_layout":"","footnotes":"","_links_to":"","_links_to_target":""},"class_list":{"0":"post-34166","1":"page","2":"type-page","3":"status-publish","5":"entry"},"acf":[],"yoast_head":"<!-- This site is optimized with the Yoast SEO plugin v27.2 - https:\/\/yoast.com\/product\/yoast-seo-wordpress\/ -->\n<title>Unternehmensf\u00fchrung \u2013 MP Filtri<\/title>\n<meta name=\"description\" content=\"Transparente Governance f\u00fcr Hydraulikfilter, R\u00fccklauffilter und Filter Spin-On nach h\u00f6chsten Qualit\u00e4tsstandards.\" \/>\n<meta name=\"robots\" content=\"index, follow, max-snippet:-1, max-image-preview:large, max-video-preview:-1\" \/>\n<link rel=\"canonical\" href=\"https:\/\/www.mpfiltri.com\/de\/unternehmen\/governance\/\" \/>\n<meta property=\"og:locale\" content=\"de_DE\" \/>\n<meta property=\"og:type\" content=\"article\" \/>\n<meta property=\"og:title\" content=\"Unternehmensf\u00fchrung \u2013 MP Filtri\" \/>\n<meta property=\"og:description\" content=\"Transparente Governance f\u00fcr Hydraulikfilter, R\u00fccklauffilter und Filter Spin-On nach h\u00f6chsten Qualit\u00e4tsstandards.\" \/>\n<meta property=\"og:url\" content=\"https:\/\/www.mpfiltri.com\/de\/unternehmen\/governance\/\" \/>\n<meta property=\"og:site_name\" content=\"MP Filtri\" \/>\n<meta property=\"article:publisher\" content=\"https:\/\/www.facebook.com\/MPFiltriITA\" \/>\n<meta property=\"article:modified_time\" content=\"2026-02-16T15:31:31+00:00\" \/>\n<meta property=\"og:image\" content=\"https:\/\/www.mpfiltri.com\/wp-content\/uploads\/2025\/06\/governance.jpg\" \/>\n<meta name=\"twitter:card\" content=\"summary_large_image\" \/>\n<meta name=\"twitter:label1\" content=\"Gesch\u00e4tzte Lesezeit\" \/>\n\t<meta name=\"twitter:data1\" content=\"2\u00a0Minuten\" \/>\n<script type=\"application\/ld+json\" class=\"yoast-schema-graph\">{\"@context\":\"https:\/\/schema.org\",\"@graph\":[{\"@type\":\"WebPage\",\"@id\":\"https:\/\/www.mpfiltri.com\/de\/unternehmen\/governance\/\",\"url\":\"https:\/\/www.mpfiltri.com\/de\/unternehmen\/governance\/\",\"name\":\"Unternehmensf\u00fchrung \u2013 MP Filtri\",\"isPartOf\":{\"@id\":\"https:\/\/www.mpfiltri.com\/de\/#website\"},\"primaryImageOfPage\":{\"@id\":\"https:\/\/www.mpfiltri.com\/de\/unternehmen\/governance\/#primaryimage\"},\"image\":{\"@id\":\"https:\/\/www.mpfiltri.com\/de\/unternehmen\/governance\/#primaryimage\"},\"thumbnailUrl\":\"https:\/\/www.mpfiltri.com\/wp-content\/uploads\/2025\/06\/governance.jpg\",\"datePublished\":\"2025-06-26T16:30:46+00:00\",\"dateModified\":\"2026-02-16T15:31:31+00:00\",\"description\":\"Transparente Governance f\u00fcr Hydraulikfilter, R\u00fccklauffilter und Filter Spin-On nach h\u00f6chsten Qualit\u00e4tsstandards.\",\"breadcrumb\":{\"@id\":\"https:\/\/www.mpfiltri.com\/de\/unternehmen\/governance\/#breadcrumb\"},\"inLanguage\":\"de\",\"potentialAction\":[{\"@type\":\"ReadAction\",\"target\":[\"https:\/\/www.mpfiltri.com\/de\/unternehmen\/governance\/\"]}]},{\"@type\":\"ImageObject\",\"inLanguage\":\"de\",\"@id\":\"https:\/\/www.mpfiltri.com\/de\/unternehmen\/governance\/#primaryimage\",\"url\":\"https:\/\/www.mpfiltri.com\/wp-content\/uploads\/2025\/06\/governance.jpg\",\"contentUrl\":\"https:\/\/www.mpfiltri.com\/wp-content\/uploads\/2025\/06\/governance.jpg\"},{\"@type\":\"BreadcrumbList\",\"@id\":\"https:\/\/www.mpfiltri.com\/de\/unternehmen\/governance\/#breadcrumb\",\"itemListElement\":[{\"@type\":\"ListItem\",\"position\":1,\"name\":\"Home\",\"item\":\"https:\/\/www.mpfiltri.com\/de\/\"},{\"@type\":\"ListItem\",\"position\":2,\"name\":\"Unternehmen\",\"item\":\"https:\/\/www.mpfiltri.com\/de\/unternehmen\/\"},{\"@type\":\"ListItem\",\"position\":3,\"name\":\"Governance\"}]},{\"@type\":\"WebSite\",\"@id\":\"https:\/\/www.mpfiltri.com\/de\/#website\",\"url\":\"https:\/\/www.mpfiltri.com\/de\/\",\"name\":\"MP Filtri\",\"description\":\"\",\"publisher\":{\"@id\":\"https:\/\/www.mpfiltri.com\/de\/#organization\"},\"potentialAction\":[{\"@type\":\"SearchAction\",\"target\":{\"@type\":\"EntryPoint\",\"urlTemplate\":\"https:\/\/www.mpfiltri.com\/de\/?s={search_term_string}\"},\"query-input\":{\"@type\":\"PropertyValueSpecification\",\"valueRequired\":true,\"valueName\":\"search_term_string\"}}],\"inLanguage\":\"de\"},{\"@type\":\"Organization\",\"@id\":\"https:\/\/www.mpfiltri.com\/de\/#organization\",\"name\":\"MP Filtri\",\"url\":\"https:\/\/www.mpfiltri.com\/de\/\",\"logo\":{\"@type\":\"ImageObject\",\"inLanguage\":\"de\",\"@id\":\"https:\/\/www.mpfiltri.com\/de\/#\/schema\/logo\/image\/\",\"url\":\"\",\"contentUrl\":\"\",\"caption\":\"MP Filtri\"},\"image\":{\"@id\":\"https:\/\/www.mpfiltri.com\/de\/#\/schema\/logo\/image\/\"},\"sameAs\":[\"https:\/\/www.facebook.com\/MPFiltriITA\",\"https:\/\/www.instagram.com\/mpfiltri\/\",\"https:\/\/www.youtube.com\/channel\/UCCzNMySYc1c4M-2B4v0K_QA?view_as=subscriber\",\"https:\/\/www.linkedin.com\/company\/mp-filtri-spa\/\"]}]}<\/script>\n<!-- \/ Yoast SEO plugin. -->","yoast_head_json":{"title":"Unternehmensf\u00fchrung \u2013 MP Filtri","description":"Transparente Governance f\u00fcr Hydraulikfilter, R\u00fccklauffilter und Filter Spin-On nach h\u00f6chsten Qualit\u00e4tsstandards.","robots":{"index":"index","follow":"follow","max-snippet":"max-snippet:-1","max-image-preview":"max-image-preview:large","max-video-preview":"max-video-preview:-1"},"canonical":"https:\/\/www.mpfiltri.com\/de\/unternehmen\/governance\/","og_locale":"de_DE","og_type":"article","og_title":"Unternehmensf\u00fchrung \u2013 MP Filtri","og_description":"Transparente Governance f\u00fcr Hydraulikfilter, R\u00fccklauffilter und Filter Spin-On nach h\u00f6chsten Qualit\u00e4tsstandards.","og_url":"https:\/\/www.mpfiltri.com\/de\/unternehmen\/governance\/","og_site_name":"MP Filtri","article_publisher":"https:\/\/www.facebook.com\/MPFiltriITA","article_modified_time":"2026-02-16T15:31:31+00:00","og_image":[{"url":"https:\/\/www.mpfiltri.com\/wp-content\/uploads\/2025\/06\/governance.jpg","type":"","width":"","height":""}],"twitter_card":"summary_large_image","twitter_misc":{"Gesch\u00e4tzte Lesezeit":"2\u00a0Minuten"},"schema":{"@context":"https:\/\/schema.org","@graph":[{"@type":"WebPage","@id":"https:\/\/www.mpfiltri.com\/de\/unternehmen\/governance\/","url":"https:\/\/www.mpfiltri.com\/de\/unternehmen\/governance\/","name":"Unternehmensf\u00fchrung \u2013 MP Filtri","isPartOf":{"@id":"https:\/\/www.mpfiltri.com\/de\/#website"},"primaryImageOfPage":{"@id":"https:\/\/www.mpfiltri.com\/de\/unternehmen\/governance\/#primaryimage"},"image":{"@id":"https:\/\/www.mpfiltri.com\/de\/unternehmen\/governance\/#primaryimage"},"thumbnailUrl":"https:\/\/www.mpfiltri.com\/wp-content\/uploads\/2025\/06\/governance.jpg","datePublished":"2025-06-26T16:30:46+00:00","dateModified":"2026-02-16T15:31:31+00:00","description":"Transparente Governance f\u00fcr Hydraulikfilter, R\u00fccklauffilter und Filter Spin-On nach h\u00f6chsten Qualit\u00e4tsstandards.","breadcrumb":{"@id":"https:\/\/www.mpfiltri.com\/de\/unternehmen\/governance\/#breadcrumb"},"inLanguage":"de","potentialAction":[{"@type":"ReadAction","target":["https:\/\/www.mpfiltri.com\/de\/unternehmen\/governance\/"]}]},{"@type":"ImageObject","inLanguage":"de","@id":"https:\/\/www.mpfiltri.com\/de\/unternehmen\/governance\/#primaryimage","url":"https:\/\/www.mpfiltri.com\/wp-content\/uploads\/2025\/06\/governance.jpg","contentUrl":"https:\/\/www.mpfiltri.com\/wp-content\/uploads\/2025\/06\/governance.jpg"},{"@type":"BreadcrumbList","@id":"https:\/\/www.mpfiltri.com\/de\/unternehmen\/governance\/#breadcrumb","itemListElement":[{"@type":"ListItem","position":1,"name":"Home","item":"https:\/\/www.mpfiltri.com\/de\/"},{"@type":"ListItem","position":2,"name":"Unternehmen","item":"https:\/\/www.mpfiltri.com\/de\/unternehmen\/"},{"@type":"ListItem","position":3,"name":"Governance"}]},{"@type":"WebSite","@id":"https:\/\/www.mpfiltri.com\/de\/#website","url":"https:\/\/www.mpfiltri.com\/de\/","name":"MP Filtri","description":"","publisher":{"@id":"https:\/\/www.mpfiltri.com\/de\/#organization"},"potentialAction":[{"@type":"SearchAction","target":{"@type":"EntryPoint","urlTemplate":"https:\/\/www.mpfiltri.com\/de\/?s={search_term_string}"},"query-input":{"@type":"PropertyValueSpecification","valueRequired":true,"valueName":"search_term_string"}}],"inLanguage":"de"},{"@type":"Organization","@id":"https:\/\/www.mpfiltri.com\/de\/#organization","name":"MP Filtri","url":"https:\/\/www.mpfiltri.com\/de\/","logo":{"@type":"ImageObject","inLanguage":"de","@id":"https:\/\/www.mpfiltri.com\/de\/#\/schema\/logo\/image\/","url":"","contentUrl":"","caption":"MP Filtri"},"image":{"@id":"https:\/\/www.mpfiltri.com\/de\/#\/schema\/logo\/image\/"},"sameAs":["https:\/\/www.facebook.com\/MPFiltriITA","https:\/\/www.instagram.com\/mpfiltri\/","https:\/\/www.youtube.com\/channel\/UCCzNMySYc1c4M-2B4v0K_QA?view_as=subscriber","https:\/\/www.linkedin.com\/company\/mp-filtri-spa\/"]}]}},"featured_image_src":null,"featured_image_src_square":null,"_links":{"self":[{"href":"https:\/\/www.mpfiltri.com\/de\/wp-json\/wp\/v2\/pages\/34166","targetHints":{"allow":["GET"]}}],"collection":[{"href":"https:\/\/www.mpfiltri.com\/de\/wp-json\/wp\/v2\/pages"}],"about":[{"href":"https:\/\/www.mpfiltri.com\/de\/wp-json\/wp\/v2\/types\/page"}],"author":[{"embeddable":true,"href":"https:\/\/www.mpfiltri.com\/de\/wp-json\/wp\/v2\/users\/7"}],"replies":[{"embeddable":true,"href":"https:\/\/www.mpfiltri.com\/de\/wp-json\/wp\/v2\/comments?post=34166"}],"version-history":[{"count":12,"href":"https:\/\/www.mpfiltri.com\/de\/wp-json\/wp\/v2\/pages\/34166\/revisions"}],"predecessor-version":[{"id":75091,"href":"https:\/\/www.mpfiltri.com\/de\/wp-json\/wp\/v2\/pages\/34166\/revisions\/75091"}],"up":[{"embeddable":true,"href":"https:\/\/www.mpfiltri.com\/de\/wp-json\/wp\/v2\/pages\/13378"}],"wp:attachment":[{"href":"https:\/\/www.mpfiltri.com\/de\/wp-json\/wp\/v2\/media?parent=34166"}],"curies":[{"name":"wp","href":"https:\/\/api.w.org\/{rel}","templated":true}]}}