

{"id":15705,"date":"2024-12-09T13:23:14","date_gmt":"2024-12-09T12:23:14","guid":{"rendered":"https:\/\/www.mpfiltri.com\/cookie-policy\/"},"modified":"2025-11-07T12:52:25","modified_gmt":"2025-11-07T11:52:25","slug":"cookie-richtlinie","status":"publish","type":"page","link":"https:\/\/www.mpfiltri.com\/de\/cookie-richtlinie\/","title":{"rendered":"Cookie-Richtlinie"},"content":{"rendered":"\n<div class=\"wp-block-stackable-columns stk-block-columns stk-block stk-820bb05 body-lines height-100\" data-block-id=\"820bb05\"><style>.stk-820bb05 {margin-top:0px !important;margin-right:0px !important;margin-bottom:0px !important;margin-left:0px !important;}.stk-820bb05-column{--stk-columns-spacing:0px !important;}<\/style><div class=\"stk-row stk-inner-blocks stk-block-content stk-content-align stk-820bb05-column\">\n<div class=\"wp-block-stackable-column stk-block-column stk-column stk-block stk-745f29b\" data-v=\"4\" data-block-id=\"745f29b\"><div class=\"stk-column-wrapper stk-block-column__content stk-container stk-745f29b-container stk--no-background stk--no-padding\"><div class=\"stk-block-content stk-inner-blocks stk-745f29b-inner-blocks\"><\/div><\/div><\/div>\n<\/div><\/div>\n\n\n\n<div class=\"wp-block-stackable-columns stk-block-columns stk-block stk-0cf28ed\" data-block-id=\"0cf28ed\"><style>.stk-0cf28ed {margin-top:0px !important;margin-right:0px !important;margin-bottom:0px !important;margin-left:0px !important;}<\/style><div class=\"stk-row stk-inner-blocks stk-block-content stk-content-align stk-0cf28ed-column\">\n<div class=\"wp-block-stackable-column stk-block-column stk-column stk-block stk-048f6ae\" data-v=\"4\" data-block-id=\"048f6ae\"><style>.stk-048f6ae-inner-blocks{align-items:flex-start !important;}.stk-048f6ae {border-style:solid !important;border-color:#E6E6E6 !important;border-right-width:1px !important;border-left-width:1px !important;padding-right:30px !important;padding-left:30px !important;}<\/style><div class=\"stk-column-wrapper stk-block-column__content stk-container stk-048f6ae-container stk--no-background stk--no-padding\"><div class=\"has-text-align-left stk--column-flex stk-block-content stk-inner-blocks stk-048f6ae-inner-blocks\">\n<h2 class=\"wp-block-heading\" id=\"cookie-richtlinie\">Cookie-richtlinie<\/h2>\n\n\n\n<p><em><strong>Erg\u00e4nzende Information (nach Art. 13 Datenschutz-Grundverordnung) zur Verarbeitung von personenbezogenen Daten durch Cookies&nbsp;<br><\/strong><\/em><\/p>\n\n\n\n<p>Diese Cookie-Richtlinie informiert Sie \u00fcber die Verwendung von Cookies auf der Website&nbsp;<a href=\"https:\/\/www.mpfiltri.de\/\">https:\/\/www.mpfiltri.de\/<\/a>. Sie erg\u00e4nzt die&nbsp;<a href=\"https:\/\/www.mpfiltri.de\/privacy.html\">Datenschutzerkl\u00e4rung<\/a>&nbsp;der Website, auf die f\u00fcr weitere Informationen zur Datenverarbeitung, insbesondere zu dem Verantwortlichen, dem Datenschutzbeauftragten, der Art und Weise und Zwecke der Verarbeitung, zur Bereitstellung von Daten und der Aus\u00fcbung von Rechten der betroffenen Personen, verwiesen wird.<\/p>\n\n\n\n<div class=\"wp-block-stackable-spacer stk-block-spacer stk--no-padding stk-block stk-c341def\" data-block-id=\"c341def\"><\/div>\n\n\n\n<p><strong>Was sind Cookies?<\/strong><\/p>\n\n\n\n<p>Cookies sind kleine Textdateien, die eine aufgerufene Website an das betreffende Ger\u00e4t, etwa ein PC, ein Notebook, ein Smartphone, ein Tablet usw., sendet; in der Regel werden Cookies direkt auf dem verwendeten Browser gespeichert. Eine Website, die Cookies \u00fcbermittelt hat, kann diese in dem Browser gespeicherten Cookies auslesen, um Informationen verschiedener Art zu erhalten.<\/p>\n\n\n\n<p>Cookies werden zu unterschiedlichen Zwecken verwendet: Durchf\u00fchrung der elektronischen Authentifizierung, Sitzungsverfolgung, Speicherung von Informationen \u00fcber bestimmte Konfigurationen der Benutzer, die auf den Server zugreifen usw.<\/p>\n\n\n\n<p>Weitere Informationen \u00fcber Cookies finden Sie unter&nbsp;<a href=\"https:\/\/allaboutcookies.org\/\">https:\/\/allaboutcookies.org\/<\/a>.<\/p>\n\n\n\n<div class=\"wp-block-stackable-spacer stk-block-spacer stk--no-padding stk-block stk-63c925c\" data-block-id=\"63c925c\"><\/div>\n\n\n\n<p><strong>Warum verwenden wir Cookies?<\/strong><\/p>\n\n\n\n<p>Diese Website kann Cookies zu verschiedenen Zwecken verwenden. In einigen Bereichen unserer Website sind Cookies f\u00fcr die Bereitstellung der Funktionalit\u00e4ten und den einwandfreien Betrieb unserer Website erforderlich.<\/p>\n\n\n\n<p>Wir suchen aber auch st\u00e4ndig nach M\u00f6glichkeiten, unsere Website zu verbessern. Daher helfen uns andere Cookies dabei zu verstehen, wie Besucher unsere Website nutzen. Mit diesen Informationen k\u00f6nnen wir die Website f\u00fcr Besucher nutzerfreundlicher gestalten.<\/p>\n\n\n\n<div class=\"wp-block-stackable-spacer stk-block-spacer stk--no-padding stk-block stk-0bcc2ef\" data-block-id=\"0bcc2ef\"><\/div>\n\n\n\n<p><strong>Welche Arten von Cookies gibt es?<\/strong><\/p>\n\n\n\n<p>Die auf dieser Website verwendeten Cookies k\u00f6nnen hinsichtlich ihrer Funktion wie folgt unterschieden werden:<\/p>\n\n\n\n<p>Technisch notwendige Cookies sind in der Regel f\u00fcr den einwandfreien Betrieb der Website und f\u00fcr die Bereitstellung ihrer Funktionalit\u00e4ten erforderlich; ohne sie k\u00f6nnen Seiten m\u00f6glicherweise nicht richtig angezeigt oder bestimmte Dienste nicht genutzt werden. Ein technisch notwendiges Cookie ist beispielsweise unerl\u00e4sslich, um w\u00e4hrend eines Besuchs auf einer Website eingeloggt zu bleiben oder um Sprach- und Anzeigeeinstellungen zu speichern.<\/p>\n\n\n\n<p>Technisch notwendige Cookies k\u00f6nnen weiter unterteilt werden in:<\/p>\n\n\n\n<p>&#8211; Navigations- oder Sitzungs-Cookies, die die normale Navigation und Nutzung der Website garantieren;<\/p>\n\n\n\n<p>&#8211; Funktions-Cookies, die es dem Benutzer erm\u00f6glichen, unter Ber\u00fccksichtigung einer Reihe ausgew\u00e4hlter Kriterien zu surfen (z.B. Sprache, zum Kauf ausgew\u00e4hlte Produkte), um den Service f\u00fcr den Benutzer zu verbessern.<\/p>\n\n\n\n<p>Daneben gibt es Analyse Cookies, welche genutzt werden, um komprimierte Informationen zur Anzahl der Besucher und ihren Interaktionen auf dieser Website sowie Informationen dar\u00fcber, wie sie auf die Website gelangen, zu erfassen und auszuwerten. Hieraus gewinnen wir Erkenntnisse, wie wir die Internetseite optimieren und anhand der Nutzerbed\u00fcrfnisse weiterentwickeln k\u00f6nnen. Wir verwenden Analyse Cookies ausschlie\u00dflich mit der ausdr\u00fccklichen und jederzeit frei widerruflichen Einwilligung der Besucher gem\u00e4\u00df Art. 6 Abs. 1 S. 1 lit. a) Datenschutz-Grundverordnung.<\/p>\n\n\n\n<p>Cookies aller vorstehend genannten Kategorien k\u00f6nnen auch von Dritten bereitgestellt werden (so genannte \u201eThird-Party Cookies\u201c) und entweder in anonymer und aggregierter Form genutzt werden, oder in einer Form, die eine Identifizierung der Website-Besucher erm\u00f6glicht, selbst wenn sie die Website nur gelegentlich besuchen.<\/p>\n\n\n\n<div class=\"wp-block-stackable-spacer stk-block-spacer stk--no-padding stk-block stk-0c37217\" data-block-id=\"0c37217\"><\/div>\n\n\n\n<p><strong>Welche Cookies werden auf dieser Website verwendet?<\/strong><\/p>\n\n\n\n<p>Diese Website verwendet technisch notwendige Cookies. Die technisch notwendigen Cookies sollenden einwandfreien Betrieb der Website gew\u00e4hrleisten. Ohne diese Cookies stehen Besuchern nicht alle aufgerufenen Funktionalit\u00e4ten der Website uneingeschr\u00e4nkt zur Verf\u00fcgung.<\/p>\n\n\n\n<p>Mit Ihrer Zustimmung verwendet diese Website auch Analyse-Cookies von Drittanbietern, um Informationen \u00fcber die Anzahl der Benutzer und die Interaktionen auf der Website zu erfassen (siehe unten).&nbsp;<\/p>\n\n\n\n<div class=\"wp-block-stackable-spacer stk-block-spacer stk--no-padding stk-block stk-18ed841\" data-block-id=\"18ed841\"><\/div>\n\n\n\n<p><strong>Wie lange bleiben Cookies auf Ihrem Ger\u00e4t gespeichert?<\/strong><\/p>\n\n\n\n<p>Es gibt Session-Cookies, die wieder gel\u00f6scht werden, sobald Sie Ihren Browser schlie\u00dfen, und persistente Cookies, die \u00fcber die einzelne Sitzung hinaus gespeichert werden. Auf dieser Website verwendete permanente Cookies werden h\u00f6chstens f\u00fcr die Dauer von 2 Jahren gespeichert.&nbsp;<\/p>\n\n\n\n<div class=\"wp-block-stackable-spacer stk-block-spacer stk--no-padding stk-block stk-85bd1e6\" data-block-id=\"85bd1e6\"><\/div>\n\n\n\n<p><strong>Verwendung von Matomo<\/strong><\/p>\n\n\n\n<p>Auf dieser Website nutzen wir mit Ihrer Einwilligung den Webanalysedienst Matomo, um die Nutzung unserer Website zu analysieren und pr\u00fcfen. \u00dcber die gewonnenen Statistiken k\u00f6nnen wir unser Angebot verbessern und f\u00fcr Sie als Nutzer interessanter ausgestalten.<\/p>\n\n\n\n<p>Hierzu werden Cookies eingesetzt. Die dadurch erhaltenen Informationen \u00fcber die Websitenutzung werden ausschlie\u00dflich an unsere Server \u00fcbertragen und in pseudonymen Nutzungsprofilen zusammengefasst. Die Daten verwenden wir zur Auswertung der Nutzung der Website. Eine Weitergabe der erfassten Daten an Dritte erfolgt nicht. Die IP-Adressen werden anonymisiert (IPMasking), sodass eine Zuordnung zu einzelnen Nutzern nicht m\u00f6glich ist.<\/p>\n\n\n\n<p>Sie k\u00f6nnen Ihre Einwilligung jederzeit widerrufen, indem Sie die Cookies in Ihrem Browser l\u00f6schen oder Ihre Datenschutzeinstellungen \u00e4ndern.<\/p>\n\n\n\n<p>Die Verhinderung des Einsatzes von Matomo ist m\u00f6glich, indem Sie den folgenden Haken entfernen und so das Opt-out-Plug-in aktivieren: [Matomo iFrame]. In diesem Fall wird in Ihrem Browser ein Opt-out-Cookie hinterlegt, der verhindert, dass Matomo Nutzungsdaten speichert. Wenn Sie Ihre Cookies l\u00f6schen, hat das zur Folge, dass auch das Matomo Opt-out-Cookie gel\u00f6scht wird. Das Opt-out muss bei einem erneuten Besuch unserer Seite wieder aktiviert werden.<\/p>\n\n\n\n<p>Das Programm Matomo ist ein Open-Source-Projekt. Informationen des Drittanbieters zum Datenschutz erhalten Sie unter matomo.org\/privacy-policy\/.<\/p>\n\n\n\n<div class=\"wp-block-stackable-spacer stk-block-spacer stk--no-padding stk-block stk-0744311\" data-block-id=\"0744311\"><\/div>\n\n\n\n<p><strong>Weitere Informationen zu den Cookie Einstellungen Ihres Browsers<\/strong><\/p>\n\n\n\n<p>Sie k\u00f6nnen die Speicherung der Cookies durch eine entsprechende Einstellung Ihrer Browser-Software verhindern. Sie finden im Hilfemen\u00fc Ihres Browsers Informationen dar\u00fcber, wie Sie Ihre Auswahl bez\u00fcglich der Einstellungen der Cookies \u00e4ndern k\u00f6nnen.<\/p>\n\n\n\n<p>Weitere Informationen zu den von Ihren Browsern bereitgestellten Cookie-Einstellungen finden sie unter den nachfolgenden Links:<\/p>\n\n\n\n<p>Internet Explorer:&nbsp;<a href=\"http:\/\/windows.microsoft.com\/de-de\/windows7\/Block-enable-or-allow-cookies\">http:\/\/windows.microsoft.com\/de-de\/windows7\/Block-enable-or-allow-cookies<\/a><\/p>\n\n\n\n<p>Safari:&nbsp;<a href=\"https:\/\/support.apple.com\/de-de\">https:\/\/support.apple.com\/de-de<\/a><\/p>\n\n\n\n<p>Chrome:&nbsp;<a href=\"https:\/\/support.google.com\/chrome\/answer\/95647?hl=itlrm=en\">https:\/\/support.google.com\/chrome\/answer\/95647?hl=itlrm=en<\/a><\/p>\n\n\n\n<p>Firefox:&nbsp;<a href=\"http:\/\/support.mozilla.org\/it\/kb\/Attivare%20e%20disattivare%20i%20cookie\">http:\/\/support.mozilla.org\/it\/kb\/Attivare%20e%20disattivare%20i%20cookie<\/a><\/p>\n\n\n\n<p>Opera:&nbsp;<a href=\"http:\/\/help.opera.com\/Windows\/10.20\/de\/cookies.html\">http:\/\/help.opera.com\/Windows\/10.20\/de\/cookies.html<\/a><\/p>\n\n\n\n<p>Um Cookies aus dem Browser Ihres Smartphones\/Tablets zu l\u00f6schen, lesen Sie bitte das entsprechende Benutzerhandbuch.<\/p>\n\n\n\n<div class=\"wp-block-stackable-spacer stk-block-spacer stk--no-padding stk-block stk-3580129\" data-block-id=\"3580129\"><\/div>\n\n\n\n<p><strong>Cookies von sozialen Netzwerken<\/strong><\/p>\n\n\n\n<p>Dies sind Cookies von sozialen Netzwerken (z.B. LinkedIn), die eine Interaktion des dortigen Profils mit der Website erm\u00f6glichen. Diese Cookies werden mithilfe von sog. Plugins gesetzt. Die Cookies sind f\u00fcr die Bereitstellung der Plugin-Funktionen, nicht aber f\u00fcr den Betrieb dieser Website notwendig. In ihrer h\u00e4ufigsten Verwendungsform erm\u00f6glichen die Cookies das Teilen von Inhalten auf dem jeweiligen Profil des sozialen Netzwerks (z.B. mithilfe des Plugins &#8220;Auf LinkedIn teilen&#8221;).<\/p>\n\n\n\n<p>Weitere Informationen zu den auf der Website verwendeten Plugins finden Sie in der&nbsp;<a href=\"https:\/\/www.mpfiltri.de\/privacy.html\">Datenschutzerkl\u00e4rung<\/a>. Weitere Informationen zu der Nutzung der Daten durch soziale Netzwerke k\u00f6nnen Sie den Datenschutzrichtlinien des jeweiligen sozialen Netzwerks entnehmen. F\u00fcr LinkedIn finden Sie diese unter:&nbsp;<a href=\"https:\/\/www.linkedin.com\/legal\/privacy-policy?_l=de_DE\">https:\/\/www.linkedin.com\/legal\/privacy-policy?_l=de_DE<\/a>.<\/p>\n\n\n\n<div class=\"wp-block-stackable-spacer stk-block-spacer stk--no-padding stk-block stk-4d32b33\" data-block-id=\"4d32b33\"><\/div>\n\n\n\n<p><strong>HAFTUNGSAUSSCHLUSS<\/strong><\/p>\n\n\n\n<p>Hinweis: Diese Website verwendet Cookies, einschlie\u00dflich Cookies von Dritten. F\u00fcr weitere Informationen oder um die Zustimmung zur Nutzung aller oder einiger Cookies zu verweigern, lesen Sie bitte die diesbez\u00fcgliche Richtlinie (hier klicken).<\/p>\n\n\n\n<div class=\"wp-block-buttons is-layout-flex wp-block-buttons-is-layout-flex\">\n<div class=\"wp-block-button\"><a class=\"wp-block-button__link wp-element-button\" href=\"https:\/\/www.mpfiltri.com\/wp-content\/uploads\/2025\/05\/MPFiltriDECookiePolicyREV.pdf\" target=\"_blank\" rel=\"noreferrer noopener\">Download<\/a><\/div>\n<\/div>\n<\/div><\/div><\/div>\n<\/div><\/div>\n\n\n\n<div class=\"wp-block-stackable-columns stk-block-columns stk-block stk-cb27d40 body-lines height-100\" data-block-id=\"cb27d40\"><style>.stk-cb27d40 {margin-top:0px !important;margin-right:0px !important;margin-bottom:0px !important;margin-left:0px !important;}.stk-cb27d40-column{--stk-columns-spacing:0px !important;}<\/style><div class=\"stk-row stk-inner-blocks stk-block-content stk-content-align stk-cb27d40-column\">\n<div class=\"wp-block-stackable-column stk-block-column stk-column stk-block stk-118f174\" data-v=\"4\" data-block-id=\"118f174\"><div class=\"stk-column-wrapper stk-block-column__content stk-container stk-118f174-container stk--no-background stk--no-padding\"><div class=\"stk-block-content stk-inner-blocks stk-118f174-inner-blocks\"><\/div><\/div><\/div>\n<\/div><\/div>\n","protected":false},"excerpt":{"rendered":"<p>Cookie-richtlinie Erg\u00e4nzende Information (nach Art. 13 Datenschutz-Grundverordnung) zur Verarbeitung von personenbezogenen Daten durch Cookies&nbsp; Diese Cookie-Richtlinie informiert Sie \u00fcber die Verwendung von Cookies auf der Website&nbsp;https:\/\/www.mpfiltri.de\/. Sie erg\u00e4nzt die&nbsp;Datenschutzerkl\u00e4rung&nbsp;der Website, auf die f\u00fcr weitere Informationen zur Datenverarbeitung, insbesondere zu dem Verantwortlichen, dem Datenschutzbeauftragten, der Art und Weise und Zwecke der Verarbeitung, zur Bereitstellung von Daten [&hellip;]<\/p>\n","protected":false},"author":3,"featured_media":0,"parent":0,"menu_order":283,"comment_status":"closed","ping_status":"closed","template":"","meta":{"_acf_changed":false,"_gspb_post_css":"","inline_featured_image":false,"_genesis_hide_title":false,"_genesis_hide_breadcrumbs":false,"_genesis_hide_singular_image":false,"_genesis_hide_footer_widgets":false,"_genesis_custom_body_class":"","_genesis_custom_post_class":"","_genesis_layout":"","footnotes":"","_links_to":"","_links_to_target":""},"class_list":{"0":"post-15705","1":"page","2":"type-page","3":"status-publish","5":"entry"},"acf":[],"yoast_head":"<!-- This site is optimized with the Yoast SEO plugin v27.2 - https:\/\/yoast.com\/product\/yoast-seo-wordpress\/ -->\n<title>Cookie-Richtlinie - MP Filtri<\/title>\n<meta name=\"robots\" content=\"index, follow, max-snippet:-1, max-image-preview:large, max-video-preview:-1\" \/>\n<link rel=\"canonical\" href=\"https:\/\/www.mpfiltri.com\/de\/cookie-richtlinie\/\" \/>\n<meta property=\"og:locale\" content=\"de_DE\" \/>\n<meta property=\"og:type\" content=\"article\" \/>\n<meta property=\"og:title\" content=\"Cookie-Richtlinie - MP Filtri\" \/>\n<meta property=\"og:description\" content=\"Cookie-richtlinie Erg\u00e4nzende Information (nach Art. 13 Datenschutz-Grundverordnung) zur Verarbeitung von personenbezogenen Daten durch Cookies&nbsp; Diese Cookie-Richtlinie informiert Sie \u00fcber die Verwendung von Cookies auf der Website&nbsp;https:\/\/www.mpfiltri.de\/. Sie erg\u00e4nzt die&nbsp;Datenschutzerkl\u00e4rung&nbsp;der Website, auf die f\u00fcr weitere Informationen zur Datenverarbeitung, insbesondere zu dem Verantwortlichen, dem Datenschutzbeauftragten, der Art und Weise und Zwecke der Verarbeitung, zur Bereitstellung von Daten [&hellip;]\" \/>\n<meta property=\"og:url\" content=\"https:\/\/www.mpfiltri.com\/de\/cookie-richtlinie\/\" \/>\n<meta property=\"og:site_name\" content=\"MP Filtri\" \/>\n<meta property=\"article:publisher\" content=\"https:\/\/www.facebook.com\/MPFiltriITA\" \/>\n<meta property=\"article:modified_time\" content=\"2025-11-07T11:52:25+00:00\" \/>\n<meta name=\"twitter:card\" content=\"summary_large_image\" \/>\n<meta name=\"twitter:label1\" content=\"Gesch\u00e4tzte Lesezeit\" \/>\n\t<meta name=\"twitter:data1\" content=\"5\u00a0Minuten\" \/>\n<script type=\"application\/ld+json\" class=\"yoast-schema-graph\">{\"@context\":\"https:\/\/schema.org\",\"@graph\":[{\"@type\":\"WebPage\",\"@id\":\"https:\/\/www.mpfiltri.com\/de\/cookie-richtlinie\/\",\"url\":\"https:\/\/www.mpfiltri.com\/de\/cookie-richtlinie\/\",\"name\":\"Cookie-Richtlinie - MP Filtri\",\"isPartOf\":{\"@id\":\"https:\/\/www.mpfiltri.com\/de\/#website\"},\"datePublished\":\"2024-12-09T12:23:14+00:00\",\"dateModified\":\"2025-11-07T11:52:25+00:00\",\"breadcrumb\":{\"@id\":\"https:\/\/www.mpfiltri.com\/de\/cookie-richtlinie\/#breadcrumb\"},\"inLanguage\":\"de\",\"potentialAction\":[{\"@type\":\"ReadAction\",\"target\":[\"https:\/\/www.mpfiltri.com\/de\/cookie-richtlinie\/\"]}]},{\"@type\":\"BreadcrumbList\",\"@id\":\"https:\/\/www.mpfiltri.com\/de\/cookie-richtlinie\/#breadcrumb\",\"itemListElement\":[{\"@type\":\"ListItem\",\"position\":1,\"name\":\"Home\",\"item\":\"https:\/\/www.mpfiltri.com\/de\/\"},{\"@type\":\"ListItem\",\"position\":2,\"name\":\"Cookie-Richtlinie\"}]},{\"@type\":\"WebSite\",\"@id\":\"https:\/\/www.mpfiltri.com\/de\/#website\",\"url\":\"https:\/\/www.mpfiltri.com\/de\/\",\"name\":\"MP Filtri\",\"description\":\"\",\"publisher\":{\"@id\":\"https:\/\/www.mpfiltri.com\/de\/#organization\"},\"potentialAction\":[{\"@type\":\"SearchAction\",\"target\":{\"@type\":\"EntryPoint\",\"urlTemplate\":\"https:\/\/www.mpfiltri.com\/de\/?s={search_term_string}\"},\"query-input\":{\"@type\":\"PropertyValueSpecification\",\"valueRequired\":true,\"valueName\":\"search_term_string\"}}],\"inLanguage\":\"de\"},{\"@type\":\"Organization\",\"@id\":\"https:\/\/www.mpfiltri.com\/de\/#organization\",\"name\":\"MP Filtri\",\"url\":\"https:\/\/www.mpfiltri.com\/de\/\",\"logo\":{\"@type\":\"ImageObject\",\"inLanguage\":\"de\",\"@id\":\"https:\/\/www.mpfiltri.com\/de\/#\/schema\/logo\/image\/\",\"url\":\"\",\"contentUrl\":\"\",\"caption\":\"MP Filtri\"},\"image\":{\"@id\":\"https:\/\/www.mpfiltri.com\/de\/#\/schema\/logo\/image\/\"},\"sameAs\":[\"https:\/\/www.facebook.com\/MPFiltriITA\",\"https:\/\/www.instagram.com\/mpfiltri\/\",\"https:\/\/www.youtube.com\/channel\/UCCzNMySYc1c4M-2B4v0K_QA?view_as=subscriber\",\"https:\/\/www.linkedin.com\/company\/mp-filtri-spa\/\"]}]}<\/script>\n<!-- \/ Yoast SEO plugin. -->","yoast_head_json":{"title":"Cookie-Richtlinie - MP Filtri","robots":{"index":"index","follow":"follow","max-snippet":"max-snippet:-1","max-image-preview":"max-image-preview:large","max-video-preview":"max-video-preview:-1"},"canonical":"https:\/\/www.mpfiltri.com\/de\/cookie-richtlinie\/","og_locale":"de_DE","og_type":"article","og_title":"Cookie-Richtlinie - MP Filtri","og_description":"Cookie-richtlinie Erg\u00e4nzende Information (nach Art. 13 Datenschutz-Grundverordnung) zur Verarbeitung von personenbezogenen Daten durch Cookies&nbsp; Diese Cookie-Richtlinie informiert Sie \u00fcber die Verwendung von Cookies auf der Website&nbsp;https:\/\/www.mpfiltri.de\/. Sie erg\u00e4nzt die&nbsp;Datenschutzerkl\u00e4rung&nbsp;der Website, auf die f\u00fcr weitere Informationen zur Datenverarbeitung, insbesondere zu dem Verantwortlichen, dem Datenschutzbeauftragten, der Art und Weise und Zwecke der Verarbeitung, zur Bereitstellung von Daten [&hellip;]","og_url":"https:\/\/www.mpfiltri.com\/de\/cookie-richtlinie\/","og_site_name":"MP Filtri","article_publisher":"https:\/\/www.facebook.com\/MPFiltriITA","article_modified_time":"2025-11-07T11:52:25+00:00","twitter_card":"summary_large_image","twitter_misc":{"Gesch\u00e4tzte Lesezeit":"5\u00a0Minuten"},"schema":{"@context":"https:\/\/schema.org","@graph":[{"@type":"WebPage","@id":"https:\/\/www.mpfiltri.com\/de\/cookie-richtlinie\/","url":"https:\/\/www.mpfiltri.com\/de\/cookie-richtlinie\/","name":"Cookie-Richtlinie - MP Filtri","isPartOf":{"@id":"https:\/\/www.mpfiltri.com\/de\/#website"},"datePublished":"2024-12-09T12:23:14+00:00","dateModified":"2025-11-07T11:52:25+00:00","breadcrumb":{"@id":"https:\/\/www.mpfiltri.com\/de\/cookie-richtlinie\/#breadcrumb"},"inLanguage":"de","potentialAction":[{"@type":"ReadAction","target":["https:\/\/www.mpfiltri.com\/de\/cookie-richtlinie\/"]}]},{"@type":"BreadcrumbList","@id":"https:\/\/www.mpfiltri.com\/de\/cookie-richtlinie\/#breadcrumb","itemListElement":[{"@type":"ListItem","position":1,"name":"Home","item":"https:\/\/www.mpfiltri.com\/de\/"},{"@type":"ListItem","position":2,"name":"Cookie-Richtlinie"}]},{"@type":"WebSite","@id":"https:\/\/www.mpfiltri.com\/de\/#website","url":"https:\/\/www.mpfiltri.com\/de\/","name":"MP Filtri","description":"","publisher":{"@id":"https:\/\/www.mpfiltri.com\/de\/#organization"},"potentialAction":[{"@type":"SearchAction","target":{"@type":"EntryPoint","urlTemplate":"https:\/\/www.mpfiltri.com\/de\/?s={search_term_string}"},"query-input":{"@type":"PropertyValueSpecification","valueRequired":true,"valueName":"search_term_string"}}],"inLanguage":"de"},{"@type":"Organization","@id":"https:\/\/www.mpfiltri.com\/de\/#organization","name":"MP Filtri","url":"https:\/\/www.mpfiltri.com\/de\/","logo":{"@type":"ImageObject","inLanguage":"de","@id":"https:\/\/www.mpfiltri.com\/de\/#\/schema\/logo\/image\/","url":"","contentUrl":"","caption":"MP Filtri"},"image":{"@id":"https:\/\/www.mpfiltri.com\/de\/#\/schema\/logo\/image\/"},"sameAs":["https:\/\/www.facebook.com\/MPFiltriITA","https:\/\/www.instagram.com\/mpfiltri\/","https:\/\/www.youtube.com\/channel\/UCCzNMySYc1c4M-2B4v0K_QA?view_as=subscriber","https:\/\/www.linkedin.com\/company\/mp-filtri-spa\/"]}]}},"featured_image_src":null,"featured_image_src_square":null,"_links":{"self":[{"href":"https:\/\/www.mpfiltri.com\/de\/wp-json\/wp\/v2\/pages\/15705","targetHints":{"allow":["GET"]}}],"collection":[{"href":"https:\/\/www.mpfiltri.com\/de\/wp-json\/wp\/v2\/pages"}],"about":[{"href":"https:\/\/www.mpfiltri.com\/de\/wp-json\/wp\/v2\/types\/page"}],"author":[{"embeddable":true,"href":"https:\/\/www.mpfiltri.com\/de\/wp-json\/wp\/v2\/users\/3"}],"replies":[{"embeddable":true,"href":"https:\/\/www.mpfiltri.com\/de\/wp-json\/wp\/v2\/comments?post=15705"}],"version-history":[{"count":4,"href":"https:\/\/www.mpfiltri.com\/de\/wp-json\/wp\/v2\/pages\/15705\/revisions"}],"predecessor-version":[{"id":59993,"href":"https:\/\/www.mpfiltri.com\/de\/wp-json\/wp\/v2\/pages\/15705\/revisions\/59993"}],"wp:attachment":[{"href":"https:\/\/www.mpfiltri.com\/de\/wp-json\/wp\/v2\/media?parent=15705"}],"curies":[{"name":"wp","href":"https:\/\/api.w.org\/{rel}","templated":true}]}}