

{"id":13981,"date":"2024-12-11T10:44:38","date_gmt":"2024-12-11T09:44:38","guid":{"rendered":"https:\/\/www.mpfiltri.com\/unternehmen\/social-responsibility\/"},"modified":"2025-11-10T14:11:18","modified_gmt":"2025-11-10T13:11:18","slug":"soziale-verantwortung","status":"publish","type":"page","link":"https:\/\/www.mpfiltri.com\/de\/unternehmen\/soziale-verantwortung\/","title":{"rendered":"Soziale Verantwortung"},"content":{"rendered":"\n<div class=\"wp-block-media-text has-media-on-the-right is-stacked-on-mobile\"><div class=\"wp-block-media-text__content\">\n<h2 class=\"wp-block-heading\" id=\"soziale-verantwortung\">SOZIALE VERANTWORTUNG<\/h2>\n\n\n\n<p>MP Filtri st\u00fctzt seine T\u00e4tigkeit seit jeher auf solide Prinzipien, die die Grundlage seines Ethik-Kodexes bilden: <\/p>\n\n\n\n<ul class=\"wp-block-list\">\n<li>Aufbau positiver Beziehungen zu Kunden, Lieferanten, Partnern und Mitarbeitern<\/li>\n\n\n\n<li>ethisches Verhalten im Gesch\u00e4ftsleben<\/li>\n\n\n\n<li>Gesundheit, Sicherheit und Umweltschutz<\/li>\n<\/ul>\n\n\n\n<p>Ein Engagement und eine Verantwortung, die auch durch soziale, humanit\u00e4re und sportliche Initiativen auf lokaler und internationaler Ebene zum Ausdruck kommen.<\/p>\n\n\n\n<p>Ein Beispiel daf\u00fcr ist die Beteiligung am Inter-Campus-Projekt in Uganda, das seit 1997 in 29 L\u00e4ndern der Welt soziale und kooperative Ma\u00dfnahmen durchf\u00fchrt und den Fu\u00dfball als p\u00e4dagogisches Mittel einsetzt, um bed\u00fcrftigen Kindern das Recht auf Spiel zur\u00fcckzugeben.<\/p>\n<\/div><figure class=\"wp-block-media-text__media\"><img loading=\"lazy\" decoding=\"async\" width=\"1024\" height=\"768\" src=\"https:\/\/www.mpfiltri.com\/wp-content\/uploads\/2025\/06\/IMG_5849-min-1024x768.jpg\" alt=\"Uganda photo\" class=\"wp-image-27863 size-full\" srcset=\"https:\/\/www.mpfiltri.com\/wp-content\/uploads\/2025\/06\/IMG_5849-min-1024x768.jpg 1024w, https:\/\/www.mpfiltri.com\/wp-content\/uploads\/2025\/06\/IMG_5849-min-300x225.jpg 300w, https:\/\/www.mpfiltri.com\/wp-content\/uploads\/2025\/06\/IMG_5849-min-768x576.jpg 768w, https:\/\/www.mpfiltri.com\/wp-content\/uploads\/2025\/06\/IMG_5849-min-1536x1152.jpg 1536w, https:\/\/www.mpfiltri.com\/wp-content\/uploads\/2025\/06\/IMG_5849-min-2048x1536.jpg 2048w, https:\/\/www.mpfiltri.com\/wp-content\/uploads\/2025\/06\/IMG_5849-min-702x526.jpg 702w, https:\/\/www.mpfiltri.com\/wp-content\/uploads\/2025\/06\/IMG_5849-min-655x491.jpg 655w\" sizes=\"auto, (max-width: 1024px) 100vw, 1024px\" \/><\/figure><\/div>\n\n\n\n<div class=\"wp-block-stackable-columns stk-block-columns stk-block stk-820bb05 body-lines height-100\" data-block-id=\"820bb05\"><style>.stk-820bb05 {margin-top:0px !important;margin-right:0px !important;margin-bottom:0px !important;margin-left:0px !important;}.stk-820bb05-column{--stk-columns-spacing:0px !important;}<\/style><div class=\"stk-row stk-inner-blocks stk-block-content stk-content-align stk-820bb05-column\">\n<div class=\"wp-block-stackable-column stk-block-column stk-column stk-block stk-745f29b\" data-v=\"4\" data-block-id=\"745f29b\"><div class=\"stk-column-wrapper stk-block-column__content stk-container stk-745f29b-container stk--no-background stk--no-padding\"><div class=\"stk-block-content stk-inner-blocks stk-745f29b-inner-blocks\"><\/div><\/div><\/div>\n\n\n\n<div class=\"wp-block-stackable-column stk-block-column stk-column stk-block stk-0576f85\" data-v=\"4\" data-block-id=\"0576f85\"><div class=\"stk-column-wrapper stk-block-column__content stk-container stk-0576f85-container stk--no-background stk--no-padding\"><div class=\"stk-block-content stk-inner-blocks stk-0576f85-inner-blocks\"><\/div><\/div><\/div>\n<\/div><\/div>\n","protected":false},"excerpt":{"rendered":"","protected":false},"author":2,"featured_media":2168,"parent":13378,"menu_order":53,"comment_status":"closed","ping_status":"closed","template":"","meta":{"_acf_changed":false,"_gspb_post_css":"","inline_featured_image":false,"_genesis_hide_title":false,"_genesis_hide_breadcrumbs":false,"_genesis_hide_singular_image":false,"_genesis_hide_footer_widgets":false,"_genesis_custom_body_class":"","_genesis_custom_post_class":"","_genesis_layout":"","footnotes":"","_links_to":"","_links_to_target":""},"class_list":{"0":"post-13981","1":"page","2":"type-page","3":"status-publish","4":"has-post-thumbnail","6":"entry"},"acf":[],"yoast_head":"<!-- This site is optimized with the Yoast SEO plugin v27.2 - https:\/\/yoast.com\/product\/yoast-seo-wordpress\/ -->\n<title>Soziale Verantwortung \u2013 MP Filtri<\/title>\n<meta name=\"description\" content=\"Verantwortung und Nachhaltigkeit mit Edelstahlfiltern, Hydraulikfiltern und energieeffizienten Pumpentr\u00e4gern.\" \/>\n<meta name=\"robots\" content=\"index, follow, max-snippet:-1, max-image-preview:large, max-video-preview:-1\" \/>\n<link rel=\"canonical\" href=\"https:\/\/www.mpfiltri.com\/de\/unternehmen\/soziale-verantwortung\/\" \/>\n<meta property=\"og:locale\" content=\"de_DE\" \/>\n<meta property=\"og:type\" content=\"article\" \/>\n<meta property=\"og:title\" content=\"Soziale Verantwortung \u2013 MP Filtri\" \/>\n<meta property=\"og:description\" content=\"Verantwortung und Nachhaltigkeit mit Edelstahlfiltern, Hydraulikfiltern und energieeffizienten Pumpentr\u00e4gern.\" \/>\n<meta property=\"og:url\" content=\"https:\/\/www.mpfiltri.com\/de\/unternehmen\/soziale-verantwortung\/\" \/>\n<meta property=\"og:site_name\" content=\"MP Filtri\" \/>\n<meta property=\"article:publisher\" content=\"https:\/\/www.facebook.com\/MPFiltriITA\" \/>\n<meta property=\"article:modified_time\" content=\"2025-11-10T13:11:18+00:00\" \/>\n<meta property=\"og:image\" content=\"https:\/\/www.mpfiltri.com\/wp-content\/uploads\/2025\/01\/bg-who-we-are-scaled.jpg\" \/>\n\t<meta property=\"og:image:width\" content=\"2560\" \/>\n\t<meta property=\"og:image:height\" content=\"685\" \/>\n\t<meta property=\"og:image:type\" content=\"image\/jpeg\" \/>\n<meta name=\"twitter:card\" content=\"summary_large_image\" \/>\n<meta name=\"twitter:label1\" content=\"Gesch\u00e4tzte Lesezeit\" \/>\n\t<meta name=\"twitter:data1\" content=\"2\u00a0Minuten\" \/>\n<script type=\"application\/ld+json\" class=\"yoast-schema-graph\">{\"@context\":\"https:\/\/schema.org\",\"@graph\":[{\"@type\":\"WebPage\",\"@id\":\"https:\/\/www.mpfiltri.com\/de\/unternehmen\/soziale-verantwortung\/\",\"url\":\"https:\/\/www.mpfiltri.com\/de\/unternehmen\/soziale-verantwortung\/\",\"name\":\"Soziale Verantwortung \u2013 MP Filtri\",\"isPartOf\":{\"@id\":\"https:\/\/www.mpfiltri.com\/de\/#website\"},\"primaryImageOfPage\":{\"@id\":\"https:\/\/www.mpfiltri.com\/de\/unternehmen\/soziale-verantwortung\/#primaryimage\"},\"image\":{\"@id\":\"https:\/\/www.mpfiltri.com\/de\/unternehmen\/soziale-verantwortung\/#primaryimage\"},\"thumbnailUrl\":\"https:\/\/www.mpfiltri.com\/wp-content\/uploads\/2025\/01\/bg-who-we-are-scaled.jpg\",\"datePublished\":\"2024-12-11T09:44:38+00:00\",\"dateModified\":\"2025-11-10T13:11:18+00:00\",\"description\":\"Verantwortung und Nachhaltigkeit mit Edelstahlfiltern, Hydraulikfiltern und energieeffizienten Pumpentr\u00e4gern.\",\"breadcrumb\":{\"@id\":\"https:\/\/www.mpfiltri.com\/de\/unternehmen\/soziale-verantwortung\/#breadcrumb\"},\"inLanguage\":\"de\",\"potentialAction\":[{\"@type\":\"ReadAction\",\"target\":[\"https:\/\/www.mpfiltri.com\/de\/unternehmen\/soziale-verantwortung\/\"]}]},{\"@type\":\"ImageObject\",\"inLanguage\":\"de\",\"@id\":\"https:\/\/www.mpfiltri.com\/de\/unternehmen\/soziale-verantwortung\/#primaryimage\",\"url\":\"https:\/\/www.mpfiltri.com\/wp-content\/uploads\/2025\/01\/bg-who-we-are-scaled.jpg\",\"contentUrl\":\"https:\/\/www.mpfiltri.com\/wp-content\/uploads\/2025\/01\/bg-who-we-are-scaled.jpg\",\"width\":2560,\"height\":685,\"caption\":\"Page title background Who we are\"},{\"@type\":\"BreadcrumbList\",\"@id\":\"https:\/\/www.mpfiltri.com\/de\/unternehmen\/soziale-verantwortung\/#breadcrumb\",\"itemListElement\":[{\"@type\":\"ListItem\",\"position\":1,\"name\":\"Home\",\"item\":\"https:\/\/www.mpfiltri.com\/de\/\"},{\"@type\":\"ListItem\",\"position\":2,\"name\":\"Unternehmen\",\"item\":\"https:\/\/www.mpfiltri.com\/de\/unternehmen\/\"},{\"@type\":\"ListItem\",\"position\":3,\"name\":\"Soziale Verantwortung\"}]},{\"@type\":\"WebSite\",\"@id\":\"https:\/\/www.mpfiltri.com\/de\/#website\",\"url\":\"https:\/\/www.mpfiltri.com\/de\/\",\"name\":\"MP Filtri\",\"description\":\"\",\"publisher\":{\"@id\":\"https:\/\/www.mpfiltri.com\/de\/#organization\"},\"potentialAction\":[{\"@type\":\"SearchAction\",\"target\":{\"@type\":\"EntryPoint\",\"urlTemplate\":\"https:\/\/www.mpfiltri.com\/de\/?s={search_term_string}\"},\"query-input\":{\"@type\":\"PropertyValueSpecification\",\"valueRequired\":true,\"valueName\":\"search_term_string\"}}],\"inLanguage\":\"de\"},{\"@type\":\"Organization\",\"@id\":\"https:\/\/www.mpfiltri.com\/de\/#organization\",\"name\":\"MP Filtri\",\"url\":\"https:\/\/www.mpfiltri.com\/de\/\",\"logo\":{\"@type\":\"ImageObject\",\"inLanguage\":\"de\",\"@id\":\"https:\/\/www.mpfiltri.com\/de\/#\/schema\/logo\/image\/\",\"url\":\"\",\"contentUrl\":\"\",\"caption\":\"MP Filtri\"},\"image\":{\"@id\":\"https:\/\/www.mpfiltri.com\/de\/#\/schema\/logo\/image\/\"},\"sameAs\":[\"https:\/\/www.facebook.com\/MPFiltriITA\",\"https:\/\/www.instagram.com\/mpfiltri\/\",\"https:\/\/www.youtube.com\/channel\/UCCzNMySYc1c4M-2B4v0K_QA?view_as=subscriber\",\"https:\/\/www.linkedin.com\/company\/mp-filtri-spa\/\"]}]}<\/script>\n<!-- \/ Yoast SEO plugin. -->","yoast_head_json":{"title":"Soziale Verantwortung \u2013 MP Filtri","description":"Verantwortung und Nachhaltigkeit mit Edelstahlfiltern, Hydraulikfiltern und energieeffizienten Pumpentr\u00e4gern.","robots":{"index":"index","follow":"follow","max-snippet":"max-snippet:-1","max-image-preview":"max-image-preview:large","max-video-preview":"max-video-preview:-1"},"canonical":"https:\/\/www.mpfiltri.com\/de\/unternehmen\/soziale-verantwortung\/","og_locale":"de_DE","og_type":"article","og_title":"Soziale Verantwortung \u2013 MP Filtri","og_description":"Verantwortung und Nachhaltigkeit mit Edelstahlfiltern, Hydraulikfiltern und energieeffizienten Pumpentr\u00e4gern.","og_url":"https:\/\/www.mpfiltri.com\/de\/unternehmen\/soziale-verantwortung\/","og_site_name":"MP Filtri","article_publisher":"https:\/\/www.facebook.com\/MPFiltriITA","article_modified_time":"2025-11-10T13:11:18+00:00","og_image":[{"width":2560,"height":685,"url":"https:\/\/www.mpfiltri.com\/wp-content\/uploads\/2025\/01\/bg-who-we-are-scaled.jpg","type":"image\/jpeg"}],"twitter_card":"summary_large_image","twitter_misc":{"Gesch\u00e4tzte Lesezeit":"2\u00a0Minuten"},"schema":{"@context":"https:\/\/schema.org","@graph":[{"@type":"WebPage","@id":"https:\/\/www.mpfiltri.com\/de\/unternehmen\/soziale-verantwortung\/","url":"https:\/\/www.mpfiltri.com\/de\/unternehmen\/soziale-verantwortung\/","name":"Soziale Verantwortung \u2013 MP Filtri","isPartOf":{"@id":"https:\/\/www.mpfiltri.com\/de\/#website"},"primaryImageOfPage":{"@id":"https:\/\/www.mpfiltri.com\/de\/unternehmen\/soziale-verantwortung\/#primaryimage"},"image":{"@id":"https:\/\/www.mpfiltri.com\/de\/unternehmen\/soziale-verantwortung\/#primaryimage"},"thumbnailUrl":"https:\/\/www.mpfiltri.com\/wp-content\/uploads\/2025\/01\/bg-who-we-are-scaled.jpg","datePublished":"2024-12-11T09:44:38+00:00","dateModified":"2025-11-10T13:11:18+00:00","description":"Verantwortung und Nachhaltigkeit mit Edelstahlfiltern, Hydraulikfiltern und energieeffizienten Pumpentr\u00e4gern.","breadcrumb":{"@id":"https:\/\/www.mpfiltri.com\/de\/unternehmen\/soziale-verantwortung\/#breadcrumb"},"inLanguage":"de","potentialAction":[{"@type":"ReadAction","target":["https:\/\/www.mpfiltri.com\/de\/unternehmen\/soziale-verantwortung\/"]}]},{"@type":"ImageObject","inLanguage":"de","@id":"https:\/\/www.mpfiltri.com\/de\/unternehmen\/soziale-verantwortung\/#primaryimage","url":"https:\/\/www.mpfiltri.com\/wp-content\/uploads\/2025\/01\/bg-who-we-are-scaled.jpg","contentUrl":"https:\/\/www.mpfiltri.com\/wp-content\/uploads\/2025\/01\/bg-who-we-are-scaled.jpg","width":2560,"height":685,"caption":"Page title background Who we are"},{"@type":"BreadcrumbList","@id":"https:\/\/www.mpfiltri.com\/de\/unternehmen\/soziale-verantwortung\/#breadcrumb","itemListElement":[{"@type":"ListItem","position":1,"name":"Home","item":"https:\/\/www.mpfiltri.com\/de\/"},{"@type":"ListItem","position":2,"name":"Unternehmen","item":"https:\/\/www.mpfiltri.com\/de\/unternehmen\/"},{"@type":"ListItem","position":3,"name":"Soziale Verantwortung"}]},{"@type":"WebSite","@id":"https:\/\/www.mpfiltri.com\/de\/#website","url":"https:\/\/www.mpfiltri.com\/de\/","name":"MP Filtri","description":"","publisher":{"@id":"https:\/\/www.mpfiltri.com\/de\/#organization"},"potentialAction":[{"@type":"SearchAction","target":{"@type":"EntryPoint","urlTemplate":"https:\/\/www.mpfiltri.com\/de\/?s={search_term_string}"},"query-input":{"@type":"PropertyValueSpecification","valueRequired":true,"valueName":"search_term_string"}}],"inLanguage":"de"},{"@type":"Organization","@id":"https:\/\/www.mpfiltri.com\/de\/#organization","name":"MP Filtri","url":"https:\/\/www.mpfiltri.com\/de\/","logo":{"@type":"ImageObject","inLanguage":"de","@id":"https:\/\/www.mpfiltri.com\/de\/#\/schema\/logo\/image\/","url":"","contentUrl":"","caption":"MP Filtri"},"image":{"@id":"https:\/\/www.mpfiltri.com\/de\/#\/schema\/logo\/image\/"},"sameAs":["https:\/\/www.facebook.com\/MPFiltriITA","https:\/\/www.instagram.com\/mpfiltri\/","https:\/\/www.youtube.com\/channel\/UCCzNMySYc1c4M-2B4v0K_QA?view_as=subscriber","https:\/\/www.linkedin.com\/company\/mp-filtri-spa\/"]}]}},"featured_image_src":"https:\/\/www.mpfiltri.com\/wp-content\/uploads\/2025\/01\/bg-who-we-are-600x400.jpg","featured_image_src_square":"https:\/\/www.mpfiltri.com\/wp-content\/uploads\/2025\/01\/bg-who-we-are-600x600.jpg","_links":{"self":[{"href":"https:\/\/www.mpfiltri.com\/de\/wp-json\/wp\/v2\/pages\/13981","targetHints":{"allow":["GET"]}}],"collection":[{"href":"https:\/\/www.mpfiltri.com\/de\/wp-json\/wp\/v2\/pages"}],"about":[{"href":"https:\/\/www.mpfiltri.com\/de\/wp-json\/wp\/v2\/types\/page"}],"author":[{"embeddable":true,"href":"https:\/\/www.mpfiltri.com\/de\/wp-json\/wp\/v2\/users\/2"}],"replies":[{"embeddable":true,"href":"https:\/\/www.mpfiltri.com\/de\/wp-json\/wp\/v2\/comments?post=13981"}],"version-history":[{"count":10,"href":"https:\/\/www.mpfiltri.com\/de\/wp-json\/wp\/v2\/pages\/13981\/revisions"}],"predecessor-version":[{"id":70049,"href":"https:\/\/www.mpfiltri.com\/de\/wp-json\/wp\/v2\/pages\/13981\/revisions\/70049"}],"up":[{"embeddable":true,"href":"https:\/\/www.mpfiltri.com\/de\/wp-json\/wp\/v2\/pages\/13378"}],"wp:featuredmedia":[{"embeddable":true,"href":"https:\/\/www.mpfiltri.com\/de\/wp-json\/wp\/v2\/media\/2168"}],"wp:attachment":[{"href":"https:\/\/www.mpfiltri.com\/de\/wp-json\/wp\/v2\/media?parent=13981"}],"curies":[{"name":"wp","href":"https:\/\/api.w.org\/{rel}","templated":true}]}}