

{"id":13400,"date":"2024-12-11T10:43:25","date_gmt":"2024-12-11T09:43:25","guid":{"rendered":"https:\/\/www.mpfiltri.com\/unternehmen\/mission-vision\/"},"modified":"2025-11-19T08:14:49","modified_gmt":"2025-11-19T07:14:49","slug":"mission-vision","status":"publish","type":"page","link":"https:\/\/www.mpfiltri.com\/de\/unternehmen\/mission-vision\/","title":{"rendered":"Vision &amp; Mission"},"content":{"rendered":"\n<div class=\"wp-block-stackable-columns stk-block-columns stk-block stk-7104bff\" data-block-id=\"7104bff\"><style>.stk-7104bff {margin-top:0px !important;margin-right:0px !important;margin-bottom:0px !important;margin-left:0px !important;}.stk-7104bff-column{--stk-columns-spacing:0px !important;flex-wrap:wrap !important;--stk-flex-grow:0 !important;}<\/style><div class=\"stk-row stk-inner-blocks stk-block-content stk-content-align stk-7104bff-column\">\n<div class=\"wp-block-stackable-column stk-block-column stk-column stk-block stk-d637e12\" data-v=\"4\" data-block-id=\"d637e12\"><style>.stk-d637e12 {border-style:solid !important;border-color:#E6E6E6 !important;border-top-width:1px !important;border-right-width:1px !important;border-bottom-width:1px !important;border-left-width:1px !important;padding-top:60px !important;padding-right:30px !important;padding-bottom:60px !important;padding-left:30px !important;margin-top:0px !important;margin-right:0px !important;margin-bottom:0px !important;margin-left:0px !important;}@media screen and (min-width: 768px) and (max-width: 1023px){.stk-d637e12 {flex:var(--stk-flex-grow, 1) 1 calc(100% - var(--stk-column-gap, 0px) * 0 \/ 1 ) !important;}}<\/style><div class=\"stk-column-wrapper stk-block-column__content stk-container stk-d637e12-container stk--no-background stk--no-padding\"><div class=\"stk-block-content stk-inner-blocks stk-d637e12-inner-blocks\">\n<h2 class=\"wp-block-heading\" id=\"vision\">Vision<\/h2>\n\n\n\n<h3 class=\"wp-block-heading\" id=\"mp-filtri-spitzenleistungen-im-hydrauliksektor\">MP FILTRI &#8211; SPITZENLEISTUNGEN IM HYDRAULIKSEKTOR<\/h3>\n\n\n\n<p style=\"line-height:1.6\">Als Unternehmen setzen wir uns voll und ganz daf\u00fcr ein, die Bed\u00fcrfnisse unserer Kunden und Gesch\u00e4ftspartner zu erf\u00fcllen.<\/p>\n\n\n\n<p style=\"line-height:1.6\"><br>Unser unternehmerischer Geist pr\u00e4gt unser Denken und Handeln und erm\u00f6glicht, unser Ziel zu erreichen: innovative L\u00f6sungen bereitzustellen sowie die Produktivit\u00e4t und Leistung steigern.<\/p>\n<\/div><\/div><\/div>\n\n\n\n<div class=\"wp-block-stackable-column stk-block-column stk-column stk-block stk-550ac66\" data-v=\"4\" data-block-id=\"550ac66\"><style>.stk-550ac66 {border-style:solid !important;border-color:#E6E6E6 !important;border-top-width:0px !important;border-right-width:1px !important;border-bottom-width:1px !important;border-left-width:0px !important;margin-top:0px !important;margin-right:0px !important;margin-bottom:0px !important;margin-left:0px !important;}@media screen and (min-width: 768px) and (max-width: 1023px){.stk-550ac66 {flex:var(--stk-flex-grow, 1) 1 calc(100% - var(--stk-column-gap, 0px) * 0 \/ 1 ) !important;}}<\/style><div class=\"stk-column-wrapper stk-block-column__content stk-container stk-550ac66-container stk--no-background stk--no-padding\"><div class=\"stk-block-content stk-inner-blocks stk-550ac66-inner-blocks\">\n<div class=\"wp-block-stackable-image stk-block-image stk-block stk-3549b6c\" data-block-id=\"3549b6c\"><figure><span class=\"stk-img-wrapper stk-image--shape-stretch\"><img loading=\"lazy\" decoding=\"async\" class=\"stk-img wp-image-35428\" src=\"https:\/\/www.mpfiltri.com\/wp-content\/uploads\/2025\/09\/mission-vision.jpg\" width=\"630\" height=\"459\" alt=\"Mission and vision's media\" srcset=\"https:\/\/www.mpfiltri.com\/wp-content\/uploads\/2025\/09\/mission-vision.jpg 630w, https:\/\/www.mpfiltri.com\/wp-content\/uploads\/2025\/09\/mission-vision-300x219.jpg 300w\" sizes=\"auto, (max-width: 630px) 100vw, 630px\" \/><\/span><\/figure><\/div>\n<\/div><\/div><\/div>\n<\/div><\/div>\n\n\n\n<div class=\"wp-block-stackable-columns stk-block-columns stk-block stk-12ce37e\" data-block-id=\"12ce37e\"><style>.stk-12ce37e {margin-top:0px !important;margin-right:0px !important;margin-bottom:0px !important;margin-left:0px !important;}.stk-12ce37e-column{--stk-columns-spacing:0px !important;flex-wrap:wrap !important;--stk-flex-grow:0 !important;}<\/style><div class=\"stk-row stk-inner-blocks stk-block-content stk-content-align stk-12ce37e-column\">\n<div class=\"wp-block-stackable-column stk-block-column stk-column stk-block stk-2589ac1\" data-v=\"4\" data-block-id=\"2589ac1\"><style>.stk-2589ac1 {border-style:solid !important;border-color:#E6E6E6 !important;border-top-width:0px !important;border-right-width:1px !important;border-bottom-width:1px !important;border-left-width:1px !important;margin-top:0px !important;margin-right:0px !important;margin-bottom:0px !important;margin-left:0px !important;}@media screen and (min-width: 768px) and (max-width: 1023px){.stk-2589ac1 {flex:var(--stk-flex-grow, 1) 1 calc(100% - var(--stk-column-gap, 0px) * 0 \/ 1 ) !important;}}<\/style><div class=\"stk-column-wrapper stk-block-column__content stk-container stk-2589ac1-container stk--no-background stk--no-padding\"><div class=\"stk-block-content stk-inner-blocks stk-2589ac1-inner-blocks\">\n<div class=\"wp-block-stackable-image stk-block-image stk-block stk-25d4ee7\" data-block-id=\"25d4ee7\"><figure><span class=\"stk-img-wrapper stk-image--shape-stretch\"><img loading=\"lazy\" decoding=\"async\" class=\"stk-img wp-image-2177\" src=\"https:\/\/www.mpfiltri.com\/wp-content\/uploads\/2025\/01\/mission-vision-media-text.jpg\" width=\"1440\" height=\"922\" alt=\"Mission and vision's media\" srcset=\"https:\/\/www.mpfiltri.com\/wp-content\/uploads\/2025\/01\/mission-vision-media-text.jpg 1440w, https:\/\/www.mpfiltri.com\/wp-content\/uploads\/2025\/01\/mission-vision-media-text-300x192.jpg 300w, https:\/\/www.mpfiltri.com\/wp-content\/uploads\/2025\/01\/mission-vision-media-text-1024x656.jpg 1024w, https:\/\/www.mpfiltri.com\/wp-content\/uploads\/2025\/01\/mission-vision-media-text-768x492.jpg 768w, https:\/\/www.mpfiltri.com\/wp-content\/uploads\/2025\/01\/mission-vision-media-text-655x419.jpg 655w\" sizes=\"auto, (max-width: 1440px) 100vw, 1440px\" \/><\/span><\/figure><\/div>\n<\/div><\/div><\/div>\n\n\n\n<div class=\"wp-block-stackable-column stk-block-column stk-column stk-block stk-bab4331\" data-v=\"4\" data-block-id=\"bab4331\"><style>.stk-bab4331 {border-style:solid !important;border-color:#E6E6E6 !important;border-top-width:0px !important;border-right-width:1px !important;border-bottom-width:1px !important;border-left-width:0px !important;padding-top:60px !important;padding-right:30px !important;padding-bottom:60px !important;padding-left:30px !important;margin-top:0px !important;margin-right:0px !important;margin-bottom:0px !important;margin-left:0px !important;}@media screen and (min-width: 768px) and (max-width: 1023px){.stk-bab4331 {flex:var(--stk-flex-grow, 1) 1 calc(100% - var(--stk-column-gap, 0px) * 0 \/ 1 ) !important;}}<\/style><div class=\"stk-column-wrapper stk-block-column__content stk-container stk-bab4331-container stk--no-background stk--no-padding\"><div class=\"stk-block-content stk-inner-blocks stk-bab4331-inner-blocks\">\n<h2 class=\"wp-block-heading\" id=\"mission\">Mission<\/h2>\n\n\n\n<h3 class=\"wp-block-heading\" id=\"die-exzellenz-im-hydrauliksektor-verkorpern-1\">GLOBALER PARTNER MIT LOKALER PR\u00c4SENZ<\/h3>\n\n\n\n<p>Wir streben kontinuierlich nach technologischer Exzellenz und entwickeln L\u00f6sungen mit Fokus auf Innovation und kontinuierlicher Verbesserung.<br>Die Bed\u00fcrfnisse unserer Kunden und Gesch\u00e4ftspartner werden stets erf\u00fcllt \u2013 dank der Kompetenz und Verf\u00fcgbarkeit unseres Personals an allen Standorten weltweit \u2013 um MP Filtri als globalen Partner mit lokaler Pr\u00e4senz zu etablieren.<\/p>\n\n\n\n<h3 class=\"wp-block-heading\" id=\"analyse\">ANALYSE<\/h3>\n\n\n\n<p>Durch die Analyse der Branche k\u00f6nnen wir Markttrends fr\u00fchzeitig erkennen und jede neue Chance nutzen.<\/p>\n\n\n\n<h3 class=\"wp-block-heading\" id=\"schulung\">SCHULUNG<\/h3>\n\n\n\n<p>Wir verwandeln gesammelte Erfahrung in wertvolles Know-how, das uns hilft, jede Herausforderung zu meistern.<\/p>\n\n\n\n<h3 class=\"wp-block-heading\" id=\"entschlossenheit\">ENTSCHLOSSENHEIT<\/h3>\n\n\n\n<p>Wir setzen unsere Innovationskraft fort, indem wir hohe Reaktionsf\u00e4higkeit mit einer einzigartigen F\u00e4higkeit zur Entwicklung und Markteinf\u00fchrung neuer Produktreihen verbinden.<\/p>\n<\/div><\/div><\/div>\n<\/div><\/div>\n\n\n\n<div class=\"wp-block-stackable-columns stk-block-columns stk-block stk-820bb05 body-lines height-100\" data-block-id=\"820bb05\"><style>.stk-820bb05 {margin-top:0px !important;margin-right:0px !important;margin-bottom:0px !important;margin-left:0px !important;}.stk-820bb05-column{--stk-columns-spacing:0px !important;}<\/style><div class=\"stk-row stk-inner-blocks stk-block-content stk-content-align stk-820bb05-column\">\n<div class=\"wp-block-stackable-column stk-block-column stk-column stk-block stk-745f29b\" data-v=\"4\" data-block-id=\"745f29b\"><div class=\"stk-column-wrapper stk-block-column__content stk-container stk-745f29b-container stk--no-background stk--no-padding\"><div class=\"stk-block-content stk-inner-blocks stk-745f29b-inner-blocks\"><\/div><\/div><\/div>\n\n\n\n<div class=\"wp-block-stackable-column stk-block-column stk-column stk-block stk-0576f85\" data-v=\"4\" data-block-id=\"0576f85\"><div class=\"stk-column-wrapper stk-block-column__content stk-container stk-0576f85-container stk--no-background stk--no-padding\"><div class=\"stk-block-content stk-inner-blocks stk-0576f85-inner-blocks\"><\/div><\/div><\/div>\n<\/div><\/div>\n","protected":false},"excerpt":{"rendered":"<p>Vision MP FILTRI &#8211; SPITZENLEISTUNGEN IM HYDRAULIKSEKTOR Als Unternehmen setzen wir uns voll und ganz daf\u00fcr ein, die Bed\u00fcrfnisse unserer Kunden und Gesch\u00e4ftspartner zu erf\u00fcllen. Unser unternehmerischer Geist pr\u00e4gt unser Denken und Handeln und erm\u00f6glicht, unser Ziel zu erreichen: innovative L\u00f6sungen bereitzustellen sowie die Produktivit\u00e4t und Leistung steigern. Mission GLOBALER PARTNER MIT LOKALER PR\u00c4SENZ Wir [&hellip;]<\/p>\n","protected":false},"author":2,"featured_media":0,"parent":13378,"menu_order":35,"comment_status":"closed","ping_status":"closed","template":"","meta":{"_acf_changed":false,"_gspb_post_css":"","inline_featured_image":false,"_genesis_hide_title":false,"_genesis_hide_breadcrumbs":false,"_genesis_hide_singular_image":false,"_genesis_hide_footer_widgets":false,"_genesis_custom_body_class":"","_genesis_custom_post_class":"","_genesis_layout":"","footnotes":"","_links_to":"","_links_to_target":""},"class_list":{"0":"post-13400","1":"page","2":"type-page","3":"status-publish","5":"entry"},"acf":[],"yoast_head":"<!-- This site is optimized with the Yoast SEO plugin v27.2 - https:\/\/yoast.com\/product\/yoast-seo-wordpress\/ -->\n<title>Mission &amp; Vision \u2013 Hydraulik Filtration<\/title>\n<meta name=\"description\" content=\"Unsere Mission: Innovation in Hydraulikfiltration, Hochdruckfilter, Pumpentr\u00e4ger und Verschmutzungsanzeige f\u00fcr zuverl\u00e4ssige Systeme.\" \/>\n<meta name=\"robots\" content=\"index, follow, max-snippet:-1, max-image-preview:large, max-video-preview:-1\" \/>\n<link rel=\"canonical\" href=\"https:\/\/www.mpfiltri.com\/de\/unternehmen\/mission-vision\/\" \/>\n<meta property=\"og:locale\" content=\"de_DE\" \/>\n<meta property=\"og:type\" content=\"article\" \/>\n<meta property=\"og:title\" content=\"Mission &amp; Vision \u2013 Hydraulik Filtration\" \/>\n<meta property=\"og:description\" content=\"Unsere Mission: Innovation in Hydraulikfiltration, Hochdruckfilter, Pumpentr\u00e4ger und Verschmutzungsanzeige f\u00fcr zuverl\u00e4ssige Systeme.\" \/>\n<meta property=\"og:url\" content=\"https:\/\/www.mpfiltri.com\/de\/unternehmen\/mission-vision\/\" \/>\n<meta property=\"og:site_name\" content=\"MP Filtri\" \/>\n<meta property=\"article:publisher\" content=\"https:\/\/www.facebook.com\/MPFiltriITA\" \/>\n<meta property=\"article:modified_time\" content=\"2025-11-19T07:14:49+00:00\" \/>\n<meta property=\"og:image\" content=\"https:\/\/www.mpfiltri.com\/wp-content\/uploads\/2025\/09\/mission-vision.jpg\" \/>\n\t<meta property=\"og:image:width\" content=\"630\" \/>\n\t<meta property=\"og:image:height\" content=\"459\" \/>\n\t<meta property=\"og:image:type\" content=\"image\/jpeg\" \/>\n<meta name=\"twitter:card\" content=\"summary_large_image\" \/>\n<meta name=\"twitter:label1\" content=\"Gesch\u00e4tzte Lesezeit\" \/>\n\t<meta name=\"twitter:data1\" content=\"2\u00a0Minuten\" \/>\n<script type=\"application\/ld+json\" class=\"yoast-schema-graph\">{\"@context\":\"https:\/\/schema.org\",\"@graph\":[{\"@type\":\"WebPage\",\"@id\":\"https:\/\/www.mpfiltri.com\/de\/unternehmen\/mission-vision\/\",\"url\":\"https:\/\/www.mpfiltri.com\/de\/unternehmen\/mission-vision\/\",\"name\":\"Mission & Vision \u2013 Hydraulik Filtration\",\"isPartOf\":{\"@id\":\"https:\/\/www.mpfiltri.com\/de\/#website\"},\"primaryImageOfPage\":{\"@id\":\"https:\/\/www.mpfiltri.com\/de\/unternehmen\/mission-vision\/#primaryimage\"},\"image\":{\"@id\":\"https:\/\/www.mpfiltri.com\/de\/unternehmen\/mission-vision\/#primaryimage\"},\"thumbnailUrl\":\"https:\/\/www.mpfiltri.com\/wp-content\/uploads\/2025\/09\/mission-vision.jpg\",\"datePublished\":\"2024-12-11T09:43:25+00:00\",\"dateModified\":\"2025-11-19T07:14:49+00:00\",\"description\":\"Unsere Mission: Innovation in Hydraulikfiltration, Hochdruckfilter, Pumpentr\u00e4ger und Verschmutzungsanzeige f\u00fcr zuverl\u00e4ssige Systeme.\",\"breadcrumb\":{\"@id\":\"https:\/\/www.mpfiltri.com\/de\/unternehmen\/mission-vision\/#breadcrumb\"},\"inLanguage\":\"de\",\"potentialAction\":[{\"@type\":\"ReadAction\",\"target\":[\"https:\/\/www.mpfiltri.com\/de\/unternehmen\/mission-vision\/\"]}]},{\"@type\":\"ImageObject\",\"inLanguage\":\"de\",\"@id\":\"https:\/\/www.mpfiltri.com\/de\/unternehmen\/mission-vision\/#primaryimage\",\"url\":\"https:\/\/www.mpfiltri.com\/wp-content\/uploads\/2025\/09\/mission-vision.jpg\",\"contentUrl\":\"https:\/\/www.mpfiltri.com\/wp-content\/uploads\/2025\/09\/mission-vision.jpg\"},{\"@type\":\"BreadcrumbList\",\"@id\":\"https:\/\/www.mpfiltri.com\/de\/unternehmen\/mission-vision\/#breadcrumb\",\"itemListElement\":[{\"@type\":\"ListItem\",\"position\":1,\"name\":\"Home\",\"item\":\"https:\/\/www.mpfiltri.com\/de\/\"},{\"@type\":\"ListItem\",\"position\":2,\"name\":\"Unternehmen\",\"item\":\"https:\/\/www.mpfiltri.com\/de\/unternehmen\/\"},{\"@type\":\"ListItem\",\"position\":3,\"name\":\"Vision &amp; Mission\"}]},{\"@type\":\"WebSite\",\"@id\":\"https:\/\/www.mpfiltri.com\/de\/#website\",\"url\":\"https:\/\/www.mpfiltri.com\/de\/\",\"name\":\"MP Filtri\",\"description\":\"\",\"publisher\":{\"@id\":\"https:\/\/www.mpfiltri.com\/de\/#organization\"},\"potentialAction\":[{\"@type\":\"SearchAction\",\"target\":{\"@type\":\"EntryPoint\",\"urlTemplate\":\"https:\/\/www.mpfiltri.com\/de\/?s={search_term_string}\"},\"query-input\":{\"@type\":\"PropertyValueSpecification\",\"valueRequired\":true,\"valueName\":\"search_term_string\"}}],\"inLanguage\":\"de\"},{\"@type\":\"Organization\",\"@id\":\"https:\/\/www.mpfiltri.com\/de\/#organization\",\"name\":\"MP Filtri\",\"url\":\"https:\/\/www.mpfiltri.com\/de\/\",\"logo\":{\"@type\":\"ImageObject\",\"inLanguage\":\"de\",\"@id\":\"https:\/\/www.mpfiltri.com\/de\/#\/schema\/logo\/image\/\",\"url\":\"\",\"contentUrl\":\"\",\"caption\":\"MP Filtri\"},\"image\":{\"@id\":\"https:\/\/www.mpfiltri.com\/de\/#\/schema\/logo\/image\/\"},\"sameAs\":[\"https:\/\/www.facebook.com\/MPFiltriITA\",\"https:\/\/www.instagram.com\/mpfiltri\/\",\"https:\/\/www.youtube.com\/channel\/UCCzNMySYc1c4M-2B4v0K_QA?view_as=subscriber\",\"https:\/\/www.linkedin.com\/company\/mp-filtri-spa\/\"]}]}<\/script>\n<!-- \/ Yoast SEO plugin. -->","yoast_head_json":{"title":"Mission & Vision \u2013 Hydraulik Filtration","description":"Unsere Mission: Innovation in Hydraulikfiltration, Hochdruckfilter, Pumpentr\u00e4ger und Verschmutzungsanzeige f\u00fcr zuverl\u00e4ssige Systeme.","robots":{"index":"index","follow":"follow","max-snippet":"max-snippet:-1","max-image-preview":"max-image-preview:large","max-video-preview":"max-video-preview:-1"},"canonical":"https:\/\/www.mpfiltri.com\/de\/unternehmen\/mission-vision\/","og_locale":"de_DE","og_type":"article","og_title":"Mission & Vision \u2013 Hydraulik Filtration","og_description":"Unsere Mission: Innovation in Hydraulikfiltration, Hochdruckfilter, Pumpentr\u00e4ger und Verschmutzungsanzeige f\u00fcr zuverl\u00e4ssige Systeme.","og_url":"https:\/\/www.mpfiltri.com\/de\/unternehmen\/mission-vision\/","og_site_name":"MP Filtri","article_publisher":"https:\/\/www.facebook.com\/MPFiltriITA","article_modified_time":"2025-11-19T07:14:49+00:00","og_image":[{"width":630,"height":459,"url":"https:\/\/www.mpfiltri.com\/wp-content\/uploads\/2025\/09\/mission-vision.jpg","type":"image\/jpeg"}],"twitter_card":"summary_large_image","twitter_misc":{"Gesch\u00e4tzte Lesezeit":"2\u00a0Minuten"},"schema":{"@context":"https:\/\/schema.org","@graph":[{"@type":"WebPage","@id":"https:\/\/www.mpfiltri.com\/de\/unternehmen\/mission-vision\/","url":"https:\/\/www.mpfiltri.com\/de\/unternehmen\/mission-vision\/","name":"Mission & Vision \u2013 Hydraulik Filtration","isPartOf":{"@id":"https:\/\/www.mpfiltri.com\/de\/#website"},"primaryImageOfPage":{"@id":"https:\/\/www.mpfiltri.com\/de\/unternehmen\/mission-vision\/#primaryimage"},"image":{"@id":"https:\/\/www.mpfiltri.com\/de\/unternehmen\/mission-vision\/#primaryimage"},"thumbnailUrl":"https:\/\/www.mpfiltri.com\/wp-content\/uploads\/2025\/09\/mission-vision.jpg","datePublished":"2024-12-11T09:43:25+00:00","dateModified":"2025-11-19T07:14:49+00:00","description":"Unsere Mission: Innovation in Hydraulikfiltration, Hochdruckfilter, Pumpentr\u00e4ger und Verschmutzungsanzeige f\u00fcr zuverl\u00e4ssige Systeme.","breadcrumb":{"@id":"https:\/\/www.mpfiltri.com\/de\/unternehmen\/mission-vision\/#breadcrumb"},"inLanguage":"de","potentialAction":[{"@type":"ReadAction","target":["https:\/\/www.mpfiltri.com\/de\/unternehmen\/mission-vision\/"]}]},{"@type":"ImageObject","inLanguage":"de","@id":"https:\/\/www.mpfiltri.com\/de\/unternehmen\/mission-vision\/#primaryimage","url":"https:\/\/www.mpfiltri.com\/wp-content\/uploads\/2025\/09\/mission-vision.jpg","contentUrl":"https:\/\/www.mpfiltri.com\/wp-content\/uploads\/2025\/09\/mission-vision.jpg"},{"@type":"BreadcrumbList","@id":"https:\/\/www.mpfiltri.com\/de\/unternehmen\/mission-vision\/#breadcrumb","itemListElement":[{"@type":"ListItem","position":1,"name":"Home","item":"https:\/\/www.mpfiltri.com\/de\/"},{"@type":"ListItem","position":2,"name":"Unternehmen","item":"https:\/\/www.mpfiltri.com\/de\/unternehmen\/"},{"@type":"ListItem","position":3,"name":"Vision &amp; Mission"}]},{"@type":"WebSite","@id":"https:\/\/www.mpfiltri.com\/de\/#website","url":"https:\/\/www.mpfiltri.com\/de\/","name":"MP Filtri","description":"","publisher":{"@id":"https:\/\/www.mpfiltri.com\/de\/#organization"},"potentialAction":[{"@type":"SearchAction","target":{"@type":"EntryPoint","urlTemplate":"https:\/\/www.mpfiltri.com\/de\/?s={search_term_string}"},"query-input":{"@type":"PropertyValueSpecification","valueRequired":true,"valueName":"search_term_string"}}],"inLanguage":"de"},{"@type":"Organization","@id":"https:\/\/www.mpfiltri.com\/de\/#organization","name":"MP Filtri","url":"https:\/\/www.mpfiltri.com\/de\/","logo":{"@type":"ImageObject","inLanguage":"de","@id":"https:\/\/www.mpfiltri.com\/de\/#\/schema\/logo\/image\/","url":"","contentUrl":"","caption":"MP Filtri"},"image":{"@id":"https:\/\/www.mpfiltri.com\/de\/#\/schema\/logo\/image\/"},"sameAs":["https:\/\/www.facebook.com\/MPFiltriITA","https:\/\/www.instagram.com\/mpfiltri\/","https:\/\/www.youtube.com\/channel\/UCCzNMySYc1c4M-2B4v0K_QA?view_as=subscriber","https:\/\/www.linkedin.com\/company\/mp-filtri-spa\/"]}]}},"featured_image_src":null,"featured_image_src_square":null,"_links":{"self":[{"href":"https:\/\/www.mpfiltri.com\/de\/wp-json\/wp\/v2\/pages\/13400","targetHints":{"allow":["GET"]}}],"collection":[{"href":"https:\/\/www.mpfiltri.com\/de\/wp-json\/wp\/v2\/pages"}],"about":[{"href":"https:\/\/www.mpfiltri.com\/de\/wp-json\/wp\/v2\/types\/page"}],"author":[{"embeddable":true,"href":"https:\/\/www.mpfiltri.com\/de\/wp-json\/wp\/v2\/users\/2"}],"replies":[{"embeddable":true,"href":"https:\/\/www.mpfiltri.com\/de\/wp-json\/wp\/v2\/comments?post=13400"}],"version-history":[{"count":9,"href":"https:\/\/www.mpfiltri.com\/de\/wp-json\/wp\/v2\/pages\/13400\/revisions"}],"predecessor-version":[{"id":70935,"href":"https:\/\/www.mpfiltri.com\/de\/wp-json\/wp\/v2\/pages\/13400\/revisions\/70935"}],"up":[{"embeddable":true,"href":"https:\/\/www.mpfiltri.com\/de\/wp-json\/wp\/v2\/pages\/13378"}],"wp:attachment":[{"href":"https:\/\/www.mpfiltri.com\/de\/wp-json\/wp\/v2\/media?parent=13400"}],"curies":[{"name":"wp","href":"https:\/\/api.w.org\/{rel}","templated":true}]}}